{"id":3201,"date":"2025-11-02T11:11:31","date_gmt":"2025-11-02T11:11:31","guid":{"rendered":"https:\/\/cantabrico.cat\/?page_id=3201"},"modified":"2025-11-28T10:06:20","modified_gmt":"2025-11-28T10:06:20","slug":"politica-de-cookies","status":"publish","type":"page","link":"https:\/\/cantabrico.cat\/es\/politica-de-cookies\/","title":{"rendered":"Pol\u00edtica de cookies"},"content":{"rendered":"\t\t<div data-elementor-type=\"wp-page\" data-elementor-id=\"3201\" class=\"elementor elementor-3201\">\n\t\t\t\t<div class=\"elementor-element elementor-element-e3f828a e-flex e-con-boxed wpr-sticky-section-no e-con e-parent\" data-id=\"e3f828a\" data-element_type=\"container\" data-settings=\"{&quot;background_background&quot;:&quot;classic&quot;}\">\n\t\t\t\t\t<div class=\"e-con-inner\">\n\t\t<div class=\"elementor-element elementor-element-751face e-con-full e-flex wpr-sticky-section-no e-con e-child\" data-id=\"751face\" data-element_type=\"container\">\n\t\t\t\t<div class=\"elementor-element elementor-element-30ed936 elementor-widget elementor-widget-heading\" data-id=\"30ed936\" data-element_type=\"widget\" data-settings=\"{&quot;_animation&quot;:&quot;none&quot;}\" data-widget_type=\"heading.default\">\n\t\t\t\t\t<h1 class=\"elementor-heading-title elementor-size-default\">Pol\u00edtica de cookies<\/h1>\t\t\t\t<\/div>\n\t\t\t\t<\/div>\n\t\t\t\t\t<\/div>\n\t\t\t\t<\/div>\n\t\t\t\t<section class=\"elementor-section elementor-top-section elementor-element elementor-element-fdc5b83 elementor-reverse-mobile elementor-section-boxed elementor-section-height-default elementor-section-height-default wpr-sticky-section-no\" data-id=\"fdc5b83\" data-element_type=\"section\" data-settings=\"{&quot;background_background&quot;:&quot;classic&quot;}\">\n\t\t\t\t\t\t<div class=\"elementor-container elementor-column-gap-default\">\n\t\t\t\t\t<div class=\"elementor-column elementor-col-100 elementor-top-column elementor-element elementor-element-cb97029\" data-id=\"cb97029\" data-element_type=\"column\">\n\t\t\t<div class=\"elementor-widget-wrap elementor-element-populated\">\n\t\t\t\t\t\t<div class=\"elementor-element elementor-element-8c17eae elementor-widget elementor-widget-text-editor\" data-id=\"8c17eae\" data-element_type=\"widget\" data-settings=\"{&quot;_animation&quot;:&quot;none&quot;,&quot;_animation_delay&quot;:200}\" data-widget_type=\"text-editor.default\">\n\t\t\t\t\t\t\t\t\t<p class=\"p1\"><span class=\"s1\">Esta <strong>Pol\u00edtica de Cookies<\/strong> forma parte de la <strong>Pol\u00edtica de Privacidad<\/strong> del sitio web alojado bajo el nombre de dominio <em><strong>www.cantabrico.cat<\/strong><\/em> (el \u201cSitio web\u201d) y bajo cualquiera de los subdominios o p\u00e1ginas web dependientes del mismo.<\/span><\/p><p class=\"p1\"><span class=\"s1\">Como se indica en la Pol\u00edtica de Privacidad de <strong>CATERING CANTABRICO, S.L.<\/strong>, siempre que los Usuarios presten su consentimiento, se recopila informaci\u00f3n sobre sus visitas y el uso de nuestros servicios para garantizar el acceso a determinadas funcionalidades, facilitar el uso y la navegaci\u00f3n a trav\u00e9s del Sitio web, y realizar estad\u00edsticas sobre el uso y la eficacia de los servicios mediante el estudio de los h\u00e1bitos de navegaci\u00f3n de los Usuarios. Para ello, utilizamos diversas tecnolog\u00edas como *scripts, etiquetas, balizas de almacenamiento local y las conocidas como \u201ccookies\u201d.<\/span><\/p><p class=\"p1\"><strong><span class=\"s1\">\u00bfQu\u00e9 es una *cookie?<\/span><\/strong><\/p><p class=\"p1\"><span class=\"s1\">Una *cookie es un peque\u00f1o archivo de informaci\u00f3n que se descarga en el terminal del Usuario (ya sea un ordenador, tel\u00e9fono inteligente o tableta) cuando este accede a una p\u00e1gina web y que permite al titular de esta p\u00e1gina almacenar o recuperar determinada informaci\u00f3n.<\/span><\/p><p class=\"p1\"><span class=\"s1\">Las cookies se utilizan habitualmente para medir el uso de los sitios web, como el n\u00famero de visitantes, duraci\u00f3n de la visita y su eficacia, y facilitar la navegaci\u00f3n o el uso y, consecuentemente, no est\u00e1n asociadas a ninguna informaci\u00f3n de car\u00e1cter personal. No obstante, tambi\u00e9n se utilizan para personalizar la experiencia de un visitante conocido en un sitio web al asociarse a su informaci\u00f3n de perfil o preferencias de usuario. Al ofrecer informaci\u00f3n sobre los h\u00e1bitos de navegaci\u00f3n de los Usuarios pueden afectar la privacidad de estos, por este motivo, <strong>CATERING CANTABRICO, S.L.<\/strong> ofrece a sus Usuarios la informaci\u00f3n necesaria sobre las cookies utilizadas por <strong>CATERING CANTABRICO, S.L.<\/strong> para que dispongan de la informaci\u00f3n relevante al decidir si consienten su utilizaci\u00f3n.<\/span><\/p><p class=\"p1\"><strong><span class=\"s1\">\u00bfPor qu\u00e9 usamos cookies?<\/span><\/strong><\/p><p class=\"p1\"><span class=\"s1\">Utilizamos cookies para obtener m\u00e1s informaci\u00f3n sobre la forma en que los Usuarios utilizan nuestros contenidos y mejorar su experiencia cuando visitan nuestro Sitio web.<\/span><\/p><p class=\"p1\"><span class=\"s1\">Cuando el Usuario acceda al Sitio web, se le ofrecer\u00e1 informaci\u00f3n sobre el uso de esta tecnolog\u00eda y se solicitar\u00e1 que nos otorgue de manera expresa su consentimiento para ello. Al respecto, se informa a los Usuarios que para poder utilizar todos los servicios y funcionalidades del Sitio web ser\u00e1 necesario habilitar determinadas cookies en el navegador de Internet y, si el Usuario deniega este consentimiento, el acceso al mismo podr\u00eda quedar impedido.<\/span><\/p><p class=\"p1\"><span class=\"s1\">En cualquier momento, el Usuario podr\u00e1 retirar su consentimiento al uso de esta tecnolog\u00eda mediante las funciones de su navegador, desactivando las cookies o bloqueando la posibilidad de que se descarguen en el equipo o dispositivo. Consulte el apartado \u201c\u00bfC\u00f3mo rechazar las cookies?\u201d de este documento para obtener m\u00e1s informaci\u00f3n sobre este tema.<\/span><\/p><p class=\"p1\"><strong><span class=\"s1\">Tipos de cookies<\/span><\/strong><\/p><p class=\"p1\"><strong><span class=\"s1\">En el Sitio web se utilizan los siguientes tipos de cookies:<\/span><\/strong><\/p><p class=\"p1\"><strong><span class=\"s1\">Seg\u00fan la entidad que las gestione:<\/span><\/strong><\/p><p class=\"p1\"><span class=\"s1\"><strong>Propias:<\/strong> son aquellas que se env\u00edan al equipo terminal del usuario desde un equipo o dominio gestionado por el propio editor y desde el cual se presta el servicio solicitado por el usuario.<\/span><\/p><p class=\"p1\"><span class=\"s1\"><strong>De terceros:<\/strong> son aquellas que se env\u00edan al equipo terminal del usuario desde un equipo o dominio que no es gestionado por el propio editor, sino por otra entidad que trata los datos obtenidos a trav\u00e9s de las cookies.<\/span><\/p><p class=\"p1\"><strong><span class=\"s1\">Seg\u00fan el plazo de tiempo que permanecen activas:<\/span><\/strong><\/p><p class=\"p1\"><span class=\"s1\"><strong>Cookies de sesi\u00f3n:<\/strong> son un tipo de cookies dise\u00f1adas para recopilar y almacenar datos mientras el usuario accede a una p\u00e1gina web. Expiran una vez el usuario abandona el Sitio web.<\/span><\/p><p class=\"p1\"><span class=\"s1\"><strong>Cookies persistentes:<\/strong> son un tipo de cookies en las que los datos permanecen almacenados en el terminal y pueden ser accedidos y tratados durante un per\u00edodo de tiempo definido por el responsable de la *cookie, que puede ir de unos minutos a varios a\u00f1os.<\/span><\/p><p class=\"p1\"><strong><span class=\"s1\">Seg\u00fan su finalidad:<\/span><\/strong><\/p><p class=\"p1\"><span class=\"s1\"><strong>Cookies t\u00e9cnicas:<\/strong> permiten al usuario la navegaci\u00f3n a trav\u00e9s del Sitio web y la utilizaci\u00f3n de sus diferentes opciones o servicios.<\/span><\/p><p class=\"p1\"><span class=\"s1\"><strong>Cookies de an\u00e1lisis:<\/strong> permiten cuantificar el n\u00famero de usuarios y el tiempo de conexi\u00f3n de los mismos y as\u00ed realizar la medici\u00f3n y an\u00e1lisis estad\u00edstico del uso que hacen de los servicios ofrecidos con la finalidad de mejorar la oferta que se ofrece a los usuarios.<\/span><\/p><p class=\"p1\"><span class=\"s1\"><strong>Cookies de publicidad comportamental:<\/strong> estas cookies almacenan informaci\u00f3n sobre el comportamiento de los usuarios, la cual ha sido obtenida mediante la observaci\u00f3n y seguimiento continuado de sus h\u00e1bitos de navegaci\u00f3n.<\/span><\/p><p class=\"p1\"><strong><span class=\"s1\">\u00bfC\u00f3mo se rechazan las cookies?<\/span><\/strong><\/p><p class=\"p1\"><span class=\"s1\">En cualquier momento, puede impedir la instalaci\u00f3n de cookies en su equipo mediante la opci\u00f3n correspondiente de su navegador (funci\u00f3n de ayuda). En este caso, no podremos asegurarle el correcto funcionamiento de las diferentes funcionalidades de nuestro Sitio web.<\/span><\/p><p class=\"p1\"><strong><span class=\"s1\">Aqu\u00ed dispone de los enlaces para la gesti\u00f3n y bloqueo de cookies seg\u00fan el navegador que utilice:<\/span><\/strong><\/p><table width=\"100%\"><tbody><tr><td width=\"15%\"><strong>Chrome<\/strong><\/td><td width=\"85%\"><a href=\"http:\/\/support.google.com\/chrome\/answer\/95647?hl=es\" target=\"_blank\" rel=\"nofollow noopener\">http:\/\/support.google.com\/chrome\/answer\/95647?hl=es<\/a><\/td><\/tr><tr><td width=\"15%\"><strong>Edge<\/strong><\/td><td width=\"85%\"><a href=\"https:\/\/support.microsoft.com\/es-es\/microsoft-edge\/eliminar-las-cookies-en-microsoft-edge-63947406-40ac-c3b8-57b9-2a946a29ae09\" target=\"_blank\" rel=\"nofollow noopener\">https:\/\/support.microsoft.com\/es-es\/microsoft-edge\/eliminar-las-cookies-en-microsoft-edge-63947406-40ac-c3b8-57b9-2a946a29ae09<\/a><\/td><\/tr><tr><td width=\"15%\"><strong>Explorer<\/strong><\/td><td width=\"85%\"><a href=\"https:\/\/support.microsoft.com\/es-es\/help\/278835\/how-to-delete-cookie-files-in-internet-explorer\" target=\"_blank\" rel=\"nofollow noopener\">https:\/\/support.microsoft.com\/es-es\/help\/278835\/how-to-delete-cookie-files-in-internet-explorer<\/a><\/td><\/tr><tr><td width=\"15%\"><strong>Firefox<\/strong><\/td><td width=\"85%\"><a href=\"https:\/\/www.mozilla.org\/es-ES\/privacy\/websites\/#cookies\" target=\"_blank\" rel=\"nofollow noopener\">https:\/\/www.mozilla.org\/es-ES\/privacy\/websites\/#cookies<\/a><\/td><\/tr><tr><td width=\"15%\"><strong>Safari<\/strong><\/td><td width=\"85%\"><a href=\"https:\/\/support.apple.com\/es-es\/guide\/safari\/sfri11471\/mac\" target=\"_blank\" rel=\"nofollow noopener\">https:\/\/support.apple.com\/es-es\/guide\/safari\/sfri11471\/mac<\/a><\/td><\/tr><tr><td width=\"15%\"><strong>Opera<\/strong><\/td><td width=\"85%\"><a href=\"https:\/\/help.opera.com\/en\/latest\/security-and-privacy\/#clearBrowsingData\" target=\"_blank\" rel=\"nofollow noopener\">https:\/\/help.opera.com\/en\/latest\/security-and-privacy\/#clearBrowsingData<\/a><\/td><\/tr><\/tbody><\/table><p class=\"p1\"><strong><span class=\"s1\">Modificaciones de la Pol\u00edtica de Cookies<\/span><\/strong><\/p><p class=\"p1\"><span class=\"s1\">Es posible que actualicemos la pol\u00edtica de cookies del Sitio web debido a exigencias de la normativa aplicable en cada momento, motivos t\u00e9cnicos y cambios en los servicios ofrecidos por <strong>CATERING CANTABRICO, S.L.<\/strong>. Por ello, le recomendamos revisar esta pol\u00edtica cada vez que acceda a nuestro Sitio web con el objetivo de estar adecuadamente informado sobre c\u00f3mo y para qu\u00e9 usamos las cookies y otras tecnolog\u00edas.<\/span><\/p>\t\t\t\t\t\t\t\t<\/div>\n\t\t\t\t\t<\/div>\n\t\t<\/div>\n\t\t\t\t\t<\/div>\n\t\t<\/section>\n\t\t\t\t<\/div>\n\t\t","protected":false},"excerpt":{"rendered":"<p>Pol\u00edtica de cookies Esta Pol\u00edtica de Cookies forma parte de la Pol\u00edtica de Privacidad del sitio web alojado bajo el nombre de dominio www.cantabrico.cat (el \u201cSitio web\u201d) y bajo cualquiera de los subdominios o p\u00e1ginas web dependientes del mismo. Como se indica en la Pol\u00edtica de Privacidad de CATERING CANTABRICO, S.L., siempre que los Usuarios presten su consentimiento, se recopila informaci\u00f3n sobre sus visitas y el uso de nuestros servicios para garantizar el acceso a determinadas funcionalidades, facilitar el uso y la navegaci\u00f3n a trav\u00e9s del Sitio web, y realizar estad\u00edsticas sobre el uso y la eficacia de los servicios mediante el estudio de los h\u00e1bitos de navegaci\u00f3n de los Usuarios. Para ello, utilizamos diversas tecnolog\u00edas como *scripts, etiquetas, balizas de almacenamiento local y las conocidas como \u201ccookies\u201d. \u00bfQu\u00e9 es una *cookie? Una *cookie es un peque\u00f1o archivo de informaci\u00f3n que se descarga en el terminal del Usuario (ya sea un ordenador, tel\u00e9fono inteligente o tableta) cuando este accede a una p\u00e1gina web y que permite al titular de esta p\u00e1gina almacenar o recuperar determinada informaci\u00f3n. Las cookies se utilizan habitualmente para medir el uso de los sitios web, como el n\u00famero de visitantes, duraci\u00f3n de la visita y su eficacia, y facilitar la navegaci\u00f3n o el uso y, consecuentemente, no est\u00e1n asociadas a ninguna informaci\u00f3n de car\u00e1cter personal. No obstante, tambi\u00e9n se utilizan para personalizar la experiencia de un visitante conocido en un sitio web al asociarse a su informaci\u00f3n de perfil o preferencias de usuario. Al ofrecer informaci\u00f3n sobre los h\u00e1bitos de navegaci\u00f3n de los Usuarios pueden afectar la privacidad de estos, por este motivo, CATERING CANTABRICO, S.L. ofrece a sus Usuarios la informaci\u00f3n necesaria sobre las cookies utilizadas por CATERING CANTABRICO, S.L. para que dispongan de la informaci\u00f3n relevante al decidir si consienten su utilizaci\u00f3n. \u00bfPor qu\u00e9 usamos cookies? Utilizamos cookies para obtener m\u00e1s informaci\u00f3n sobre la forma en que los Usuarios utilizan nuestros contenidos y mejorar su experiencia cuando visitan nuestro Sitio web. Cuando el Usuario acceda al Sitio web, se le ofrecer\u00e1 informaci\u00f3n sobre el uso de esta tecnolog\u00eda y se solicitar\u00e1 que nos otorgue de manera expresa su consentimiento para ello. Al respecto, se informa a los Usuarios que para poder utilizar todos los servicios y funcionalidades del Sitio web ser\u00e1 necesario habilitar determinadas cookies en el navegador de Internet y, si el Usuario deniega este consentimiento, el acceso al mismo podr\u00eda quedar impedido. En cualquier momento, el Usuario podr\u00e1 retirar su consentimiento al uso de esta tecnolog\u00eda mediante las funciones de su navegador, desactivando las cookies o bloqueando la posibilidad de que se descarguen en el equipo o dispositivo. Consulte el apartado \u201c\u00bfC\u00f3mo rechazar las cookies?\u201d de este documento para obtener m\u00e1s informaci\u00f3n sobre este tema. Tipos de cookies En el Sitio web se utilizan los siguientes tipos de cookies: Seg\u00fan la entidad que las gestione: Propias: son aquellas que se env\u00edan al equipo terminal del usuario desde un equipo o dominio gestionado por el propio editor y desde el cual se presta el servicio solicitado por el usuario. De terceros: son aquellas que se env\u00edan al equipo terminal del usuario desde un equipo o dominio que no es gestionado por el propio editor, sino por otra entidad que trata los datos obtenidos a trav\u00e9s de las cookies. Seg\u00fan el plazo de tiempo que permanecen activas: Cookies de sesi\u00f3n: son un tipo de cookies dise\u00f1adas para recopilar y almacenar datos mientras el usuario accede a una p\u00e1gina web. Expiran una vez el usuario abandona el Sitio web. Cookies persistentes: son un tipo de cookies en las que los datos permanecen almacenados en el terminal y pueden ser accedidos y tratados durante un per\u00edodo de tiempo definido por el responsable de la *cookie, que puede ir de unos minutos a varios a\u00f1os. Seg\u00fan su finalidad: Cookies t\u00e9cnicas: permiten al usuario la navegaci\u00f3n a trav\u00e9s del Sitio web y la utilizaci\u00f3n de sus diferentes opciones o servicios. Cookies de an\u00e1lisis: permiten cuantificar el n\u00famero de usuarios y el tiempo de conexi\u00f3n de los mismos y as\u00ed realizar la medici\u00f3n y an\u00e1lisis estad\u00edstico del uso que hacen de los servicios ofrecidos con la finalidad de mejorar la oferta que se ofrece a los usuarios. Cookies de publicidad comportamental: estas cookies almacenan informaci\u00f3n sobre el comportamiento de los usuarios, la cual ha sido obtenida mediante la observaci\u00f3n y seguimiento continuado de sus h\u00e1bitos de navegaci\u00f3n. \u00bfC\u00f3mo se rechazan las cookies? En cualquier momento, puede impedir la instalaci\u00f3n de cookies en su equipo mediante la opci\u00f3n correspondiente de su navegador (funci\u00f3n de ayuda). En este caso, no podremos asegurarle el correcto funcionamiento de las diferentes funcionalidades de nuestro Sitio web. Aqu\u00ed dispone de los enlaces para la gesti\u00f3n y bloqueo de cookies seg\u00fan el navegador que utilice: Chrome http:\/\/support.google.com\/chrome\/answer\/95647?hl=es Edge https:\/\/support.microsoft.com\/es-es\/microsoft-edge\/eliminar-las-cookies-en-microsoft-edge-63947406-40ac-c3b8-57b9-2a946a29ae09 Explorer https:\/\/support.microsoft.com\/es-es\/help\/278835\/how-to-delete-cookie-files-in-internet-explorer Firefox https:\/\/www.mozilla.org\/es-ES\/privacy\/websites\/#cookies Safari https:\/\/support.apple.com\/es-es\/guide\/safari\/sfri11471\/mac Opera https:\/\/help.opera.com\/en\/latest\/security-and-privacy\/#clearBrowsingData Modificaciones de la Pol\u00edtica de Cookies Es posible que actualicemos la pol\u00edtica de cookies del Sitio web debido a exigencias de la normativa aplicable en cada momento, motivos t\u00e9cnicos y cambios en los servicios ofrecidos por CATERING CANTABRICO, S.L.. Por ello, le recomendamos revisar esta pol\u00edtica cada vez que acceda a nuestro Sitio web con el objetivo de estar adecuadamente informado sobre c\u00f3mo y para qu\u00e9 usamos las cookies y otras tecnolog\u00edas.<\/p>\n","protected":false},"author":1,"featured_media":0,"parent":0,"menu_order":0,"comment_status":"closed","ping_status":"closed","template":"elementor_canvas","meta":{"footnotes":""},"class_list":["post-3201","page","type-page","status-publish","hentry"],"_links":{"self":[{"href":"https:\/\/cantabrico.cat\/es\/wp-json\/wp\/v2\/pages\/3201","targetHints":{"allow":["GET"]}}],"collection":[{"href":"https:\/\/cantabrico.cat\/es\/wp-json\/wp\/v2\/pages"}],"about":[{"href":"https:\/\/cantabrico.cat\/es\/wp-json\/wp\/v2\/types\/page"}],"author":[{"embeddable":true,"href":"https:\/\/cantabrico.cat\/es\/wp-json\/wp\/v2\/users\/1"}],"replies":[{"embeddable":true,"href":"https:\/\/cantabrico.cat\/es\/wp-json\/wp\/v2\/comments?post=3201"}],"version-history":[{"count":4,"href":"https:\/\/cantabrico.cat\/es\/wp-json\/wp\/v2\/pages\/3201\/revisions"}],"predecessor-version":[{"id":3206,"href":"https:\/\/cantabrico.cat\/es\/wp-json\/wp\/v2\/pages\/3201\/revisions\/3206"}],"wp:attachment":[{"href":"https:\/\/cantabrico.cat\/es\/wp-json\/wp\/v2\/media?parent=3201"}],"curies":[{"name":"wp","href":"https:\/\/api.w.org\/{rel}","templated":true}]}}