{"id":3131,"date":"2025-10-29T22:33:45","date_gmt":"2025-10-29T22:33:45","guid":{"rendered":"https:\/\/cantabrico.cat\/?page_id=3131"},"modified":"2025-11-28T10:06:04","modified_gmt":"2025-11-28T10:06:04","slug":"aviso-legal","status":"publish","type":"page","link":"https:\/\/cantabrico.cat\/es\/aviso-legal\/","title":{"rendered":"Aviso legal"},"content":{"rendered":"\t\t<div data-elementor-type=\"wp-page\" data-elementor-id=\"3131\" class=\"elementor elementor-3131\">\n\t\t\t\t<div class=\"elementor-element elementor-element-e3f828a e-flex e-con-boxed wpr-sticky-section-no e-con e-parent\" data-id=\"e3f828a\" data-element_type=\"container\" data-settings=\"{&quot;background_background&quot;:&quot;classic&quot;}\">\n\t\t\t\t\t<div class=\"e-con-inner\">\n\t\t<div class=\"elementor-element elementor-element-751face e-con-full e-flex wpr-sticky-section-no e-con e-child\" data-id=\"751face\" data-element_type=\"container\">\n\t\t\t\t<div class=\"elementor-element elementor-element-30ed936 elementor-widget elementor-widget-heading\" data-id=\"30ed936\" data-element_type=\"widget\" data-settings=\"{&quot;_animation&quot;:&quot;none&quot;}\" data-widget_type=\"heading.default\">\n\t\t\t\t\t<h1 class=\"elementor-heading-title elementor-size-default\">Aviso legal<\/h1>\t\t\t\t<\/div>\n\t\t\t\t<\/div>\n\t\t\t\t\t<\/div>\n\t\t\t\t<\/div>\n\t\t\t\t<section class=\"elementor-section elementor-top-section elementor-element elementor-element-fdc5b83 elementor-reverse-mobile elementor-section-boxed elementor-section-height-default elementor-section-height-default wpr-sticky-section-no\" data-id=\"fdc5b83\" data-element_type=\"section\" data-settings=\"{&quot;background_background&quot;:&quot;classic&quot;}\">\n\t\t\t\t\t\t<div class=\"elementor-container elementor-column-gap-default\">\n\t\t\t\t\t<div class=\"elementor-column elementor-col-100 elementor-top-column elementor-element elementor-element-cb97029\" data-id=\"cb97029\" data-element_type=\"column\">\n\t\t\t<div class=\"elementor-widget-wrap elementor-element-populated\">\n\t\t\t\t\t\t<div class=\"elementor-element elementor-element-a9d6123 elementor-widget elementor-widget-text-editor\" data-id=\"a9d6123\" data-element_type=\"widget\" data-settings=\"{&quot;_animation&quot;:&quot;none&quot;,&quot;_animation_delay&quot;:200}\" data-widget_type=\"text-editor.default\">\n\t\t\t\t\t\t\t\t\t<p data-start=\"0\" data-end=\"189\">Esta p\u00e1gina web es propiedad de <strong>CATERING CANTABRICO, S.L.<\/strong>, con NIF n\u00fam. B65304818 y domicilio en calle TOLR\u00c0 9, 08032 Barcelona (Espa\u00f1a), e inscrita en el Registro Mercantil de Barcelona.<\/p><p data-start=\"191\" data-end=\"296\">Para cualquier consulta o propuesta, cont\u00e1ctenos en el correo electr\u00f3nico: <a class=\"decorated-link cursor-pointer\" rel=\"noopener\" data-start=\"266\" data-end=\"294\">cateringcantabrico@gmail.com<\/a><\/p><p data-start=\"298\" data-end=\"463\">Esta p\u00e1gina web se rige por la normativa exclusivamente aplicable en Espa\u00f1a, quedando sujeta a ella, tanto nacionales como extranjeros que utilicen este sitio web.<\/p><p data-start=\"465\" data-end=\"1028\">El acceso a nuestra p\u00e1gina web por parte del USUARIO es gratuito y est\u00e1 condicionado a la previa lectura y aceptaci\u00f3n \u00edntegra, expresa y sin reservas de las presentes CONDICIONES GENERALES DE USO vigentes en el momento del acceso, que rogamos lea detenidamente. El USUARIO, en el momento en que utiliza nuestro portal, sus contenidos o servicios, acepta y se somete expresamente a las condiciones generales de uso. Si el usuario no estuviera de acuerdo con las presentes condiciones de uso, deber\u00e1 abstenerse de utilizar este portal y operar a trav\u00e9s del mismo.<\/p><p data-start=\"1030\" data-end=\"1277\">En cualquier momento podremos modificar la presentaci\u00f3n y configuraci\u00f3n de nuestra web, ampliar o reducir servicios, e incluso suprimirla de la red, as\u00ed como los servicios y contenidos prestados, todo ello de forma unilateral y sin previo aviso.<\/p><p data-start=\"1279\" data-end=\"1309\"><strong data-start=\"1279\" data-end=\"1307\">A) PROPIEDAD INTELECTUAL<\/strong><\/p><p data-start=\"1311\" data-end=\"1549\">Todos los contenidos, textos, im\u00e1genes, marcas y c\u00f3digos fuente son de nuestra propiedad o de terceros a los cuales se han adquirido sus derechos de explotaci\u00f3n, y est\u00e1n protegidos por los derechos de Propiedad Intelectual e Industrial.<\/p><p data-start=\"1551\" data-end=\"1784\">El usuario \u00fanicamente tiene derecho a un uso privado de estos, sin \u00e1nimo de lucro, y necesita autorizaci\u00f3n expresa para modificarlos, reproducirlos, explotarlos, distribuirlos o ejercer cualquier derecho perteneciente a su titular.<\/p><p data-start=\"1786\" data-end=\"1816\"><strong data-start=\"1786\" data-end=\"1814\">B) CONDICIONES DE ACCESO<\/strong><\/p><p data-start=\"1818\" data-end=\"1904\">El acceso a nuestra p\u00e1gina web es gratuito y no exige previa suscripci\u00f3n o registro.<\/p><p data-start=\"1906\" data-end=\"2023\">El env\u00edo de datos personales implica la aceptaci\u00f3n expresa por parte del USUARIO de nuestra pol\u00edtica de privacidad.<\/p><p data-start=\"2025\" data-end=\"2371\">El usuario debe acceder a nuestra p\u00e1gina web conforme a la buena fe, las normas de orden p\u00fablico y a las presentes Condiciones Generales de uso. El acceso a nuestro sitio web se realiza bajo la propia y exclusiva responsabilidad del usuario, que responder\u00e1 en todo caso de los da\u00f1os y perjuicios que pueda causar a terceros o a nosotros mismos.<\/p><p data-start=\"2373\" data-end=\"2824\" data-is-last-node=\"\" data-is-only-node=\"\">Teniendo en cuenta la imposibilidad de control respecto a la informaci\u00f3n, contenidos y servicios que contengan otras p\u00e1ginas web a los que se pueda acceder a trav\u00e9s de los enlaces que nuestra p\u00e1gina web pueda poner a su disposici\u00f3n, le comunicamos que quedamos exentos de cualquier responsabilidad por los da\u00f1os y perjuicios de toda clase que pudieran derivarse por la utilizaci\u00f3n de estas p\u00e1ginas web, ajenas a nuestra empresa, por parte del usuario.<\/p>\t\t\t\t\t\t\t\t<\/div>\n\t\t\t\t\t<\/div>\n\t\t<\/div>\n\t\t\t\t\t<\/div>\n\t\t<\/section>\n\t\t\t\t<\/div>\n\t\t","protected":false},"excerpt":{"rendered":"<p>Aviso legal Esta p\u00e1gina web es propiedad de CATERING CANTABRICO, S.L., con NIF n\u00fam. B65304818 y domicilio en calle TOLR\u00c0 9, 08032 Barcelona (Espa\u00f1a), e inscrita en el Registro Mercantil de Barcelona. Para cualquier consulta o propuesta, cont\u00e1ctenos en el correo electr\u00f3nico: cateringcantabrico@gmail.com Esta p\u00e1gina web se rige por la normativa exclusivamente aplicable en Espa\u00f1a, quedando sujeta a ella, tanto nacionales como extranjeros que utilicen este sitio web. El acceso a nuestra p\u00e1gina web por parte del USUARIO es gratuito y est\u00e1 condicionado a la previa lectura y aceptaci\u00f3n \u00edntegra, expresa y sin reservas de las presentes CONDICIONES GENERALES DE USO vigentes en el momento del acceso, que rogamos lea detenidamente. El USUARIO, en el momento en que utiliza nuestro portal, sus contenidos o servicios, acepta y se somete expresamente a las condiciones generales de uso. Si el usuario no estuviera de acuerdo con las presentes condiciones de uso, deber\u00e1 abstenerse de utilizar este portal y operar a trav\u00e9s del mismo. En cualquier momento podremos modificar la presentaci\u00f3n y configuraci\u00f3n de nuestra web, ampliar o reducir servicios, e incluso suprimirla de la red, as\u00ed como los servicios y contenidos prestados, todo ello de forma unilateral y sin previo aviso. A) PROPIEDAD INTELECTUAL Todos los contenidos, textos, im\u00e1genes, marcas y c\u00f3digos fuente son de nuestra propiedad o de terceros a los cuales se han adquirido sus derechos de explotaci\u00f3n, y est\u00e1n protegidos por los derechos de Propiedad Intelectual e Industrial. El usuario \u00fanicamente tiene derecho a un uso privado de estos, sin \u00e1nimo de lucro, y necesita autorizaci\u00f3n expresa para modificarlos, reproducirlos, explotarlos, distribuirlos o ejercer cualquier derecho perteneciente a su titular. B) CONDICIONES DE ACCESO El acceso a nuestra p\u00e1gina web es gratuito y no exige previa suscripci\u00f3n o registro. El env\u00edo de datos personales implica la aceptaci\u00f3n expresa por parte del USUARIO de nuestra pol\u00edtica de privacidad. El usuario debe acceder a nuestra p\u00e1gina web conforme a la buena fe, las normas de orden p\u00fablico y a las presentes Condiciones Generales de uso. El acceso a nuestro sitio web se realiza bajo la propia y exclusiva responsabilidad del usuario, que responder\u00e1 en todo caso de los da\u00f1os y perjuicios que pueda causar a terceros o a nosotros mismos. Teniendo en cuenta la imposibilidad de control respecto a la informaci\u00f3n, contenidos y servicios que contengan otras p\u00e1ginas web a los que se pueda acceder a trav\u00e9s de los enlaces que nuestra p\u00e1gina web pueda poner a su disposici\u00f3n, le comunicamos que quedamos exentos de cualquier responsabilidad por los da\u00f1os y perjuicios de toda clase que pudieran derivarse por la utilizaci\u00f3n de estas p\u00e1ginas web, ajenas a nuestra empresa, por parte del usuario.<\/p>\n","protected":false},"author":1,"featured_media":0,"parent":0,"menu_order":0,"comment_status":"closed","ping_status":"closed","template":"elementor_canvas","meta":{"footnotes":""},"class_list":["post-3131","page","type-page","status-publish","hentry"],"_links":{"self":[{"href":"https:\/\/cantabrico.cat\/es\/wp-json\/wp\/v2\/pages\/3131","targetHints":{"allow":["GET"]}}],"collection":[{"href":"https:\/\/cantabrico.cat\/es\/wp-json\/wp\/v2\/pages"}],"about":[{"href":"https:\/\/cantabrico.cat\/es\/wp-json\/wp\/v2\/types\/page"}],"author":[{"embeddable":true,"href":"https:\/\/cantabrico.cat\/es\/wp-json\/wp\/v2\/users\/1"}],"replies":[{"embeddable":true,"href":"https:\/\/cantabrico.cat\/es\/wp-json\/wp\/v2\/comments?post=3131"}],"version-history":[{"count":7,"href":"https:\/\/cantabrico.cat\/es\/wp-json\/wp\/v2\/pages\/3131\/revisions"}],"predecessor-version":[{"id":3138,"href":"https:\/\/cantabrico.cat\/es\/wp-json\/wp\/v2\/pages\/3131\/revisions\/3138"}],"wp:attachment":[{"href":"https:\/\/cantabrico.cat\/es\/wp-json\/wp\/v2\/media?parent=3131"}],"curies":[{"name":"wp","href":"https:\/\/api.w.org\/{rel}","templated":true}]}}