{"id":3108,"date":"2025-10-29T21:49:54","date_gmt":"2025-10-29T21:49:54","guid":{"rendered":"https:\/\/cantabrico.cat\/?page_id=3108"},"modified":"2025-11-28T09:36:46","modified_gmt":"2025-11-28T09:36:46","slug":"adaptaciones-del-menu-escolar","status":"publish","type":"page","link":"https:\/\/cantabrico.cat\/es\/adaptaciones-del-menu-escolar\/","title":{"rendered":"Adaptaciones del men\u00fa escolar"},"content":{"rendered":"\t\t<div data-elementor-type=\"wp-page\" data-elementor-id=\"3108\" class=\"elementor elementor-3108\">\n\t\t\t\t<div class=\"elementor-element elementor-element-e3f828a e-flex e-con-boxed wpr-sticky-section-no e-con e-parent\" data-id=\"e3f828a\" data-element_type=\"container\" data-settings=\"{&quot;background_background&quot;:&quot;classic&quot;}\">\n\t\t\t\t\t<div class=\"e-con-inner\">\n\t\t<div class=\"elementor-element elementor-element-751face e-con-full e-flex wpr-sticky-section-no e-con e-child\" data-id=\"751face\" data-element_type=\"container\">\n\t\t\t\t<div class=\"elementor-element elementor-element-30ed936 elementor-widget elementor-widget-heading\" data-id=\"30ed936\" data-element_type=\"widget\" data-settings=\"{&quot;_animation&quot;:&quot;none&quot;}\" data-widget_type=\"heading.default\">\n\t\t\t\t\t<h1 class=\"elementor-heading-title elementor-size-default\">Adaptaciones del men\u00fa escolar<\/h1>\t\t\t\t<\/div>\n\t\t\t\t<\/div>\n\t\t\t\t\t<\/div>\n\t\t\t\t<\/div>\n\t\t\t\t<section class=\"elementor-section elementor-top-section elementor-element elementor-element-fdc5b83 elementor-reverse-mobile elementor-section-boxed elementor-section-height-default elementor-section-height-default wpr-sticky-section-no\" data-id=\"fdc5b83\" data-element_type=\"section\" data-settings=\"{&quot;background_background&quot;:&quot;classic&quot;}\">\n\t\t\t\t\t\t<div class=\"elementor-container elementor-column-gap-default\">\n\t\t\t\t\t<div class=\"elementor-column elementor-col-50 elementor-top-column elementor-element elementor-element-cb97029\" data-id=\"cb97029\" data-element_type=\"column\">\n\t\t\t<div class=\"elementor-widget-wrap elementor-element-populated\">\n\t\t\t\t\t\t<div class=\"elementor-element elementor-element-223c082 elementor-widget elementor-widget-heading\" data-id=\"223c082\" data-element_type=\"widget\" data-settings=\"{&quot;_animation&quot;:&quot;none&quot;}\" data-widget_type=\"heading.default\">\n\t\t\t\t\t<p class=\"elementor-heading-title elementor-size-default\">Alimentaci\u00f3n segura y personalizada para cada ni\u00f1o<\/p>\t\t\t\t<\/div>\n\t\t\t\t<div class=\"elementor-element elementor-element-d9a3246 elementor-widget elementor-widget-heading\" data-id=\"d9a3246\" data-element_type=\"widget\" data-settings=\"{&quot;_animation&quot;:&quot;none&quot;,&quot;_animation_delay&quot;:100}\" data-widget_type=\"heading.default\">\n\t\t\t\t\t<h2 class=\"elementor-heading-title elementor-size-default\">Men\u00fa escolar saludable<\/h2>\t\t\t\t<\/div>\n\t\t\t\t<div class=\"elementor-element elementor-element-8c17eae elementor-widget elementor-widget-text-editor\" data-id=\"8c17eae\" data-element_type=\"widget\" data-settings=\"{&quot;_animation&quot;:&quot;none&quot;,&quot;_animation_delay&quot;:200}\" data-widget_type=\"text-editor.default\">\n\t\t\t\t\t\t\t\t\tEn <span style=\"color: #dd4530;\"><strong>Catering Cant\u00e1brico<\/strong><\/span> nos aseguramos de ofrecer un men\u00fa escolar saludable, equilibrado y adaptado a las necesidades de todos los ni\u00f1os. Seg\u00fan el Decreto 160\/1996 y la Ley 17\/2011, las comidas servidas en guarder\u00edas y centros educativos deben ser variadas, equilibradas y ajustadas a las necesidades nutricionales de cada grupo de edad. Adem\u00e1s, deben estar supervisadas por profesionales titulados en nutrici\u00f3n y diet\u00e9tica, garantizando la m\u00e1xima seguridad alimentaria. \t\t\t\t\t\t\t\t<\/div>\n\t\t\t\t<div class=\"elementor-element elementor-element-c3d6608 wpr-button-icon-style-inline wpr-button-icon-position-right elementor-invisible elementor-widget elementor-widget-wpr-button\" data-id=\"c3d6608\" data-element_type=\"widget\" data-settings=\"{&quot;_animation&quot;:&quot;fadeIn&quot;,&quot;_animation_delay&quot;:300}\" data-widget_type=\"wpr-button.default\">\n\t\t\t\t\t\t\n\t\t\t\n\t\t\n\t\t<div class=\"wpr-button-wrap elementor-clearfix\">\n\t\t<a class=\"wpr-button wpr-button-effect wpr-button-none\" data-text=\"\" href=\"https:\/\/cantabrico.cat\/es\/contacto\/\">\n\t\t\t\n\t\t\t<span class=\"wpr-button-content\">\n\t\t\t\t\t\t\t\t\t<span class=\"wpr-button-text\">Contacta<\/span>\n\t\t\t\t\t\t\t\t\n\t\t\t\t\t\t\t<\/span>\n\t\t<\/a>\n\n\t\t\t\t<\/div>\n\t\n\t\n\t\t\t\t\t<\/div>\n\t\t\t\t\t<\/div>\n\t\t<\/div>\n\t\t\t\t<div class=\"elementor-column elementor-col-50 elementor-top-column elementor-element elementor-element-a117df1\" data-id=\"a117df1\" data-element_type=\"column\">\n\t\t\t<div class=\"elementor-widget-wrap elementor-element-populated\">\n\t\t\t\t\t\t<div class=\"elementor-element elementor-element-9ba8b33 elementor-widget elementor-widget-image\" data-id=\"9ba8b33\" data-element_type=\"widget\" data-settings=\"{&quot;_animation&quot;:&quot;none&quot;}\" data-widget_type=\"image.default\">\n\t\t\t\t\t\t\t\t\t\t\t\t\t\t\t<img fetchpriority=\"high\" decoding=\"async\" width=\"750\" height=\"750\" src=\"https:\/\/cantabrico.cat\/wp-content\/uploads\/2025\/10\/Catering-cantabrico-inici-3.jpg\" class=\"attachment-large size-large wp-image-2873\" alt=\"\" srcset=\"https:\/\/cantabrico.cat\/wp-content\/uploads\/2025\/10\/Catering-cantabrico-inici-3.jpg 750w, https:\/\/cantabrico.cat\/wp-content\/uploads\/2025\/10\/Catering-cantabrico-inici-3-300x300.jpg 300w, https:\/\/cantabrico.cat\/wp-content\/uploads\/2025\/10\/Catering-cantabrico-inici-3-150x150.jpg 150w\" sizes=\"(max-width: 750px) 100vw, 750px\" \/>\t\t\t\t\t\t\t\t\t\t\t\t\t\t\t<\/div>\n\t\t\t\t\t<\/div>\n\t\t<\/div>\n\t\t\t\t\t<\/div>\n\t\t<\/section>\n\t\t\t\t<section class=\"elementor-section elementor-top-section elementor-element elementor-element-5f5601f elementor-section-boxed elementor-section-height-default elementor-section-height-default wpr-sticky-section-no\" data-id=\"5f5601f\" data-element_type=\"section\" data-settings=\"{&quot;background_background&quot;:&quot;classic&quot;}\">\n\t\t\t\t\t\t<div class=\"elementor-container elementor-column-gap-default\">\n\t\t\t\t\t<div class=\"elementor-column elementor-col-50 elementor-top-column elementor-element elementor-element-4f92790\" data-id=\"4f92790\" data-element_type=\"column\">\n\t\t\t<div class=\"elementor-widget-wrap elementor-element-populated\">\n\t\t\t\t\t\t<div class=\"elementor-element elementor-element-820d69e elementor-invisible elementor-widget elementor-widget-image\" data-id=\"820d69e\" data-element_type=\"widget\" data-settings=\"{&quot;_animation&quot;:&quot;fadeIn&quot;}\" data-widget_type=\"image.default\">\n\t\t\t\t\t\t\t\t\t\t\t\t\t\t\t<img decoding=\"async\" width=\"960\" height=\"640\" src=\"https:\/\/cantabrico.cat\/wp-content\/uploads\/2025\/10\/hortalizas-3-1200x800-1-1024x683.jpg\" class=\"attachment-large size-large wp-image-2907\" alt=\"\" srcset=\"https:\/\/cantabrico.cat\/wp-content\/uploads\/2025\/10\/hortalizas-3-1200x800-1-1024x683.jpg 1024w, https:\/\/cantabrico.cat\/wp-content\/uploads\/2025\/10\/hortalizas-3-1200x800-1-300x200.jpg 300w, https:\/\/cantabrico.cat\/wp-content\/uploads\/2025\/10\/hortalizas-3-1200x800-1-768x512.jpg 768w, https:\/\/cantabrico.cat\/wp-content\/uploads\/2025\/10\/hortalizas-3-1200x800-1.jpg 1200w\" sizes=\"(max-width: 960px) 100vw, 960px\" \/>\t\t\t\t\t\t\t\t\t\t\t\t\t\t\t<\/div>\n\t\t\t\t\t<\/div>\n\t\t<\/div>\n\t\t\t\t<div class=\"elementor-column elementor-col-50 elementor-top-column elementor-element elementor-element-c52b221\" data-id=\"c52b221\" data-element_type=\"column\">\n\t\t\t<div class=\"elementor-widget-wrap elementor-element-populated\">\n\t\t\t\t\t\t<div class=\"elementor-element elementor-element-12bb7e0 elementor-invisible elementor-widget elementor-widget-heading\" data-id=\"12bb7e0\" data-element_type=\"widget\" data-settings=\"{&quot;_animation&quot;:&quot;fadeIn&quot;}\" data-widget_type=\"heading.default\">\n\t\t\t\t\t<p class=\"elementor-heading-title elementor-size-default\">Men\u00fas para alergias, intolerancias y otras necesidades<\/p>\t\t\t\t<\/div>\n\t\t\t\t<div class=\"elementor-element elementor-element-0e9bbea elementor-invisible elementor-widget elementor-widget-heading\" data-id=\"0e9bbea\" data-element_type=\"widget\" data-settings=\"{&quot;_animation&quot;:&quot;fadeIn&quot;,&quot;_animation_delay&quot;:100}\" data-widget_type=\"heading.default\">\n\t\t\t\t\t<h2 class=\"elementor-heading-title elementor-size-default\">Men\u00fas especiales<\/h2>\t\t\t\t<\/div>\n\t\t\t\t<div class=\"elementor-element elementor-element-7b4b0cc elementor-invisible elementor-widget elementor-widget-text-editor\" data-id=\"7b4b0cc\" data-element_type=\"widget\" data-settings=\"{&quot;_animation&quot;:&quot;fadeIn&quot;,&quot;_animation_delay&quot;:200}\" data-widget_type=\"text-editor.default\">\n\t\t\t\t\t\t\t\t\t<p>En los casos de alumnado con <strong>alergias, intolerancias alimentarias o celiaqu\u00eda<\/strong>, debidamente diagnosticadas y acreditadas con un certificado m\u00e9dico, nuestro servicio elabora <strong>men\u00fas especiales adaptados<\/strong>, seguros y equilibrados.<\/p><p>Cuando las condiciones del espacio o de la cocina del centro no permiten preparar estos men\u00fas con las garant\u00edas necesarias, facilitamos los <strong>medios de refrigeraci\u00f3n y calentamiento adecuados<\/strong> para que las familias puedan llevar y conservar su propio men\u00fa especial con total seguridad.<\/p>\t\t\t\t\t\t\t\t<\/div>\n\t\t\t\t\t<\/div>\n\t\t<\/div>\n\t\t\t\t\t<\/div>\n\t\t<\/section>\n\t\t\t\t<section class=\"elementor-section elementor-top-section elementor-element elementor-element-9a4846f elementor-reverse-mobile elementor-section-boxed elementor-section-height-default elementor-section-height-default wpr-sticky-section-no\" data-id=\"9a4846f\" data-element_type=\"section\" data-settings=\"{&quot;background_background&quot;:&quot;classic&quot;}\">\n\t\t\t\t\t\t<div class=\"elementor-container elementor-column-gap-default\">\n\t\t\t\t\t<div class=\"elementor-column elementor-col-50 elementor-top-column elementor-element elementor-element-8760ca4\" data-id=\"8760ca4\" data-element_type=\"column\">\n\t\t\t<div class=\"elementor-widget-wrap elementor-element-populated\">\n\t\t\t\t\t\t<div class=\"elementor-element elementor-element-5cd6ee8 elementor-widget elementor-widget-heading\" data-id=\"5cd6ee8\" data-element_type=\"widget\" data-settings=\"{&quot;_animation&quot;:&quot;none&quot;}\" data-widget_type=\"heading.default\">\n\t\t\t\t\t<p class=\"elementor-heading-title elementor-size-default\">Personal formado<\/p>\t\t\t\t<\/div>\n\t\t\t\t<div class=\"elementor-element elementor-element-e8c54c8 elementor-invisible elementor-widget elementor-widget-heading\" data-id=\"e8c54c8\" data-element_type=\"widget\" data-settings=\"{&quot;_animation&quot;:&quot;fadeIn&quot;,&quot;_animation_delay&quot;:100}\" data-widget_type=\"heading.default\">\n\t\t\t\t\t<h2 class=\"elementor-heading-title elementor-size-default\">Formaci\u00f3n y protocolos de seguridad<\/h2>\t\t\t\t<\/div>\n\t\t\t\t<div class=\"elementor-element elementor-element-5bf8798 elementor-invisible elementor-widget elementor-widget-text-editor\" data-id=\"5bf8798\" data-element_type=\"widget\" data-settings=\"{&quot;_animation&quot;:&quot;fadeIn&quot;,&quot;_animation_delay&quot;:200}\" data-widget_type=\"text-editor.default\">\n\t\t\t\t\t\t\t\t\t<p>El <strong>nuestro personal est\u00e1 formado espec\u00edficamente<\/strong> en la gesti\u00f3n de men\u00fas para ni\u00f1os con alergias o intolerancias. Cada alumno est\u00e1 <strong>claramente identificado<\/strong> y se siguen protocolos estrictos para evitar cualquier riesgo de contaminaci\u00f3n cruzada.<\/p><p>Adem\u00e1s, los equipos reciben formaci\u00f3n para <strong>actuar ante situaciones de emergencia<\/strong>, como reacciones al\u00e9rgicas graves o episodios de hipoglucemia en ni\u00f1os con diabetes.<\/p>\t\t\t\t\t\t\t\t<\/div>\n\t\t\t\t\t<\/div>\n\t\t<\/div>\n\t\t\t\t<div class=\"elementor-column elementor-col-50 elementor-top-column elementor-element elementor-element-0366906\" data-id=\"0366906\" data-element_type=\"column\">\n\t\t\t<div class=\"elementor-widget-wrap elementor-element-populated\">\n\t\t\t\t\t\t<div class=\"elementor-element elementor-element-62dd035 elementor-widget elementor-widget-image\" data-id=\"62dd035\" data-element_type=\"widget\" data-settings=\"{&quot;_animation&quot;:&quot;none&quot;}\" data-widget_type=\"image.default\">\n\t\t\t\t\t\t\t\t\t\t\t\t\t\t\t<img decoding=\"async\" width=\"750\" height=\"500\" src=\"https:\/\/cantabrico.cat\/wp-content\/uploads\/2025\/10\/cantabrico-equipo-12.jpg\" class=\"attachment-large size-large wp-image-2793\" alt=\"Catering-cant\u00e1brico\" srcset=\"https:\/\/cantabrico.cat\/wp-content\/uploads\/2025\/10\/cantabrico-equipo-12.jpg 750w, https:\/\/cantabrico.cat\/wp-content\/uploads\/2025\/10\/cantabrico-equipo-12-300x200.jpg 300w\" sizes=\"(max-width: 750px) 100vw, 750px\" \/>\t\t\t\t\t\t\t\t\t\t\t\t\t\t\t<\/div>\n\t\t\t\t\t<\/div>\n\t\t<\/div>\n\t\t\t\t\t<\/div>\n\t\t<\/section>\n\t\t\t\t<section class=\"elementor-section elementor-top-section elementor-element elementor-element-9ff1336 elementor-section-boxed elementor-section-height-default elementor-section-height-default wpr-sticky-section-no\" data-id=\"9ff1336\" data-element_type=\"section\" data-settings=\"{&quot;background_background&quot;:&quot;classic&quot;}\">\n\t\t\t\t\t\t<div class=\"elementor-container elementor-column-gap-default\">\n\t\t\t\t\t<div class=\"elementor-column elementor-col-50 elementor-top-column elementor-element elementor-element-5495b59\" data-id=\"5495b59\" data-element_type=\"column\">\n\t\t\t<div class=\"elementor-widget-wrap elementor-element-populated\">\n\t\t\t\t\t\t<div class=\"elementor-element elementor-element-35659bf elementor-invisible elementor-widget elementor-widget-image\" data-id=\"35659bf\" data-element_type=\"widget\" data-settings=\"{&quot;_animation&quot;:&quot;fadeIn&quot;}\" data-widget_type=\"image.default\">\n\t\t\t\t\t\t\t\t\t\t\t\t\t\t\t<img loading=\"lazy\" decoding=\"async\" width=\"750\" height=\"500\" src=\"https:\/\/cantabrico.cat\/wp-content\/uploads\/2025\/10\/cantabrico-catering-rect-8-750x500-1.jpg\" class=\"attachment-large size-large wp-image-1954\" alt=\"\" srcset=\"https:\/\/cantabrico.cat\/wp-content\/uploads\/2025\/10\/cantabrico-catering-rect-8-750x500-1.jpg 750w, https:\/\/cantabrico.cat\/wp-content\/uploads\/2025\/10\/cantabrico-catering-rect-8-750x500-1-300x200.jpg 300w\" sizes=\"(max-width: 750px) 100vw, 750px\" \/>\t\t\t\t\t\t\t\t\t\t\t\t\t\t\t<\/div>\n\t\t\t\t\t<\/div>\n\t\t<\/div>\n\t\t\t\t<div class=\"elementor-column elementor-col-50 elementor-top-column elementor-element elementor-element-17a3c8e\" data-id=\"17a3c8e\" data-element_type=\"column\">\n\t\t\t<div class=\"elementor-widget-wrap elementor-element-populated\">\n\t\t\t\t\t\t<div class=\"elementor-element elementor-element-3475082 elementor-invisible elementor-widget elementor-widget-heading\" data-id=\"3475082\" data-element_type=\"widget\" data-settings=\"{&quot;_animation&quot;:&quot;fadeIn&quot;}\" data-widget_type=\"heading.default\">\n\t\t\t\t\t<p class=\"elementor-heading-title elementor-size-default\">Colaboraci\u00f3n con profesionales sanitarios<\/p>\t\t\t\t<\/div>\n\t\t\t\t<div class=\"elementor-element elementor-element-d47c25e elementor-invisible elementor-widget elementor-widget-heading\" data-id=\"d47c25e\" data-element_type=\"widget\" data-settings=\"{&quot;_animation&quot;:&quot;fadeIn&quot;,&quot;_animation_delay&quot;:100}\" data-widget_type=\"heading.default\">\n\t\t\t\t\t<h2 class=\"elementor-heading-title elementor-size-default\">Colaboraci\u00f3n constante<\/h2>\t\t\t\t<\/div>\n\t\t\t\t<div class=\"elementor-element elementor-element-7e995b3 elementor-invisible elementor-widget elementor-widget-text-editor\" data-id=\"7e995b3\" data-element_type=\"widget\" data-settings=\"{&quot;_animation&quot;:&quot;fadeIn&quot;,&quot;_animation_delay&quot;:200}\" data-widget_type=\"text-editor.default\">\n\t\t\t\t\t\t\t\t\t<p>Promovemos una <strong>colaboraci\u00f3n constante con los equipos de atenci\u00f3n primaria, enfermer\u00eda escolar y asociaciones de pacientes<\/strong>, para mantener actualizados los protocolos y ofrecer asesoramiento continuo a los centros educativos.<\/p><p>Con estas medidas, <strong>aseguramos una alimentaci\u00f3n escolar segura, inclusiva y adaptada a cada ni\u00f1o<\/strong>, contribuyendo a su bienestar y a la tranquilidad de las familias.<\/p>\t\t\t\t\t\t\t\t<\/div>\n\t\t\t\t<div class=\"elementor-element elementor-element-2423a20 wpr-button-icon-style-inline wpr-button-icon-position-right elementor-invisible elementor-widget elementor-widget-wpr-button\" data-id=\"2423a20\" data-element_type=\"widget\" data-settings=\"{&quot;_animation&quot;:&quot;fadeIn&quot;,&quot;_animation_delay&quot;:300}\" data-widget_type=\"wpr-button.default\">\n\t\t\t\t\t\t\n\t\t\t\n\t\t\n\t\t<div class=\"wpr-button-wrap elementor-clearfix\">\n\t\t<a class=\"wpr-button wpr-button-effect wpr-button-none\" data-text=\"\" href=\"https:\/\/cantabrico.cat\/es\/contacto\/\">\n\t\t\t\n\t\t\t<span class=\"wpr-button-content\">\n\t\t\t\t\t\t\t\t\t<span class=\"wpr-button-text\">Contacta<\/span>\n\t\t\t\t\t\t\t\t\n\t\t\t\t\t\t\t<\/span>\n\t\t<\/a>\n\n\t\t\t\t<\/div>\n\t\n\t\n\t\t\t\t\t<\/div>\n\t\t\t\t\t<\/div>\n\t\t<\/div>\n\t\t\t\t\t<\/div>\n\t\t<\/section>\n\t\t\t\t<\/div>\n\t\t","protected":false},"excerpt":{"rendered":"<p>Adaptaciones del men\u00fa escolar Alimentaci\u00f3n segura y personalizada para cada ni\u00f1o Men\u00fa escolar saludable En Catering Cant\u00e1brico nos aseguramos de ofrecer un men\u00fa escolar saludable, equilibrado y adaptado a las necesidades de todos los ni\u00f1os. Seg\u00fan el Decreto 160\/1996 y la Ley 17\/2011, las comidas servidas en guarder\u00edas y centros educativos deben ser variadas, equilibradas y ajustadas a las necesidades nutricionales de cada grupo de edad. Adem\u00e1s, deben estar supervisadas por profesionales titulados en nutrici\u00f3n y diet\u00e9tica, garantizando la m\u00e1xima seguridad alimentaria. Contacta Men\u00fas para alergias, intolerancias y otras necesidades Men\u00fas especiales En los casos de alumnado con alergias, intolerancias alimentarias o celiaqu\u00eda, debidamente diagnosticadas y acreditadas con un certificado m\u00e9dico, nuestro servicio elabora men\u00fas especiales adaptados, seguros y equilibrados. Cuando las condiciones del espacio o de la cocina del centro no permiten preparar estos men\u00fas con las garant\u00edas necesarias, facilitamos los medios de refrigeraci\u00f3n y calentamiento adecuados para que las familias puedan llevar y conservar su propio men\u00fa especial con total seguridad. Personal formado Formaci\u00f3n y protocolos de seguridad El nuestro personal est\u00e1 formado espec\u00edficamente en la gesti\u00f3n de men\u00fas para ni\u00f1os con alergias o intolerancias. Cada alumno est\u00e1 claramente identificado y se siguen protocolos estrictos para evitar cualquier riesgo de contaminaci\u00f3n cruzada. Adem\u00e1s, los equipos reciben formaci\u00f3n para actuar ante situaciones de emergencia, como reacciones al\u00e9rgicas graves o episodios de hipoglucemia en ni\u00f1os con diabetes. Colaboraci\u00f3n con profesionales sanitarios Colaboraci\u00f3n constante Promovemos una colaboraci\u00f3n constante con los equipos de atenci\u00f3n primaria, enfermer\u00eda escolar y asociaciones de pacientes, para mantener actualizados los protocolos y ofrecer asesoramiento continuo a los centros educativos. Con estas medidas, aseguramos una alimentaci\u00f3n escolar segura, inclusiva y adaptada a cada ni\u00f1o, contribuyendo a su bienestar y a la tranquilidad de las familias. Contacta<\/p>\n","protected":false},"author":1,"featured_media":0,"parent":0,"menu_order":0,"comment_status":"closed","ping_status":"closed","template":"elementor_canvas","meta":{"footnotes":""},"class_list":["post-3108","page","type-page","status-publish","hentry"],"_links":{"self":[{"href":"https:\/\/cantabrico.cat\/es\/wp-json\/wp\/v2\/pages\/3108","targetHints":{"allow":["GET"]}}],"collection":[{"href":"https:\/\/cantabrico.cat\/es\/wp-json\/wp\/v2\/pages"}],"about":[{"href":"https:\/\/cantabrico.cat\/es\/wp-json\/wp\/v2\/types\/page"}],"author":[{"embeddable":true,"href":"https:\/\/cantabrico.cat\/es\/wp-json\/wp\/v2\/users\/1"}],"replies":[{"embeddable":true,"href":"https:\/\/cantabrico.cat\/es\/wp-json\/wp\/v2\/comments?post=3108"}],"version-history":[{"count":4,"href":"https:\/\/cantabrico.cat\/es\/wp-json\/wp\/v2\/pages\/3108\/revisions"}],"predecessor-version":[{"id":3113,"href":"https:\/\/cantabrico.cat\/es\/wp-json\/wp\/v2\/pages\/3108\/revisions\/3113"}],"wp:attachment":[{"href":"https:\/\/cantabrico.cat\/es\/wp-json\/wp\/v2\/media?parent=3108"}],"curies":[{"name":"wp","href":"https:\/\/api.w.org\/{rel}","templated":true}]}}