{"id":3090,"date":"2025-10-29T21:03:13","date_gmt":"2025-10-29T21:03:13","guid":{"rendered":"https:\/\/cantabrico.cat\/?page_id=3090"},"modified":"2025-11-28T09:08:24","modified_gmt":"2025-11-28T09:08:24","slug":"catering-para-guarderias-y-escuelas-infantiles","status":"publish","type":"page","link":"https:\/\/cantabrico.cat\/es\/catering-para-guarderias-y-escuelas-infantiles\/","title":{"rendered":"Catering para guarder\u00edas y escuelas infantiles"},"content":{"rendered":"\t\t<div data-elementor-type=\"wp-page\" data-elementor-id=\"3090\" class=\"elementor elementor-3090\">\n\t\t\t\t<div class=\"elementor-element elementor-element-e3f828a e-flex e-con-boxed wpr-sticky-section-no e-con e-parent\" data-id=\"e3f828a\" data-element_type=\"container\" data-settings=\"{&quot;background_background&quot;:&quot;video&quot;,&quot;background_video_link&quot;:&quot;https:\\\/\\\/cantabrico.cat\\\/wp-content\\\/uploads\\\/2025\\\/10\\\/Cantabrico-Hortalizas-cmp.mp4&quot;,&quot;background_play_on_mobile&quot;:&quot;yes&quot;}\">\n\t\t\t\t\t<div class=\"e-con-inner\">\n\t\t<div class=\"elementor-background-video-container\" aria-hidden=\"true\">\n\t\t\t\t\t\t\t<video class=\"elementor-background-video-hosted\" autoplay muted playsinline loop><\/video>\n\t\t\t\t\t<\/div><div class=\"elementor-element elementor-element-751face e-con-full e-flex wpr-sticky-section-no e-con e-child\" data-id=\"751face\" data-element_type=\"container\">\n\t\t\t\t<div class=\"elementor-element elementor-element-30ed936 elementor-widget elementor-widget-heading\" data-id=\"30ed936\" data-element_type=\"widget\" data-settings=\"{&quot;_animation&quot;:&quot;none&quot;}\" data-widget_type=\"heading.default\">\n\t\t\t\t\t<h1 class=\"elementor-heading-title elementor-size-default\">Catering para guarder\u00edas y escuelas infantiles<\/h1>\t\t\t\t<\/div>\n\t\t\t\t<\/div>\n\t\t\t\t\t<\/div>\n\t\t\t\t<\/div>\n\t\t\t\t<section class=\"elementor-section elementor-top-section elementor-element elementor-element-fdc5b83 elementor-reverse-mobile elementor-section-boxed elementor-section-height-default elementor-section-height-default wpr-sticky-section-no\" data-id=\"fdc5b83\" data-element_type=\"section\" data-settings=\"{&quot;background_background&quot;:&quot;classic&quot;}\">\n\t\t\t\t\t\t<div class=\"elementor-container elementor-column-gap-default\">\n\t\t\t\t\t<div class=\"elementor-column elementor-col-50 elementor-top-column elementor-element elementor-element-cb97029\" data-id=\"cb97029\" data-element_type=\"column\">\n\t\t\t<div class=\"elementor-widget-wrap elementor-element-populated\">\n\t\t\t\t\t\t<div class=\"elementor-element elementor-element-223c082 elementor-widget elementor-widget-heading\" data-id=\"223c082\" data-element_type=\"widget\" data-settings=\"{&quot;_animation&quot;:&quot;none&quot;}\" data-widget_type=\"heading.default\">\n\t\t\t\t\t<p class=\"elementor-heading-title elementor-size-default\">Adaptados a los m\u00e1s peque\u00f1os<\/p>\t\t\t\t<\/div>\n\t\t\t\t<div class=\"elementor-element elementor-element-d9a3246 elementor-widget elementor-widget-heading\" data-id=\"d9a3246\" data-element_type=\"widget\" data-settings=\"{&quot;_animation&quot;:&quot;none&quot;,&quot;_animation_delay&quot;:100}\" data-widget_type=\"heading.default\">\n\t\t\t\t\t<h2 class=\"elementor-heading-title elementor-size-default\">Men\u00fas tiernos y saludables<\/h2>\t\t\t\t<\/div>\n\t\t\t\t<div class=\"elementor-element elementor-element-8c17eae elementor-widget elementor-widget-text-editor\" data-id=\"8c17eae\" data-element_type=\"widget\" data-settings=\"{&quot;_animation&quot;:&quot;none&quot;,&quot;_animation_delay&quot;:200}\" data-widget_type=\"text-editor.default\">\n\t\t\t\t\t\t\t\t\t<p>En <strong><span style=\"color: #dd4530;\">Catering Cant\u00e1brico<\/span><\/strong>, somos especialistas en <strong>catering para guarder\u00edas y escuelas infantiles en Barcelona<\/strong>. Ofrecemos <strong>men\u00fas caseros, equilibrados y adaptados a cada etapa del crecimiento<\/strong>, elaborados con ingredientes frescos y de calidad.<\/p><p>Nuestra prioridad es garantizar una <strong>alimentaci\u00f3n saludable, segura y sabrosa<\/strong>, respetando el ritmo y las necesidades de cada ni\u00f1o.<\/p>\t\t\t\t\t\t\t\t<\/div>\n\t\t\t\t<div class=\"elementor-element elementor-element-4cfb807 wpr-button-icon-style-inline wpr-button-icon-position-right elementor-invisible elementor-widget elementor-widget-wpr-button\" data-id=\"4cfb807\" data-element_type=\"widget\" data-settings=\"{&quot;_animation&quot;:&quot;fadeIn&quot;,&quot;_animation_delay&quot;:300}\" data-widget_type=\"wpr-button.default\">\n\t\t\t\t\t\t\n\t\t\t\n\t\t\n\t\t<div class=\"wpr-button-wrap elementor-clearfix\">\n\t\t<a class=\"wpr-button wpr-button-effect wpr-button-none\" data-text=\"\" href=\"https:\/\/cantabrico.cat\/es\/contacto\/\">\n\t\t\t\n\t\t\t<span class=\"wpr-button-content\">\n\t\t\t\t\t\t\t\t\t<span class=\"wpr-button-text\">Contacta ahora<\/span>\n\t\t\t\t\t\t\t\t\n\t\t\t\t\t\t\t<\/span>\n\t\t<\/a>\n\n\t\t\t\t<\/div>\n\t\n\t\n\t\t\t\t\t<\/div>\n\t\t\t\t\t<\/div>\n\t\t<\/div>\n\t\t\t\t<div class=\"elementor-column elementor-col-50 elementor-top-column elementor-element elementor-element-a117df1\" data-id=\"a117df1\" data-element_type=\"column\">\n\t\t\t<div class=\"elementor-widget-wrap elementor-element-populated\">\n\t\t\t\t\t\t<div class=\"elementor-element elementor-element-9ba8b33 elementor-widget elementor-widget-image\" data-id=\"9ba8b33\" data-element_type=\"widget\" data-settings=\"{&quot;_animation&quot;:&quot;none&quot;}\" data-widget_type=\"image.default\">\n\t\t\t\t\t\t\t\t\t\t\t\t\t\t\t<img fetchpriority=\"high\" decoding=\"async\" width=\"960\" height=\"641\" src=\"https:\/\/cantabrico.cat\/wp-content\/uploads\/2025\/10\/Catering-Cantabrico-Ninos-Comiendo-8-1024x684.jpg\" class=\"attachment-large size-large wp-image-2714\" alt=\"\" srcset=\"https:\/\/cantabrico.cat\/wp-content\/uploads\/2025\/10\/Catering-Cantabrico-Ninos-Comiendo-8-1024x684.jpg 1024w, https:\/\/cantabrico.cat\/wp-content\/uploads\/2025\/10\/Catering-Cantabrico-Ninos-Comiendo-8-300x200.jpg 300w, https:\/\/cantabrico.cat\/wp-content\/uploads\/2025\/10\/Catering-Cantabrico-Ninos-Comiendo-8-768x513.jpg 768w, https:\/\/cantabrico.cat\/wp-content\/uploads\/2025\/10\/Catering-Cantabrico-Ninos-Comiendo-8.jpg 1200w\" sizes=\"(max-width: 960px) 100vw, 960px\" \/>\t\t\t\t\t\t\t\t\t\t\t\t\t\t\t<\/div>\n\t\t\t\t\t<\/div>\n\t\t<\/div>\n\t\t\t\t\t<\/div>\n\t\t<\/section>\n\t\t\t\t<section class=\"elementor-section elementor-top-section elementor-element elementor-element-5f5601f elementor-section-boxed elementor-section-height-default elementor-section-height-default wpr-sticky-section-no\" data-id=\"5f5601f\" data-element_type=\"section\" data-settings=\"{&quot;background_background&quot;:&quot;classic&quot;}\">\n\t\t\t\t\t\t<div class=\"elementor-container elementor-column-gap-default\">\n\t\t\t\t\t<div class=\"elementor-column elementor-col-50 elementor-top-column elementor-element elementor-element-4f92790\" data-id=\"4f92790\" data-element_type=\"column\">\n\t\t\t<div class=\"elementor-widget-wrap elementor-element-populated\">\n\t\t\t\t\t\t<div class=\"elementor-element elementor-element-820d69e elementor-invisible elementor-widget elementor-widget-image\" data-id=\"820d69e\" data-element_type=\"widget\" data-settings=\"{&quot;_animation&quot;:&quot;fadeIn&quot;}\" data-widget_type=\"image.default\">\n\t\t\t\t\t\t\t\t\t\t\t\t\t\t\t<img decoding=\"async\" width=\"960\" height=\"960\" src=\"https:\/\/cantabrico.cat\/wp-content\/uploads\/2025\/10\/Catering-Cantabrico-Infants-2-1000x1000-1.jpg\" class=\"attachment-large size-large wp-image-2497\" alt=\"C\u00e0tering Cant\u00e1brico\" srcset=\"https:\/\/cantabrico.cat\/wp-content\/uploads\/2025\/10\/Catering-Cantabrico-Infants-2-1000x1000-1.jpg 1000w, https:\/\/cantabrico.cat\/wp-content\/uploads\/2025\/10\/Catering-Cantabrico-Infants-2-1000x1000-1-300x300.jpg 300w, https:\/\/cantabrico.cat\/wp-content\/uploads\/2025\/10\/Catering-Cantabrico-Infants-2-1000x1000-1-150x150.jpg 150w, https:\/\/cantabrico.cat\/wp-content\/uploads\/2025\/10\/Catering-Cantabrico-Infants-2-1000x1000-1-768x768.jpg 768w\" sizes=\"(max-width: 960px) 100vw, 960px\" \/>\t\t\t\t\t\t\t\t\t\t\t\t\t\t\t<\/div>\n\t\t\t\t\t<\/div>\n\t\t<\/div>\n\t\t\t\t<div class=\"elementor-column elementor-col-50 elementor-top-column elementor-element elementor-element-c52b221\" data-id=\"c52b221\" data-element_type=\"column\">\n\t\t\t<div class=\"elementor-widget-wrap elementor-element-populated\">\n\t\t\t\t\t\t<div class=\"elementor-element elementor-element-12bb7e0 elementor-invisible elementor-widget elementor-widget-heading\" data-id=\"12bb7e0\" data-element_type=\"widget\" data-settings=\"{&quot;_animation&quot;:&quot;fadeIn&quot;}\" data-widget_type=\"heading.default\">\n\t\t\t\t\t<p class=\"elementor-heading-title elementor-size-default\">Equilibrados y naturales<\/p>\t\t\t\t<\/div>\n\t\t\t\t<div class=\"elementor-element elementor-element-0e9bbea elementor-invisible elementor-widget elementor-widget-heading\" data-id=\"0e9bbea\" data-element_type=\"widget\" data-settings=\"{&quot;_animation&quot;:&quot;fadeIn&quot;,&quot;_animation_delay&quot;:100}\" data-widget_type=\"heading.default\">\n\t\t\t\t\t<h2 class=\"elementor-heading-title elementor-size-default\">Men\u00fas infantiles<\/h2>\t\t\t\t<\/div>\n\t\t\t\t<div class=\"elementor-element elementor-element-7b4b0cc elementor-invisible elementor-widget elementor-widget-text-editor\" data-id=\"7b4b0cc\" data-element_type=\"widget\" data-settings=\"{&quot;_animation&quot;:&quot;fadeIn&quot;,&quot;_animation_delay&quot;:200}\" data-widget_type=\"text-editor.default\">\n\t\t\t\t\t\t\t\t\t<p>Los primeros a\u00f1os de vida son esenciales para la adquisici\u00f3n de h\u00e1bitos alimentarios saludables. Por eso, nuestros men\u00fas est\u00e1n dise\u00f1ados por <strong>nutricionistas infantiles<\/strong> y siguen los criterios de una alimentaci\u00f3n equilibrada:<\/p><ul><li><strong>Recetas suaves y naturales<\/strong>, adecuadas a cada edad.<\/li><li><strong>Ingredientes frescos y de proximidad<\/strong>, sin fritos ni ultraprocesados.<\/li><li><strong>Texturas y sabores adaptados<\/strong> a las diferentes etapas de desarrollo.<\/li><li><strong>Alternativas para alergias, intolerancias o dietas especiales.<\/strong><\/li><\/ul>\t\t\t\t\t\t\t\t<\/div>\n\t\t\t\t\t<\/div>\n\t\t<\/div>\n\t\t\t\t\t<\/div>\n\t\t<\/section>\n\t\t\t\t<section class=\"elementor-section elementor-top-section elementor-element elementor-element-7c5b2e2 elementor-reverse-mobile elementor-section-boxed elementor-section-height-default elementor-section-height-default wpr-sticky-section-no\" data-id=\"7c5b2e2\" data-element_type=\"section\" data-settings=\"{&quot;background_background&quot;:&quot;classic&quot;}\">\n\t\t\t\t\t\t<div class=\"elementor-container elementor-column-gap-default\">\n\t\t\t\t\t<div class=\"elementor-column elementor-col-50 elementor-top-column elementor-element elementor-element-10d181a\" data-id=\"10d181a\" data-element_type=\"column\">\n\t\t\t<div class=\"elementor-widget-wrap elementor-element-populated\">\n\t\t\t\t\t\t<div class=\"elementor-element elementor-element-5848ac2 elementor-invisible elementor-widget elementor-widget-heading\" data-id=\"5848ac2\" data-element_type=\"widget\" data-settings=\"{&quot;_animation&quot;:&quot;fadeIn&quot;}\" data-widget_type=\"heading.default\">\n\t\t\t\t\t<p class=\"elementor-heading-title elementor-size-default\">Nuestros valores en el catering infantil<\/p>\t\t\t\t<\/div>\n\t\t\t\t<div class=\"elementor-element elementor-element-8be7ac6 elementor-widget elementor-widget-heading\" data-id=\"8be7ac6\" data-element_type=\"widget\" data-settings=\"{&quot;_animation&quot;:&quot;none&quot;,&quot;_animation_delay&quot;:100}\" data-widget_type=\"heading.default\">\n\t\t\t\t\t<h2 class=\"elementor-heading-title elementor-size-default\">Valores y calidad<\/h2>\t\t\t\t<\/div>\n\t\t\t\t<div class=\"elementor-element elementor-element-d5b4e6d elementor-invisible elementor-widget elementor-widget-text-editor\" data-id=\"d5b4e6d\" data-element_type=\"widget\" data-settings=\"{&quot;_animation&quot;:&quot;fadeIn&quot;,&quot;_animation_delay&quot;:200}\" data-widget_type=\"text-editor.default\">\n\t\t\t\t\t\t\t\t\t<p>\ud83e\udd55 <strong>Salud y nutrici\u00f3n:<\/strong> platos equilibrados que aseguran el correcto crecimiento.<\/p><p>\ud83c\udf4e <strong>Productos de calidad:<\/strong> usamos fruta, verdura y prote\u00edna fresca cada d\u00eda.<\/p><p>\ud83c\udf31 <strong>Sostenibilidad:<\/strong> priorizamos productos de temporada y reducimos residuos.<\/p><p>\ud83e\udd0d <strong>Trato cercano:<\/strong> trabajamos codo a codo con educadoras y familias para adaptarnos a cada ni\u00f1o.<\/p><p>\ud83d\udc76 <strong>Educaci\u00f3n alimentaria:<\/strong> fomentamos desde peque\u00f1os el gusto por la buena alimentaci\u00f3n.<\/p>\t\t\t\t\t\t\t\t<\/div>\n\t\t\t\t\t<\/div>\n\t\t<\/div>\n\t\t\t\t<div class=\"elementor-column elementor-col-50 elementor-top-column elementor-element elementor-element-c91f6f4\" data-id=\"c91f6f4\" data-element_type=\"column\">\n\t\t\t<div class=\"elementor-widget-wrap elementor-element-populated\">\n\t\t\t\t\t\t<div class=\"elementor-element elementor-element-cd8b16c elementor-widget elementor-widget-image\" data-id=\"cd8b16c\" data-element_type=\"widget\" data-settings=\"{&quot;_animation&quot;:&quot;none&quot;}\" data-widget_type=\"image.default\">\n\t\t\t\t\t\t\t\t\t\t\t\t\t\t\t<img decoding=\"async\" width=\"950\" height=\"659\" src=\"https:\/\/cantabrico.cat\/wp-content\/uploads\/2025\/10\/postre-03.jpg\" class=\"attachment-large size-large wp-image-2010\" alt=\"\" srcset=\"https:\/\/cantabrico.cat\/wp-content\/uploads\/2025\/10\/postre-03.jpg 950w, https:\/\/cantabrico.cat\/wp-content\/uploads\/2025\/10\/postre-03-300x208.jpg 300w, https:\/\/cantabrico.cat\/wp-content\/uploads\/2025\/10\/postre-03-768x533.jpg 768w\" sizes=\"(max-width: 950px) 100vw, 950px\" \/>\t\t\t\t\t\t\t\t\t\t\t\t\t\t\t<\/div>\n\t\t\t\t\t<\/div>\n\t\t<\/div>\n\t\t\t\t\t<\/div>\n\t\t<\/section>\n\t\t\t\t<section class=\"elementor-section elementor-top-section elementor-element elementor-element-f3d591e elementor-section-boxed elementor-section-height-default elementor-section-height-default wpr-sticky-section-no\" data-id=\"f3d591e\" data-element_type=\"section\" data-settings=\"{&quot;background_background&quot;:&quot;classic&quot;}\">\n\t\t\t\t\t\t<div class=\"elementor-container elementor-column-gap-default\">\n\t\t\t\t\t<div class=\"elementor-column elementor-col-50 elementor-top-column elementor-element elementor-element-94db631\" data-id=\"94db631\" data-element_type=\"column\">\n\t\t\t<div class=\"elementor-widget-wrap elementor-element-populated\">\n\t\t\t\t\t\t<div class=\"elementor-element elementor-element-318d5aa elementor-invisible elementor-widget elementor-widget-image\" data-id=\"318d5aa\" data-element_type=\"widget\" data-settings=\"{&quot;_animation&quot;:&quot;fadeIn&quot;}\" data-widget_type=\"image.default\">\n\t\t\t\t\t\t\t\t\t\t\t\t\t\t\t<img loading=\"lazy\" decoding=\"async\" width=\"960\" height=\"640\" src=\"https:\/\/cantabrico.cat\/wp-content\/uploads\/2025\/10\/Catering-Cantabrico-Contacto-1200x800-1-1024x683.jpg\" class=\"attachment-large size-large wp-image-2434\" alt=\"C\u00e0tering Cant\u00e1brico - Contacto 1200x800\" srcset=\"https:\/\/cantabrico.cat\/wp-content\/uploads\/2025\/10\/Catering-Cantabrico-Contacto-1200x800-1-1024x683.jpg 1024w, https:\/\/cantabrico.cat\/wp-content\/uploads\/2025\/10\/Catering-Cantabrico-Contacto-1200x800-1-300x200.jpg 300w, https:\/\/cantabrico.cat\/wp-content\/uploads\/2025\/10\/Catering-Cantabrico-Contacto-1200x800-1-768x512.jpg 768w, https:\/\/cantabrico.cat\/wp-content\/uploads\/2025\/10\/Catering-Cantabrico-Contacto-1200x800-1.jpg 1200w\" sizes=\"(max-width: 960px) 100vw, 960px\" \/>\t\t\t\t\t\t\t\t\t\t\t\t\t\t\t<\/div>\n\t\t\t\t\t<\/div>\n\t\t<\/div>\n\t\t\t\t<div class=\"elementor-column elementor-col-50 elementor-top-column elementor-element elementor-element-6d6bc59\" data-id=\"6d6bc59\" data-element_type=\"column\">\n\t\t\t<div class=\"elementor-widget-wrap elementor-element-populated\">\n\t\t\t\t\t\t<div class=\"elementor-element elementor-element-bcc369c elementor-invisible elementor-widget elementor-widget-heading\" data-id=\"bcc369c\" data-element_type=\"widget\" data-settings=\"{&quot;_animation&quot;:&quot;fadeIn&quot;}\" data-widget_type=\"heading.default\">\n\t\t\t\t\t<p class=\"elementor-heading-title elementor-size-default\">Solicita presupuesto sin compromiso<\/p>\t\t\t\t<\/div>\n\t\t\t\t<div class=\"elementor-element elementor-element-693d3a7 elementor-widget elementor-widget-heading\" data-id=\"693d3a7\" data-element_type=\"widget\" data-settings=\"{&quot;_animation&quot;:&quot;none&quot;,&quot;_animation_delay&quot;:100}\" data-widget_type=\"heading.default\">\n\t\t\t\t\t<h2 class=\"elementor-heading-title elementor-size-default\">Por qu\u00e9 elegirnos<\/h2>\t\t\t\t<\/div>\n\t\t\t\t<div class=\"elementor-element elementor-element-0893b44 elementor-widget elementor-widget-text-editor\" data-id=\"0893b44\" data-element_type=\"widget\" data-settings=\"{&quot;_animation&quot;:&quot;none&quot;,&quot;_animation_delay&quot;:200}\" data-widget_type=\"text-editor.default\">\n\t\t\t\t\t\t\t\t\t<p>Nuestro <strong>servicio de catering combina seguridad alimentaria, calidad y cari\u00f1o<\/strong>. Sabemos que alimentar a un ni\u00f1o es mucho m\u00e1s que darle comida: es <strong>cuidar, ense\u00f1ar y compartir valores<\/strong>.<\/p><p>Trabajamos con equipos formados y protocolos rigurosos para garantizar que cada comida sea segura, nutritiva y agradable.<\/p>\t\t\t\t\t\t\t\t<\/div>\n\t\t\t\t<div class=\"elementor-element elementor-element-b40d9b8 wpr-button-icon-style-inline wpr-button-icon-position-right elementor-invisible elementor-widget elementor-widget-wpr-button\" data-id=\"b40d9b8\" data-element_type=\"widget\" data-settings=\"{&quot;_animation&quot;:&quot;fadeIn&quot;,&quot;_animation_delay&quot;:300}\" data-widget_type=\"wpr-button.default\">\n\t\t\t\t\t\t\n\t\t\t\n\t\t\n\t\t<div class=\"wpr-button-wrap elementor-clearfix\">\n\t\t<a class=\"wpr-button wpr-button-effect wpr-button-none\" data-text=\"\" href=\"https:\/\/cantabrico.cat\/es\/contacto\/\">\n\t\t\t\n\t\t\t<span class=\"wpr-button-content\">\n\t\t\t\t\t\t\t\t\t<span class=\"wpr-button-text\">Contacta<\/span>\n\t\t\t\t\t\t\t\t\n\t\t\t\t\t\t\t<\/span>\n\t\t<\/a>\n\n\t\t\t\t<\/div>\n\t\n\t\n\t\t\t\t\t<\/div>\n\t\t\t\t\t<\/div>\n\t\t<\/div>\n\t\t\t\t\t<\/div>\n\t\t<\/section>\n\t\t\t\t<\/div>\n\t\t","protected":false},"excerpt":{"rendered":"<p>Catering para guarder\u00edas y escuelas infantiles Adaptados a los m\u00e1s peque\u00f1os Men\u00fas tiernos y saludables En Catering Cant\u00e1brico, somos especialistas en catering para guarder\u00edas y escuelas infantiles en Barcelona. Ofrecemos men\u00fas caseros, equilibrados y adaptados a cada etapa del crecimiento, elaborados con ingredientes frescos y de calidad. Nuestra prioridad es garantizar una alimentaci\u00f3n saludable, segura y sabrosa, respetando el ritmo y las necesidades de cada ni\u00f1o. Contacta ahora Equilibrados y naturales Men\u00fas infantiles Los primeros a\u00f1os de vida son esenciales para la adquisici\u00f3n de h\u00e1bitos alimentarios saludables. Por eso, nuestros men\u00fas est\u00e1n dise\u00f1ados por nutricionistas infantiles y siguen los criterios de una alimentaci\u00f3n equilibrada: Recetas suaves y naturales, adecuadas a cada edad. Ingredientes frescos y de proximidad, sin fritos ni ultraprocesados. Texturas y sabores adaptados a las diferentes etapas de desarrollo. Alternativas para alergias, intolerancias o dietas especiales. Nuestros valores en el catering infantil Valores y calidad \ud83e\udd55 Salud y nutrici\u00f3n: platos equilibrados que aseguran el correcto crecimiento. \ud83c\udf4e Productos de calidad: usamos fruta, verdura y prote\u00edna fresca cada d\u00eda. \ud83c\udf31 Sostenibilidad: priorizamos productos de temporada y reducimos residuos. \ud83e\udd0d Trato cercano: trabajamos codo a codo con educadoras y familias para adaptarnos a cada ni\u00f1o. \ud83d\udc76 Educaci\u00f3n alimentaria: fomentamos desde peque\u00f1os el gusto por la buena alimentaci\u00f3n. Solicita presupuesto sin compromiso Por qu\u00e9 elegirnos Nuestro servicio de catering combina seguridad alimentaria, calidad y cari\u00f1o. Sabemos que alimentar a un ni\u00f1o es mucho m\u00e1s que darle comida: es cuidar, ense\u00f1ar y compartir valores. Trabajamos con equipos formados y protocolos rigurosos para garantizar que cada comida sea segura, nutritiva y agradable. Contacta<\/p>\n","protected":false},"author":1,"featured_media":0,"parent":0,"menu_order":0,"comment_status":"closed","ping_status":"closed","template":"elementor_canvas","meta":{"footnotes":""},"class_list":["post-3090","page","type-page","status-publish","hentry"],"_links":{"self":[{"href":"https:\/\/cantabrico.cat\/es\/wp-json\/wp\/v2\/pages\/3090","targetHints":{"allow":["GET"]}}],"collection":[{"href":"https:\/\/cantabrico.cat\/es\/wp-json\/wp\/v2\/pages"}],"about":[{"href":"https:\/\/cantabrico.cat\/es\/wp-json\/wp\/v2\/types\/page"}],"author":[{"embeddable":true,"href":"https:\/\/cantabrico.cat\/es\/wp-json\/wp\/v2\/users\/1"}],"replies":[{"embeddable":true,"href":"https:\/\/cantabrico.cat\/es\/wp-json\/wp\/v2\/comments?post=3090"}],"version-history":[{"count":4,"href":"https:\/\/cantabrico.cat\/es\/wp-json\/wp\/v2\/pages\/3090\/revisions"}],"predecessor-version":[{"id":3095,"href":"https:\/\/cantabrico.cat\/es\/wp-json\/wp\/v2\/pages\/3090\/revisions\/3095"}],"wp:attachment":[{"href":"https:\/\/cantabrico.cat\/es\/wp-json\/wp\/v2\/media?parent=3090"}],"curies":[{"name":"wp","href":"https:\/\/api.w.org\/{rel}","templated":true}]}}