{"id":3082,"date":"2025-10-29T20:22:16","date_gmt":"2025-10-29T20:22:16","guid":{"rendered":"https:\/\/cantabrico.cat\/?page_id=3082"},"modified":"2025-11-28T09:11:24","modified_gmt":"2025-11-28T09:11:24","slug":"catering-comedor-para-casales","status":"publish","type":"page","link":"https:\/\/cantabrico.cat\/es\/catering-comedor-para-casales\/","title":{"rendered":"Catering comedor para casales"},"content":{"rendered":"\t\t<div data-elementor-type=\"wp-page\" data-elementor-id=\"3082\" class=\"elementor elementor-3082\">\n\t\t\t\t<div class=\"elementor-element elementor-element-e3f828a e-flex e-con-boxed wpr-sticky-section-no e-con e-parent\" data-id=\"e3f828a\" data-element_type=\"container\" data-settings=\"{&quot;background_background&quot;:&quot;video&quot;,&quot;background_video_link&quot;:&quot;https:\\\/\\\/cantabrico.cat\\\/wp-content\\\/uploads\\\/2025\\\/10\\\/Cantabrico-catering-buffet-6.mp4&quot;,&quot;background_play_on_mobile&quot;:&quot;yes&quot;}\">\n\t\t\t\t\t<div class=\"e-con-inner\">\n\t\t<div class=\"elementor-background-video-container\" aria-hidden=\"true\">\n\t\t\t\t\t\t\t<video class=\"elementor-background-video-hosted\" autoplay muted playsinline loop><\/video>\n\t\t\t\t\t<\/div><div class=\"elementor-element elementor-element-751face e-con-full e-flex wpr-sticky-section-no e-con e-child\" data-id=\"751face\" data-element_type=\"container\">\n\t\t\t\t<div class=\"elementor-element elementor-element-30ed936 elementor-widget elementor-widget-heading\" data-id=\"30ed936\" data-element_type=\"widget\" data-settings=\"{&quot;_animation&quot;:&quot;none&quot;}\" data-widget_type=\"heading.default\">\n\t\t\t\t\t<h1 class=\"elementor-heading-title elementor-size-default\">Catering comedor para casales<\/h1>\t\t\t\t<\/div>\n\t\t\t\t<\/div>\n\t\t\t\t\t<\/div>\n\t\t\t\t<\/div>\n\t\t\t\t<section class=\"elementor-section elementor-top-section elementor-element elementor-element-fdc5b83 elementor-reverse-mobile elementor-section-boxed elementor-section-height-default elementor-section-height-default wpr-sticky-section-no\" data-id=\"fdc5b83\" data-element_type=\"section\" data-settings=\"{&quot;background_background&quot;:&quot;classic&quot;}\">\n\t\t\t\t\t\t<div class=\"elementor-container elementor-column-gap-default\">\n\t\t\t\t\t<div class=\"elementor-column elementor-col-50 elementor-top-column elementor-element elementor-element-cb97029\" data-id=\"cb97029\" data-element_type=\"column\">\n\t\t\t<div class=\"elementor-widget-wrap elementor-element-populated\">\n\t\t\t\t\t\t<div class=\"elementor-element elementor-element-223c082 elementor-widget elementor-widget-heading\" data-id=\"223c082\" data-element_type=\"widget\" data-settings=\"{&quot;_animation&quot;:&quot;none&quot;}\" data-widget_type=\"heading.default\">\n\t\t\t\t\t<p class=\"elementor-heading-title elementor-size-default\">Catering Cant\u00e1brico en Barcelona para casales<\/p>\t\t\t\t<\/div>\n\t\t\t\t<div class=\"elementor-element elementor-element-d9a3246 elementor-widget elementor-widget-heading\" data-id=\"d9a3246\" data-element_type=\"widget\" data-settings=\"{&quot;_animation&quot;:&quot;none&quot;,&quot;_animation_delay&quot;:100}\" data-widget_type=\"heading.default\">\n\t\t\t\t\t<h2 class=\"elementor-heading-title elementor-size-default\">Men\u00fas saludables y energ\u00e9ticos para d\u00edas llenos de actividad<\/h2>\t\t\t\t<\/div>\n\t\t\t\t<div class=\"elementor-element elementor-element-8c17eae elementor-widget elementor-widget-text-editor\" data-id=\"8c17eae\" data-element_type=\"widget\" data-settings=\"{&quot;_animation&quot;:&quot;none&quot;,&quot;_animation_delay&quot;:200}\" data-widget_type=\"text-editor.default\">\n\t\t\t\t\t\t\t\t\tEn <strong><span style=\"color: #dd4530;\">Catering Cant\u00e1brico<\/span><\/strong>, ofrecemos un servicio de catering para casales en Barcelona adaptado a las necesidades de ni\u00f1os, j\u00f3venes y monitores.\nSabemos que en un casal cada d\u00eda es diferente: actividades, excursiones, juegos y deporte&#8230; por eso preparamos comidas equilibradas, sabrosas y pr\u00e1cticas, ideales para mantener la energ\u00eda y el buen humor durante toda la jornada. \t\t\t\t\t\t\t\t<\/div>\n\t\t\t\t<div class=\"elementor-element elementor-element-4cfb807 wpr-button-icon-style-inline wpr-button-icon-position-right elementor-invisible elementor-widget elementor-widget-wpr-button\" data-id=\"4cfb807\" data-element_type=\"widget\" data-settings=\"{&quot;_animation&quot;:&quot;fadeIn&quot;,&quot;_animation_delay&quot;:300}\" data-widget_type=\"wpr-button.default\">\n\t\t\t\t\t\t\n\t\t\t\n\t\t\n\t\t<div class=\"wpr-button-wrap elementor-clearfix\">\n\t\t<a class=\"wpr-button wpr-button-effect wpr-button-none\" data-text=\"\" href=\"https:\/\/cantabrico.cat\/es\/contacto\/\">\n\t\t\t\n\t\t\t<span class=\"wpr-button-content\">\n\t\t\t\t\t\t\t\t\t<span class=\"wpr-button-text\">Contacta ahora<\/span>\n\t\t\t\t\t\t\t\t\n\t\t\t\t\t\t\t<\/span>\n\t\t<\/a>\n\n\t\t\t\t<\/div>\n\t\n\t\n\t\t\t\t\t<\/div>\n\t\t\t\t\t<\/div>\n\t\t<\/div>\n\t\t\t\t<div class=\"elementor-column elementor-col-50 elementor-top-column elementor-element elementor-element-a117df1\" data-id=\"a117df1\" data-element_type=\"column\">\n\t\t\t<div class=\"elementor-widget-wrap elementor-element-populated\">\n\t\t\t\t\t\t<div class=\"elementor-element elementor-element-9ba8b33 elementor-widget elementor-widget-image\" data-id=\"9ba8b33\" data-element_type=\"widget\" data-settings=\"{&quot;_animation&quot;:&quot;none&quot;}\" data-widget_type=\"image.default\">\n\t\t\t\t\t\t\t\t\t\t\t\t\t\t\t<img fetchpriority=\"high\" decoding=\"async\" width=\"950\" height=\"659\" src=\"https:\/\/cantabrico.cat\/wp-content\/uploads\/2025\/10\/segonplat-04-2.jpg\" class=\"attachment-large size-large wp-image-2018\" alt=\"\" srcset=\"https:\/\/cantabrico.cat\/wp-content\/uploads\/2025\/10\/segonplat-04-2.jpg 950w, https:\/\/cantabrico.cat\/wp-content\/uploads\/2025\/10\/segonplat-04-2-300x208.jpg 300w, https:\/\/cantabrico.cat\/wp-content\/uploads\/2025\/10\/segonplat-04-2-768x533.jpg 768w\" sizes=\"(max-width: 950px) 100vw, 950px\" \/>\t\t\t\t\t\t\t\t\t\t\t\t\t\t\t<\/div>\n\t\t\t\t\t<\/div>\n\t\t<\/div>\n\t\t\t\t\t<\/div>\n\t\t<\/section>\n\t\t\t\t<section class=\"elementor-section elementor-top-section elementor-element elementor-element-5f5601f elementor-section-boxed elementor-section-height-default elementor-section-height-default wpr-sticky-section-no\" data-id=\"5f5601f\" data-element_type=\"section\" data-settings=\"{&quot;background_background&quot;:&quot;classic&quot;}\">\n\t\t\t\t\t\t<div class=\"elementor-container elementor-column-gap-default\">\n\t\t\t\t\t<div class=\"elementor-column elementor-col-50 elementor-top-column elementor-element elementor-element-4f92790\" data-id=\"4f92790\" data-element_type=\"column\">\n\t\t\t<div class=\"elementor-widget-wrap elementor-element-populated\">\n\t\t\t\t\t\t<div class=\"elementor-element elementor-element-820d69e elementor-invisible elementor-widget elementor-widget-image\" data-id=\"820d69e\" data-element_type=\"widget\" data-settings=\"{&quot;_animation&quot;:&quot;fadeIn&quot;}\" data-widget_type=\"image.default\">\n\t\t\t\t\t\t\t\t\t\t\t\t\t\t\t<img decoding=\"async\" width=\"960\" height=\"640\" src=\"https:\/\/cantabrico.cat\/wp-content\/uploads\/2025\/10\/Catering-Cantabrico-Ninos-Comiendo-6-1024x683.jpg\" class=\"attachment-large size-large wp-image-2713\" alt=\"\" srcset=\"https:\/\/cantabrico.cat\/wp-content\/uploads\/2025\/10\/Catering-Cantabrico-Ninos-Comiendo-6-1024x683.jpg 1024w, https:\/\/cantabrico.cat\/wp-content\/uploads\/2025\/10\/Catering-Cantabrico-Ninos-Comiendo-6-300x200.jpg 300w, https:\/\/cantabrico.cat\/wp-content\/uploads\/2025\/10\/Catering-Cantabrico-Ninos-Comiendo-6-768x512.jpg 768w, https:\/\/cantabrico.cat\/wp-content\/uploads\/2025\/10\/Catering-Cantabrico-Ninos-Comiendo-6.jpg 1200w\" sizes=\"(max-width: 960px) 100vw, 960px\" \/>\t\t\t\t\t\t\t\t\t\t\t\t\t\t\t<\/div>\n\t\t\t\t\t<\/div>\n\t\t<\/div>\n\t\t\t\t<div class=\"elementor-column elementor-col-50 elementor-top-column elementor-element elementor-element-c52b221\" data-id=\"c52b221\" data-element_type=\"column\">\n\t\t\t<div class=\"elementor-widget-wrap elementor-element-populated\">\n\t\t\t\t\t\t<div class=\"elementor-element elementor-element-12bb7e0 elementor-invisible elementor-widget elementor-widget-heading\" data-id=\"12bb7e0\" data-element_type=\"widget\" data-settings=\"{&quot;_animation&quot;:&quot;fadeIn&quot;}\" data-widget_type=\"heading.default\">\n\t\t\t\t\t<p class=\"elementor-heading-title elementor-size-default\">Activos y saludables<\/p>\t\t\t\t<\/div>\n\t\t\t\t<div class=\"elementor-element elementor-element-0e9bbea elementor-invisible elementor-widget elementor-widget-heading\" data-id=\"0e9bbea\" data-element_type=\"widget\" data-settings=\"{&quot;_animation&quot;:&quot;fadeIn&quot;,&quot;_animation_delay&quot;:100}\" data-widget_type=\"heading.default\">\n\t\t\t\t\t<h2 class=\"elementor-heading-title elementor-size-default\">Men\u00fas para casales<\/h2>\t\t\t\t<\/div>\n\t\t\t\t<div class=\"elementor-element elementor-element-7b4b0cc elementor-invisible elementor-widget elementor-widget-text-editor\" data-id=\"7b4b0cc\" data-element_type=\"widget\" data-settings=\"{&quot;_animation&quot;:&quot;fadeIn&quot;,&quot;_animation_delay&quot;:200}\" data-widget_type=\"text-editor.default\">\n\t\t\t\t\t\t\t\t\t<p>Nuestros <strong>men\u00fas para casales de verano, deportivos o de ocio<\/strong> est\u00e1n dise\u00f1ados para ofrecer una alimentaci\u00f3n completa, variada y segura:<\/p><ul><li><strong>Platos equilibrados<\/strong> con verduras, prote\u00ednas, legumbres y cereales integrales.<\/li><li><strong>Opciones adaptadas a edades y niveles de actividad.<\/strong><\/li><li><strong>Alternativas para alergias, intolerancias o dietas especiales.<\/strong><\/li><li><strong>Men\u00fas frescos y caseros<\/strong>, elaborados cada d\u00eda con productos de temporada.<\/li><\/ul>\t\t\t\t\t\t\t\t<\/div>\n\t\t\t\t\t<\/div>\n\t\t<\/div>\n\t\t\t\t\t<\/div>\n\t\t<\/section>\n\t\t\t\t<section class=\"elementor-section elementor-top-section elementor-element elementor-element-7c5b2e2 elementor-reverse-mobile elementor-section-boxed elementor-section-height-default elementor-section-height-default wpr-sticky-section-no\" data-id=\"7c5b2e2\" data-element_type=\"section\" data-settings=\"{&quot;background_background&quot;:&quot;classic&quot;}\">\n\t\t\t\t\t\t<div class=\"elementor-container elementor-column-gap-default\">\n\t\t\t\t\t<div class=\"elementor-column elementor-col-50 elementor-top-column elementor-element elementor-element-10d181a\" data-id=\"10d181a\" data-element_type=\"column\">\n\t\t\t<div class=\"elementor-widget-wrap elementor-element-populated\">\n\t\t\t\t\t\t<div class=\"elementor-element elementor-element-44125e5 elementor-widget elementor-widget-heading\" data-id=\"44125e5\" data-element_type=\"widget\" data-settings=\"{&quot;_animation&quot;:&quot;none&quot;}\" data-widget_type=\"heading.default\">\n\t\t\t\t\t<p class=\"elementor-heading-title elementor-size-default\">Solicita presupuesto sin compromiso<\/p>\t\t\t\t<\/div>\n\t\t\t\t<div class=\"elementor-element elementor-element-693d3a7 elementor-widget elementor-widget-heading\" data-id=\"693d3a7\" data-element_type=\"widget\" data-settings=\"{&quot;_animation&quot;:&quot;none&quot;,&quot;_animation_delay&quot;:100}\" data-widget_type=\"heading.default\">\n\t\t\t\t\t<h2 class=\"elementor-heading-title elementor-size-default\">Por qu\u00e9 elegir nuestro catering<\/h2>\t\t\t\t<\/div>\n\t\t\t\t<div class=\"elementor-element elementor-element-0893b44 elementor-widget elementor-widget-text-editor\" data-id=\"0893b44\" data-element_type=\"widget\" data-settings=\"{&quot;_animation&quot;:&quot;none&quot;,&quot;_animation_delay&quot;:200}\" data-widget_type=\"text-editor.default\">\n\t\t\t\t\t\t\t\t\t<p>\ud83e\udd66 <strong>Energ\u00eda y salud:<\/strong> recetas que aportan todo lo necesario para disfrutar de un d\u00eda activo.<\/p><p>\ud83c\udf7d\ufe0f <strong>Organizaci\u00f3n y puntualidad:<\/strong> nos encargamos de la log\u00edstica y de la entrega puntual en el centro o punto de encuentro.<\/p><p>\ud83d\udc69\u200d\ud83c\udf73 <strong>Cocina propia:<\/strong> platos elaborados con ingredientes frescos y de proximidad.<\/p><p>\ud83d\udeb8 <strong>Adaptaci\u00f3n total:<\/strong> men\u00fas personalizados seg\u00fan edades, actividades y preferencias del grupo.<\/p><p>\ud83c\udf3f <strong>Compromiso sostenible:<\/strong> priorizamos productos locales y materiales reciclables.<\/p>\t\t\t\t\t\t\t\t<\/div>\n\t\t\t\t\t<\/div>\n\t\t<\/div>\n\t\t\t\t<div class=\"elementor-column elementor-col-50 elementor-top-column elementor-element elementor-element-c91f6f4\" data-id=\"c91f6f4\" data-element_type=\"column\">\n\t\t\t<div class=\"elementor-widget-wrap elementor-element-populated\">\n\t\t\t\t\t\t<div class=\"elementor-element elementor-element-cd8b16c elementor-widget elementor-widget-image\" data-id=\"cd8b16c\" data-element_type=\"widget\" data-settings=\"{&quot;_animation&quot;:&quot;none&quot;}\" data-widget_type=\"image.default\">\n\t\t\t\t\t\t\t\t\t\t\t\t\t\t\t<img decoding=\"async\" width=\"750\" height=\"500\" src=\"https:\/\/cantabrico.cat\/wp-content\/uploads\/2025\/10\/cantabrico-catering-rect-7-750x500-1.jpg\" class=\"attachment-large size-large wp-image-1953\" alt=\"\" srcset=\"https:\/\/cantabrico.cat\/wp-content\/uploads\/2025\/10\/cantabrico-catering-rect-7-750x500-1.jpg 750w, https:\/\/cantabrico.cat\/wp-content\/uploads\/2025\/10\/cantabrico-catering-rect-7-750x500-1-300x200.jpg 300w\" sizes=\"(max-width: 750px) 100vw, 750px\" \/>\t\t\t\t\t\t\t\t\t\t\t\t\t\t\t<\/div>\n\t\t\t\t\t<\/div>\n\t\t<\/div>\n\t\t\t\t\t<\/div>\n\t\t<\/section>\n\t\t\t\t<section class=\"elementor-section elementor-top-section elementor-element elementor-element-f3d591e elementor-section-boxed elementor-section-height-default elementor-section-height-default wpr-sticky-section-no\" data-id=\"f3d591e\" data-element_type=\"section\" data-settings=\"{&quot;background_background&quot;:&quot;classic&quot;}\">\n\t\t\t\t\t\t<div class=\"elementor-container elementor-column-gap-default\">\n\t\t\t\t\t<div class=\"elementor-column elementor-col-50 elementor-top-column elementor-element elementor-element-94db631\" data-id=\"94db631\" data-element_type=\"column\">\n\t\t\t<div class=\"elementor-widget-wrap elementor-element-populated\">\n\t\t\t\t\t\t<div class=\"elementor-element elementor-element-318d5aa elementor-invisible elementor-widget elementor-widget-image\" data-id=\"318d5aa\" data-element_type=\"widget\" data-settings=\"{&quot;_animation&quot;:&quot;fadeIn&quot;}\" data-widget_type=\"image.default\">\n\t\t\t\t\t\t\t\t\t\t\t\t\t\t\t<img loading=\"lazy\" decoding=\"async\" width=\"960\" height=\"640\" src=\"https:\/\/cantabrico.cat\/wp-content\/uploads\/2025\/10\/Catering-Cantabrico-Contacto-1200x800-1-1024x683.jpg\" class=\"attachment-large size-large wp-image-2434\" alt=\"C\u00e0tering Cant\u00e1brico - Contacto 1200x800\" srcset=\"https:\/\/cantabrico.cat\/wp-content\/uploads\/2025\/10\/Catering-Cantabrico-Contacto-1200x800-1-1024x683.jpg 1024w, https:\/\/cantabrico.cat\/wp-content\/uploads\/2025\/10\/Catering-Cantabrico-Contacto-1200x800-1-300x200.jpg 300w, https:\/\/cantabrico.cat\/wp-content\/uploads\/2025\/10\/Catering-Cantabrico-Contacto-1200x800-1-768x512.jpg 768w, https:\/\/cantabrico.cat\/wp-content\/uploads\/2025\/10\/Catering-Cantabrico-Contacto-1200x800-1.jpg 1200w\" sizes=\"(max-width: 960px) 100vw, 960px\" \/>\t\t\t\t\t\t\t\t\t\t\t\t\t\t\t<\/div>\n\t\t\t\t\t<\/div>\n\t\t<\/div>\n\t\t\t\t<div class=\"elementor-column elementor-col-50 elementor-top-column elementor-element elementor-element-6d6bc59\" data-id=\"6d6bc59\" data-element_type=\"column\">\n\t\t\t<div class=\"elementor-widget-wrap elementor-element-populated\">\n\t\t\t\t\t\t<div class=\"elementor-element elementor-element-bcc369c elementor-invisible elementor-widget elementor-widget-heading\" data-id=\"bcc369c\" data-element_type=\"widget\" data-settings=\"{&quot;_animation&quot;:&quot;fadeIn&quot;}\" data-widget_type=\"heading.default\">\n\t\t\t\t\t<p class=\"elementor-heading-title elementor-size-default\">Servicios flexibles para casales<\/p>\t\t\t\t<\/div>\n\t\t\t\t<div class=\"elementor-element elementor-element-7f73f55 elementor-invisible elementor-widget elementor-widget-heading\" data-id=\"7f73f55\" data-element_type=\"widget\" data-settings=\"{&quot;_animation&quot;:&quot;fadeIn&quot;,&quot;_animation_delay&quot;:100}\" data-widget_type=\"heading.default\">\n\t\t\t\t\t<h2 class=\"elementor-heading-title elementor-size-default\">Un catering pensado para el verano<\/h2>\t\t\t\t<\/div>\n\t\t\t\t<div class=\"elementor-element elementor-element-c144fc0 elementor-invisible elementor-widget elementor-widget-text-editor\" data-id=\"c144fc0\" data-element_type=\"widget\" data-settings=\"{&quot;_animation&quot;:&quot;fadeIn&quot;,&quot;_animation_delay&quot;:200}\" data-widget_type=\"text-editor.default\">\n\t\t\t\t\t\t\t\t\t<p>Ofrecemos <strong>servicios flexibles para casales de verano, deportivos, colonias o actividades escolares.<\/strong><\/p><p>Nos encargamos de todo el proceso: <strong>preparaci\u00f3n, transporte, montaje y recogida<\/strong>, garantizando la seguridad alimentaria y la comodidad de los equipos de monitores.<\/p><p>Te ofreceremos una <strong>propuesta personalizada<\/strong>, adaptada al n\u00famero de participantes, duraci\u00f3n del casal y preferencias alimentarias.<\/p>\t\t\t\t\t\t\t\t<\/div>\n\t\t\t\t<div class=\"elementor-element elementor-element-b40d9b8 wpr-button-icon-style-inline wpr-button-icon-position-right elementor-invisible elementor-widget elementor-widget-wpr-button\" data-id=\"b40d9b8\" data-element_type=\"widget\" data-settings=\"{&quot;_animation&quot;:&quot;fadeIn&quot;,&quot;_animation_delay&quot;:300}\" data-widget_type=\"wpr-button.default\">\n\t\t\t\t\t\t\n\t\t\t\n\t\t\n\t\t<div class=\"wpr-button-wrap elementor-clearfix\">\n\t\t<a class=\"wpr-button wpr-button-effect wpr-button-none\" data-text=\"\" href=\"https:\/\/cantabrico.cat\/es\/contacto\/\">\n\t\t\t\n\t\t\t<span class=\"wpr-button-content\">\n\t\t\t\t\t\t\t\t\t<span class=\"wpr-button-text\">Contacta<\/span>\n\t\t\t\t\t\t\t\t\n\t\t\t\t\t\t\t<\/span>\n\t\t<\/a>\n\n\t\t\t\t<\/div>\n\t\n\t\n\t\t\t\t\t<\/div>\n\t\t\t\t\t<\/div>\n\t\t<\/div>\n\t\t\t\t\t<\/div>\n\t\t<\/section>\n\t\t\t\t<\/div>\n\t\t","protected":false},"excerpt":{"rendered":"<p>Catering comedor para casales Catering Cant\u00e1brico en Barcelona para casales Men\u00fas saludables y energ\u00e9ticos para d\u00edas llenos de actividad En Catering Cant\u00e1brico, ofrecemos un servicio de catering para casales en Barcelona adaptado a las necesidades de ni\u00f1os, j\u00f3venes y monitores. Sabemos que en un casal cada d\u00eda es diferente: actividades, excursiones, juegos y deporte&#8230; por eso preparamos comidas equilibradas, sabrosas y pr\u00e1cticas, ideales para mantener la energ\u00eda y el buen humor durante toda la jornada. Contacta ahora Activos y saludables Men\u00fas para casales Nuestros men\u00fas para casales de verano, deportivos o de ocio est\u00e1n dise\u00f1ados para ofrecer una alimentaci\u00f3n completa, variada y segura: Platos equilibrados con verduras, prote\u00ednas, legumbres y cereales integrales. Opciones adaptadas a edades y niveles de actividad. Alternativas para alergias, intolerancias o dietas especiales. Men\u00fas frescos y caseros, elaborados cada d\u00eda con productos de temporada. Solicita presupuesto sin compromiso Por qu\u00e9 elegir nuestro catering \ud83e\udd66 Energ\u00eda y salud: recetas que aportan todo lo necesario para disfrutar de un d\u00eda activo. \ud83c\udf7d\ufe0f Organizaci\u00f3n y puntualidad: nos encargamos de la log\u00edstica y de la entrega puntual en el centro o punto de encuentro. \ud83d\udc69\u200d\ud83c\udf73 Cocina propia: platos elaborados con ingredientes frescos y de proximidad. \ud83d\udeb8 Adaptaci\u00f3n total: men\u00fas personalizados seg\u00fan edades, actividades y preferencias del grupo. \ud83c\udf3f Compromiso sostenible: priorizamos productos locales y materiales reciclables. Servicios flexibles para casales Un catering pensado para el verano Ofrecemos servicios flexibles para casales de verano, deportivos, colonias o actividades escolares. Nos encargamos de todo el proceso: preparaci\u00f3n, transporte, montaje y recogida, garantizando la seguridad alimentaria y la comodidad de los equipos de monitores. Te ofreceremos una propuesta personalizada, adaptada al n\u00famero de participantes, duraci\u00f3n del casal y preferencias alimentarias. Contacta<\/p>\n","protected":false},"author":1,"featured_media":0,"parent":0,"menu_order":0,"comment_status":"closed","ping_status":"closed","template":"elementor_canvas","meta":{"footnotes":""},"class_list":["post-3082","page","type-page","status-publish","hentry"],"_links":{"self":[{"href":"https:\/\/cantabrico.cat\/es\/wp-json\/wp\/v2\/pages\/3082","targetHints":{"allow":["GET"]}}],"collection":[{"href":"https:\/\/cantabrico.cat\/es\/wp-json\/wp\/v2\/pages"}],"about":[{"href":"https:\/\/cantabrico.cat\/es\/wp-json\/wp\/v2\/types\/page"}],"author":[{"embeddable":true,"href":"https:\/\/cantabrico.cat\/es\/wp-json\/wp\/v2\/users\/1"}],"replies":[{"embeddable":true,"href":"https:\/\/cantabrico.cat\/es\/wp-json\/wp\/v2\/comments?post=3082"}],"version-history":[{"count":7,"href":"https:\/\/cantabrico.cat\/es\/wp-json\/wp\/v2\/pages\/3082\/revisions"}],"predecessor-version":[{"id":3089,"href":"https:\/\/cantabrico.cat\/es\/wp-json\/wp\/v2\/pages\/3082\/revisions\/3089"}],"wp:attachment":[{"href":"https:\/\/cantabrico.cat\/es\/wp-json\/wp\/v2\/media?parent=3082"}],"curies":[{"name":"wp","href":"https:\/\/api.w.org\/{rel}","templated":true}]}}