{"id":3068,"date":"2025-10-29T19:06:50","date_gmt":"2025-10-29T19:06:50","guid":{"rendered":"https:\/\/cantabrico.cat\/?page_id=3068"},"modified":"2025-11-28T08:53:17","modified_gmt":"2025-11-28T08:53:17","slug":"catering-comedor-institutos","status":"publish","type":"page","link":"https:\/\/cantabrico.cat\/es\/catering-comedor-institutos\/","title":{"rendered":"Catering comedor institutos"},"content":{"rendered":"\t\t<div data-elementor-type=\"wp-page\" data-elementor-id=\"3068\" class=\"elementor elementor-3068\">\n\t\t\t\t<div class=\"elementor-element elementor-element-e3f828a e-flex e-con-boxed wpr-sticky-section-no e-con e-parent\" data-id=\"e3f828a\" data-element_type=\"container\" data-settings=\"{&quot;background_background&quot;:&quot;video&quot;,&quot;background_video_link&quot;:&quot;https:\\\/\\\/cantabrico.cat\\\/wp-content\\\/uploads\\\/2025\\\/10\\\/Cantabrico-vegetales-1.mp4&quot;,&quot;background_play_on_mobile&quot;:&quot;yes&quot;}\">\n\t\t\t\t\t<div class=\"e-con-inner\">\n\t\t<div class=\"elementor-background-video-container\" aria-hidden=\"true\">\n\t\t\t\t\t\t\t<video class=\"elementor-background-video-hosted\" autoplay muted playsinline loop><\/video>\n\t\t\t\t\t<\/div><div class=\"elementor-element elementor-element-751face e-con-full e-flex wpr-sticky-section-no e-con e-child\" data-id=\"751face\" data-element_type=\"container\">\n\t\t\t\t<div class=\"elementor-element elementor-element-30ed936 elementor-widget elementor-widget-heading\" data-id=\"30ed936\" data-element_type=\"widget\" data-settings=\"{&quot;_animation&quot;:&quot;none&quot;}\" data-widget_type=\"heading.default\">\n\t\t\t\t\t<h1 class=\"elementor-heading-title elementor-size-default\">Catering comedor institutos<\/h1>\t\t\t\t<\/div>\n\t\t\t\t<\/div>\n\t\t\t\t\t<\/div>\n\t\t\t\t<\/div>\n\t\t\t\t<section class=\"elementor-section elementor-top-section elementor-element elementor-element-fdc5b83 elementor-reverse-mobile elementor-section-boxed elementor-section-height-default elementor-section-height-default wpr-sticky-section-no\" data-id=\"fdc5b83\" data-element_type=\"section\" data-settings=\"{&quot;background_background&quot;:&quot;classic&quot;}\">\n\t\t\t\t\t\t<div class=\"elementor-container elementor-column-gap-default\">\n\t\t\t\t\t<div class=\"elementor-column elementor-col-50 elementor-top-column elementor-element elementor-element-cb97029\" data-id=\"cb97029\" data-element_type=\"column\">\n\t\t\t<div class=\"elementor-widget-wrap elementor-element-populated\">\n\t\t\t\t\t\t<div class=\"elementor-element elementor-element-223c082 elementor-widget elementor-widget-heading\" data-id=\"223c082\" data-element_type=\"widget\" data-settings=\"{&quot;_animation&quot;:&quot;none&quot;}\" data-widget_type=\"heading.default\">\n\t\t\t\t\t<p class=\"elementor-heading-title elementor-size-default\">Servicio de catering para institutos en Barcelona<\/p>\t\t\t\t<\/div>\n\t\t\t\t<div class=\"elementor-element elementor-element-d9a3246 elementor-widget elementor-widget-heading\" data-id=\"d9a3246\" data-element_type=\"widget\" data-settings=\"{&quot;_animation&quot;:&quot;none&quot;,&quot;_animation_delay&quot;:100}\" data-widget_type=\"heading.default\">\n\t\t\t\t\t<h2 class=\"elementor-heading-title elementor-size-default\">Men\u00fas equilibrados y sabrosos<\/h2>\t\t\t\t<\/div>\n\t\t\t\t<div class=\"elementor-element elementor-element-8c17eae elementor-widget elementor-widget-text-editor\" data-id=\"8c17eae\" data-element_type=\"widget\" data-settings=\"{&quot;_animation&quot;:&quot;none&quot;,&quot;_animation_delay&quot;:200}\" data-widget_type=\"text-editor.default\">\n\t\t\t\t\t\t\t\t\t<p>En <span style=\"color: #dd4530;\"><strong>Catering Cant\u00e1brico<\/strong><\/span>, ofrecemos un <strong>servicio de catering para institutos en Barcelona<\/strong> dise\u00f1ado para cubrir las necesidades nutricionales de los j\u00f3venes en edad escolar. Nuestros men\u00fas combinan <strong>sabor, variedad y salud<\/strong>, inspirados en la <strong>cocina c\u00e1ntabra y mediterr\u00e1nea<\/strong>, para que cada comida sea completa, equilibrada y motivadora para el alumnado.<\/p>\t\t\t\t\t\t\t\t<\/div>\n\t\t\t\t<div class=\"elementor-element elementor-element-3cc7e52 elementor-widget elementor-widget-text-editor\" data-id=\"3cc7e52\" data-element_type=\"widget\" data-settings=\"{&quot;_animation&quot;:&quot;none&quot;,&quot;_animation_delay&quot;:200}\" data-widget_type=\"text-editor.default\">\n\t\t\t\t\t\t\t\t\t<p>La adolescencia es una etapa de crecimiento y de gran actividad. Por eso, nuestros <strong>men\u00fas para institutos<\/strong> est\u00e1n elaborados por <strong>nutricionistas especializados<\/strong> que tienen en cuenta:<\/p><ul><li>El aporte energ\u00e9tico necesario para un buen rendimiento acad\u00e9mico y f\u00edsico.<\/li><li><strong>Platos variados y equilibrados<\/strong>, con verduras, prote\u00ednas, legumbres y cereales integrales.<\/li><li><strong>Opciones adaptadas a dietas especiales, alergias o intolerancias.<\/strong><\/li><li><strong>Recetas atractivas<\/strong> para fomentar h\u00e1bitos alimentarios saludables y evitar el rechazo a alimentos nutritivos.<\/li><\/ul>\t\t\t\t\t\t\t\t<\/div>\n\t\t\t\t\t<\/div>\n\t\t<\/div>\n\t\t\t\t<div class=\"elementor-column elementor-col-50 elementor-top-column elementor-element elementor-element-a117df1\" data-id=\"a117df1\" data-element_type=\"column\">\n\t\t\t<div class=\"elementor-widget-wrap elementor-element-populated\">\n\t\t\t\t\t\t<div class=\"elementor-element elementor-element-9ba8b33 elementor-widget elementor-widget-image\" data-id=\"9ba8b33\" data-element_type=\"widget\" data-settings=\"{&quot;_animation&quot;:&quot;none&quot;}\" data-widget_type=\"image.default\">\n\t\t\t\t\t\t\t\t\t\t\t\t\t\t\t<img fetchpriority=\"high\" decoding=\"async\" width=\"960\" height=\"960\" src=\"https:\/\/cantabrico.cat\/wp-content\/uploads\/2025\/10\/Catering-Cantabrico-Institut-2-1000x1000-1.jpg\" class=\"attachment-large size-large wp-image-2495\" alt=\"C\u00e0tering Cant\u00e1brico\" srcset=\"https:\/\/cantabrico.cat\/wp-content\/uploads\/2025\/10\/Catering-Cantabrico-Institut-2-1000x1000-1.jpg 1000w, https:\/\/cantabrico.cat\/wp-content\/uploads\/2025\/10\/Catering-Cantabrico-Institut-2-1000x1000-1-300x300.jpg 300w, https:\/\/cantabrico.cat\/wp-content\/uploads\/2025\/10\/Catering-Cantabrico-Institut-2-1000x1000-1-150x150.jpg 150w, https:\/\/cantabrico.cat\/wp-content\/uploads\/2025\/10\/Catering-Cantabrico-Institut-2-1000x1000-1-768x768.jpg 768w\" sizes=\"(max-width: 960px) 100vw, 960px\" \/>\t\t\t\t\t\t\t\t\t\t\t\t\t\t\t<\/div>\n\t\t\t\t\t<\/div>\n\t\t<\/div>\n\t\t\t\t\t<\/div>\n\t\t<\/section>\n\t\t\t\t<section class=\"elementor-section elementor-top-section elementor-element elementor-element-5f5601f elementor-section-boxed elementor-section-height-default elementor-section-height-default wpr-sticky-section-no\" data-id=\"5f5601f\" data-element_type=\"section\" data-settings=\"{&quot;background_background&quot;:&quot;classic&quot;}\">\n\t\t\t\t\t\t<div class=\"elementor-container elementor-column-gap-default\">\n\t\t\t\t\t<div class=\"elementor-column elementor-col-50 elementor-top-column elementor-element elementor-element-4f92790\" data-id=\"4f92790\" data-element_type=\"column\">\n\t\t\t<div class=\"elementor-widget-wrap elementor-element-populated\">\n\t\t\t\t\t\t<div class=\"elementor-element elementor-element-820d69e elementor-invisible elementor-widget elementor-widget-image\" data-id=\"820d69e\" data-element_type=\"widget\" data-settings=\"{&quot;_animation&quot;:&quot;fadeIn&quot;}\" data-widget_type=\"image.default\">\n\t\t\t\t\t\t\t\t\t\t\t\t\t\t\t<img decoding=\"async\" width=\"750\" height=\"500\" src=\"https:\/\/cantabrico.cat\/wp-content\/uploads\/2025\/10\/cantabrico-equipo-3-c1.jpg\" class=\"attachment-large size-large wp-image-2786\" alt=\"Catering-cant\u00e1brico\" srcset=\"https:\/\/cantabrico.cat\/wp-content\/uploads\/2025\/10\/cantabrico-equipo-3-c1.jpg 750w, https:\/\/cantabrico.cat\/wp-content\/uploads\/2025\/10\/cantabrico-equipo-3-c1-300x200.jpg 300w\" sizes=\"(max-width: 750px) 100vw, 750px\" \/>\t\t\t\t\t\t\t\t\t\t\t\t\t\t\t<\/div>\n\t\t\t\t\t<\/div>\n\t\t<\/div>\n\t\t\t\t<div class=\"elementor-column elementor-col-50 elementor-top-column elementor-element elementor-element-c52b221\" data-id=\"c52b221\" data-element_type=\"column\">\n\t\t\t<div class=\"elementor-widget-wrap elementor-element-populated\">\n\t\t\t\t\t\t<div class=\"elementor-element elementor-element-12bb7e0 elementor-invisible elementor-widget elementor-widget-heading\" data-id=\"12bb7e0\" data-element_type=\"widget\" data-settings=\"{&quot;_animation&quot;:&quot;fadeIn&quot;}\" data-widget_type=\"heading.default\">\n\t\t\t\t\t<p class=\"elementor-heading-title elementor-size-default\">Ventajas de nuestro catering para institutos<\/p>\t\t\t\t<\/div>\n\t\t\t\t<div class=\"elementor-element elementor-element-0e9bbea elementor-invisible elementor-widget elementor-widget-heading\" data-id=\"0e9bbea\" data-element_type=\"widget\" data-settings=\"{&quot;_animation&quot;:&quot;fadeIn&quot;,&quot;_animation_delay&quot;:100}\" data-widget_type=\"heading.default\">\n\t\t\t\t\t<h2 class=\"elementor-heading-title elementor-size-default\">Ventajas<\/h2>\t\t\t\t<\/div>\n\t\t\t\t<div class=\"elementor-element elementor-element-7b4b0cc elementor-invisible elementor-widget elementor-widget-text-editor\" data-id=\"7b4b0cc\" data-element_type=\"widget\" data-settings=\"{&quot;_animation&quot;:&quot;fadeIn&quot;,&quot;_animation_delay&quot;:200}\" data-widget_type=\"text-editor.default\">\n\t\t\t\t\t\t\t\t\t<ul><li><strong>Ingredientes frescos y de proximidad<\/strong>, seleccionados diariamente.<\/li><li><strong>Cocina casera y equilibrada<\/strong>, con recetas adaptadas al gusto juvenil.<\/li><li><strong>Servicio integral:<\/strong> elaboraci\u00f3n, transporte y atenci\u00f3n en el comedor.<\/li><li><strong>Sostenibilidad y responsabilidad ambiental<\/strong> como valores esenciales.<\/li><li><strong>Comunicaci\u00f3n directa con el centro educativo<\/strong> para ajustar men\u00fas o mejorar la planificaci\u00f3n.<\/li><\/ul>\t\t\t\t\t\t\t\t<\/div>\n\t\t\t\t<div class=\"elementor-element elementor-element-05172de wpr-button-icon-style-inline wpr-button-icon-position-right elementor-invisible elementor-widget elementor-widget-wpr-button\" data-id=\"05172de\" data-element_type=\"widget\" data-settings=\"{&quot;_animation&quot;:&quot;fadeIn&quot;,&quot;_animation_delay&quot;:300}\" data-widget_type=\"wpr-button.default\">\n\t\t\t\t\t\t\n\t\t\t\n\t\t\n\t\t<div class=\"wpr-button-wrap elementor-clearfix\">\n\t\t<a class=\"wpr-button wpr-button-effect wpr-button-none\" data-text=\"\" href=\"https:\/\/cantabrico.cat\/es\/contacto\/\">\n\t\t\t\n\t\t\t<span class=\"wpr-button-content\">\n\t\t\t\t\t\t\t\t\t<span class=\"wpr-button-text\">Contacta<\/span>\n\t\t\t\t\t\t\t\t\n\t\t\t\t\t\t\t<\/span>\n\t\t<\/a>\n\n\t\t\t\t<\/div>\n\t\n\t\n\t\t\t\t\t<\/div>\n\t\t\t\t\t<\/div>\n\t\t<\/div>\n\t\t\t\t\t<\/div>\n\t\t<\/section>\n\t\t\t\t<section class=\"elementor-section elementor-top-section elementor-element elementor-element-7c5b2e2 elementor-reverse-mobile elementor-section-boxed elementor-section-height-default elementor-section-height-default wpr-sticky-section-no\" data-id=\"7c5b2e2\" data-element_type=\"section\" data-settings=\"{&quot;background_background&quot;:&quot;classic&quot;}\">\n\t\t\t\t\t\t<div class=\"elementor-container elementor-column-gap-default\">\n\t\t\t\t\t<div class=\"elementor-column elementor-col-50 elementor-top-column elementor-element elementor-element-10d181a\" data-id=\"10d181a\" data-element_type=\"column\">\n\t\t\t<div class=\"elementor-widget-wrap elementor-element-populated\">\n\t\t\t\t\t\t<div class=\"elementor-element elementor-element-44125e5 elementor-widget elementor-widget-heading\" data-id=\"44125e5\" data-element_type=\"widget\" data-settings=\"{&quot;_animation&quot;:&quot;none&quot;}\" data-widget_type=\"heading.default\">\n\t\t\t\t\t<p class=\"elementor-heading-title elementor-size-default\">Comprometidos con la educaci\u00f3n alimentaria<\/p>\t\t\t\t<\/div>\n\t\t\t\t<div class=\"elementor-element elementor-element-693d3a7 elementor-widget elementor-widget-heading\" data-id=\"693d3a7\" data-element_type=\"widget\" data-settings=\"{&quot;_animation&quot;:&quot;none&quot;,&quot;_animation_delay&quot;:100}\" data-widget_type=\"heading.default\">\n\t\t\t\t\t<h2 class=\"elementor-heading-title elementor-size-default\">Conciencia alimentaria<\/h2>\t\t\t\t<\/div>\n\t\t\t\t<div class=\"elementor-element elementor-element-0893b44 elementor-widget elementor-widget-text-editor\" data-id=\"0893b44\" data-element_type=\"widget\" data-settings=\"{&quot;_animation&quot;:&quot;none&quot;,&quot;_animation_delay&quot;:200}\" data-widget_type=\"text-editor.default\">\n\t\t\t\t\t\t\t\t\t<p>Creemos que el catering escolar es tambi\u00e9n una herramienta educativa. Con nuestro servicio, <strong>promovemos la autonom\u00eda, el respeto por la comida y la conciencia alimentaria.<\/strong> Cada comida es una oportunidad para educar en valores de salud, sostenibilidad y bienestar.<\/p><p><strong>Solicita presupuesto personalizado<\/strong><\/p><p>\u00bfBuscas un <strong>catering para instituto en Barcelona<\/strong> que combine calidad, nutrici\u00f3n y compromiso?<\/p><p>Contacta con <span style=\"color: #dd4530;\"><strong>Catering Cant\u00e1brico<\/strong><\/span> y te ofreceremos una <strong>propuesta adaptada a las necesidades de tu centro educativo.<\/strong><\/p>\t\t\t\t\t\t\t\t<\/div>\n\t\t\t\t<div class=\"elementor-element elementor-element-0c191b4 wpr-button-icon-style-inline wpr-button-icon-position-right elementor-invisible elementor-widget elementor-widget-wpr-button\" data-id=\"0c191b4\" data-element_type=\"widget\" data-settings=\"{&quot;_animation&quot;:&quot;fadeIn&quot;,&quot;_animation_delay&quot;:300}\" data-widget_type=\"wpr-button.default\">\n\t\t\t\t\t\t\n\t\t\t\n\t\t\n\t\t<div class=\"wpr-button-wrap elementor-clearfix\">\n\t\t<a class=\"wpr-button wpr-button-effect wpr-button-none\" data-text=\"\" href=\"https:\/\/cantabrico.cat\/es\/contacto\/\">\n\t\t\t\n\t\t\t<span class=\"wpr-button-content\">\n\t\t\t\t\t\t\t\t\t<span class=\"wpr-button-text\">Contacta ahora<\/span>\n\t\t\t\t\t\t\t\t\n\t\t\t\t\t\t\t<\/span>\n\t\t<\/a>\n\n\t\t\t\t<\/div>\n\t\n\t\n\t\t\t\t\t<\/div>\n\t\t\t\t\t<\/div>\n\t\t<\/div>\n\t\t\t\t<div class=\"elementor-column elementor-col-50 elementor-top-column elementor-element elementor-element-c91f6f4\" data-id=\"c91f6f4\" data-element_type=\"column\">\n\t\t\t<div class=\"elementor-widget-wrap elementor-element-populated\">\n\t\t\t\t\t\t<div class=\"elementor-element elementor-element-cd8b16c elementor-widget elementor-widget-image\" data-id=\"cd8b16c\" data-element_type=\"widget\" data-settings=\"{&quot;_animation&quot;:&quot;none&quot;}\" data-widget_type=\"image.default\">\n\t\t\t\t\t\t\t\t\t\t\t\t\t\t\t<img decoding=\"async\" width=\"950\" height=\"658\" src=\"https:\/\/cantabrico.cat\/wp-content\/uploads\/2025\/10\/primerplat-03.jpg\" class=\"attachment-large size-large wp-image-2013\" alt=\"\" srcset=\"https:\/\/cantabrico.cat\/wp-content\/uploads\/2025\/10\/primerplat-03.jpg 950w, https:\/\/cantabrico.cat\/wp-content\/uploads\/2025\/10\/primerplat-03-300x208.jpg 300w, https:\/\/cantabrico.cat\/wp-content\/uploads\/2025\/10\/primerplat-03-768x532.jpg 768w\" sizes=\"(max-width: 950px) 100vw, 950px\" \/>\t\t\t\t\t\t\t\t\t\t\t\t\t\t\t<\/div>\n\t\t\t\t\t<\/div>\n\t\t<\/div>\n\t\t\t\t\t<\/div>\n\t\t<\/section>\n\t\t\t\t<\/div>\n\t\t","protected":false},"excerpt":{"rendered":"<p>Catering comedor institutos Servicio de catering para institutos en Barcelona Men\u00fas equilibrados y sabrosos En Catering Cant\u00e1brico, ofrecemos un servicio de catering para institutos en Barcelona dise\u00f1ado para cubrir las necesidades nutricionales de los j\u00f3venes en edad escolar. Nuestros men\u00fas combinan sabor, variedad y salud, inspirados en la cocina c\u00e1ntabra y mediterr\u00e1nea, para que cada comida sea completa, equilibrada y motivadora para el alumnado. La adolescencia es una etapa de crecimiento y de gran actividad. Por eso, nuestros men\u00fas para institutos est\u00e1n elaborados por nutricionistas especializados que tienen en cuenta: El aporte energ\u00e9tico necesario para un buen rendimiento acad\u00e9mico y f\u00edsico. Platos variados y equilibrados, con verduras, prote\u00ednas, legumbres y cereales integrales. Opciones adaptadas a dietas especiales, alergias o intolerancias. Recetas atractivas para fomentar h\u00e1bitos alimentarios saludables y evitar el rechazo a alimentos nutritivos. Ventajas de nuestro catering para institutos Ventajas Ingredientes frescos y de proximidad, seleccionados diariamente. Cocina casera y equilibrada, con recetas adaptadas al gusto juvenil. Servicio integral: elaboraci\u00f3n, transporte y atenci\u00f3n en el comedor. Sostenibilidad y responsabilidad ambiental como valores esenciales. Comunicaci\u00f3n directa con el centro educativo para ajustar men\u00fas o mejorar la planificaci\u00f3n. Contacta Comprometidos con la educaci\u00f3n alimentaria Conciencia alimentaria Creemos que el catering escolar es tambi\u00e9n una herramienta educativa. Con nuestro servicio, promovemos la autonom\u00eda, el respeto por la comida y la conciencia alimentaria. Cada comida es una oportunidad para educar en valores de salud, sostenibilidad y bienestar. Solicita presupuesto personalizado \u00bfBuscas un catering para instituto en Barcelona que combine calidad, nutrici\u00f3n y compromiso? Contacta con Catering Cant\u00e1brico y te ofreceremos una propuesta adaptada a las necesidades de tu centro educativo. Contacta ahora<\/p>\n","protected":false},"author":1,"featured_media":0,"parent":0,"menu_order":0,"comment_status":"closed","ping_status":"closed","template":"elementor_canvas","meta":{"footnotes":""},"class_list":["post-3068","page","type-page","status-publish","hentry"],"_links":{"self":[{"href":"https:\/\/cantabrico.cat\/es\/wp-json\/wp\/v2\/pages\/3068","targetHints":{"allow":["GET"]}}],"collection":[{"href":"https:\/\/cantabrico.cat\/es\/wp-json\/wp\/v2\/pages"}],"about":[{"href":"https:\/\/cantabrico.cat\/es\/wp-json\/wp\/v2\/types\/page"}],"author":[{"embeddable":true,"href":"https:\/\/cantabrico.cat\/es\/wp-json\/wp\/v2\/users\/1"}],"replies":[{"embeddable":true,"href":"https:\/\/cantabrico.cat\/es\/wp-json\/wp\/v2\/comments?post=3068"}],"version-history":[{"count":7,"href":"https:\/\/cantabrico.cat\/es\/wp-json\/wp\/v2\/pages\/3068\/revisions"}],"predecessor-version":[{"id":3075,"href":"https:\/\/cantabrico.cat\/es\/wp-json\/wp\/v2\/pages\/3068\/revisions\/3075"}],"wp:attachment":[{"href":"https:\/\/cantabrico.cat\/es\/wp-json\/wp\/v2\/media?parent=3068"}],"curies":[{"name":"wp","href":"https:\/\/api.w.org\/{rel}","templated":true}]}}