{"id":3063,"date":"2025-10-29T07:27:37","date_gmt":"2025-10-29T07:27:37","guid":{"rendered":"https:\/\/cantabrico.cat\/?page_id=3063"},"modified":"2025-11-28T08:45:53","modified_gmt":"2025-11-28T08:45:53","slug":"catering-comedor-escolar","status":"publish","type":"page","link":"https:\/\/cantabrico.cat\/es\/catering-comedor-escolar\/","title":{"rendered":"Catering comedor escolar"},"content":{"rendered":"\t\t<div data-elementor-type=\"wp-page\" data-elementor-id=\"3063\" class=\"elementor elementor-3063\">\n\t\t\t\t<div class=\"elementor-element elementor-element-e3f828a e-flex e-con-boxed wpr-sticky-section-no e-con e-parent\" data-id=\"e3f828a\" data-element_type=\"container\" data-settings=\"{&quot;background_background&quot;:&quot;video&quot;,&quot;background_video_link&quot;:&quot;https:\\\/\\\/cantabrico.cat\\\/wp-content\\\/uploads\\\/2025\\\/10\\\/Cantabrico-Hortalizas-2-cmp.mp4&quot;,&quot;background_play_on_mobile&quot;:&quot;yes&quot;}\">\n\t\t\t\t\t<div class=\"e-con-inner\">\n\t\t<div class=\"elementor-background-video-container\" aria-hidden=\"true\">\n\t\t\t\t\t\t\t<video class=\"elementor-background-video-hosted\" autoplay muted playsinline loop><\/video>\n\t\t\t\t\t<\/div><div class=\"elementor-element elementor-element-751face e-con-full e-flex wpr-sticky-section-no e-con e-child\" data-id=\"751face\" data-element_type=\"container\">\n\t\t\t\t<div class=\"elementor-element elementor-element-30ed936 elementor-widget elementor-widget-heading\" data-id=\"30ed936\" data-element_type=\"widget\" data-settings=\"{&quot;_animation&quot;:&quot;none&quot;}\" data-widget_type=\"heading.default\">\n\t\t\t\t\t<h1 class=\"elementor-heading-title elementor-size-default\">Catering comedor escolar<\/h1>\t\t\t\t<\/div>\n\t\t\t\t<\/div>\n\t\t\t\t\t<\/div>\n\t\t\t\t<\/div>\n\t\t\t\t<section class=\"elementor-section elementor-top-section elementor-element elementor-element-fdc5b83 elementor-reverse-mobile elementor-section-boxed elementor-section-height-default elementor-section-height-default wpr-sticky-section-no\" data-id=\"fdc5b83\" data-element_type=\"section\" data-settings=\"{&quot;background_background&quot;:&quot;classic&quot;}\">\n\t\t\t\t\t\t<div class=\"elementor-container elementor-column-gap-default\">\n\t\t\t\t\t<div class=\"elementor-column elementor-col-50 elementor-top-column elementor-element elementor-element-cb97029\" data-id=\"cb97029\" data-element_type=\"column\">\n\t\t\t<div class=\"elementor-widget-wrap elementor-element-populated\">\n\t\t\t\t\t\t<div class=\"elementor-element elementor-element-223c082 elementor-widget elementor-widget-heading\" data-id=\"223c082\" data-element_type=\"widget\" data-settings=\"{&quot;_animation&quot;:&quot;none&quot;}\" data-widget_type=\"heading.default\">\n\t\t\t\t\t<p class=\"elementor-heading-title elementor-size-default\">Catering Cant\u00e1brico en Barcelona para comedor escolar<\/p>\t\t\t\t<\/div>\n\t\t\t\t<div class=\"elementor-element elementor-element-d9a3246 elementor-widget elementor-widget-heading\" data-id=\"d9a3246\" data-element_type=\"widget\" data-settings=\"{&quot;_animation&quot;:&quot;none&quot;,&quot;_animation_delay&quot;:100}\" data-widget_type=\"heading.default\">\n\t\t\t\t\t<h2 class=\"elementor-heading-title elementor-size-default\">Comidas saludables y deliciosas<\/h2>\t\t\t\t<\/div>\n\t\t\t\t<div class=\"elementor-element elementor-element-8c17eae elementor-widget elementor-widget-text-editor\" data-id=\"8c17eae\" data-element_type=\"widget\" data-settings=\"{&quot;_animation&quot;:&quot;none&quot;,&quot;_animation_delay&quot;:200}\" data-widget_type=\"text-editor.default\">\n\t\t\t\t\t\t\t\t\tEn <strong><span style=\"color: #dd4530;\">C\u00e0tering Cant\u00e1brico<\/span>,<\/strong> ofrecemos un <strong>servicio de catering escolar en Barcelona<\/strong> especializado en men\u00fas saludables, variados y adaptados a cada edad. Nos basamos en la <strong>alimentaci\u00f3n equilibrada y de calidad<\/strong>, inspirada en la <strong>dieta c\u00e1ntabra y mediterr\u00e1nea<\/strong>, ideal para garantizar que los ni\u00f1os reciban todos los nutrientes que necesitan para crecer sanos y activos. \t\t\t\t\t\t\t\t<\/div>\n\t\t\t\t<div class=\"elementor-element elementor-element-4cfb807 wpr-button-icon-style-inline wpr-button-icon-position-right elementor-invisible elementor-widget elementor-widget-wpr-button\" data-id=\"4cfb807\" data-element_type=\"widget\" data-settings=\"{&quot;_animation&quot;:&quot;fadeIn&quot;,&quot;_animation_delay&quot;:300}\" data-widget_type=\"wpr-button.default\">\n\t\t\t\t\t\t\n\t\t\t\n\t\t\n\t\t<div class=\"wpr-button-wrap elementor-clearfix\">\n\t\t<a class=\"wpr-button wpr-button-effect wpr-button-none\" data-text=\"\" href=\"https:\/\/cantabrico.cat\/es\/contacto\/\">\n\t\t\t\n\t\t\t<span class=\"wpr-button-content\">\n\t\t\t\t\t\t\t\t\t<span class=\"wpr-button-text\">Contacta ahora<\/span>\n\t\t\t\t\t\t\t\t\n\t\t\t\t\t\t\t<\/span>\n\t\t<\/a>\n\n\t\t\t\t<\/div>\n\t\n\t\n\t\t\t\t\t<\/div>\n\t\t\t\t\t<\/div>\n\t\t<\/div>\n\t\t\t\t<div class=\"elementor-column elementor-col-50 elementor-top-column elementor-element elementor-element-a117df1\" data-id=\"a117df1\" data-element_type=\"column\">\n\t\t\t<div class=\"elementor-widget-wrap elementor-element-populated\">\n\t\t\t\t\t\t<div class=\"elementor-element elementor-element-9ba8b33 elementor-widget elementor-widget-image\" data-id=\"9ba8b33\" data-element_type=\"widget\" data-settings=\"{&quot;_animation&quot;:&quot;none&quot;}\" data-widget_type=\"image.default\">\n\t\t\t\t\t\t\t\t\t\t\t\t\t\t\t<img fetchpriority=\"high\" decoding=\"async\" width=\"950\" height=\"659\" src=\"https:\/\/cantabrico.cat\/wp-content\/uploads\/2025\/10\/segonplat-04-2.jpg\" class=\"attachment-large size-large wp-image-2018\" alt=\"\" srcset=\"https:\/\/cantabrico.cat\/wp-content\/uploads\/2025\/10\/segonplat-04-2.jpg 950w, https:\/\/cantabrico.cat\/wp-content\/uploads\/2025\/10\/segonplat-04-2-300x208.jpg 300w, https:\/\/cantabrico.cat\/wp-content\/uploads\/2025\/10\/segonplat-04-2-768x533.jpg 768w\" sizes=\"(max-width: 950px) 100vw, 950px\" \/>\t\t\t\t\t\t\t\t\t\t\t\t\t\t\t<\/div>\n\t\t\t\t\t<\/div>\n\t\t<\/div>\n\t\t\t\t\t<\/div>\n\t\t<\/section>\n\t\t\t\t<section class=\"elementor-section elementor-top-section elementor-element elementor-element-5f5601f elementor-section-boxed elementor-section-height-default elementor-section-height-default wpr-sticky-section-no\" data-id=\"5f5601f\" data-element_type=\"section\" data-settings=\"{&quot;background_background&quot;:&quot;classic&quot;}\">\n\t\t\t\t\t\t<div class=\"elementor-container elementor-column-gap-default\">\n\t\t\t\t\t<div class=\"elementor-column elementor-col-50 elementor-top-column elementor-element elementor-element-4f92790\" data-id=\"4f92790\" data-element_type=\"column\">\n\t\t\t<div class=\"elementor-widget-wrap elementor-element-populated\">\n\t\t\t\t\t\t<div class=\"elementor-element elementor-element-820d69e elementor-invisible elementor-widget elementor-widget-image\" data-id=\"820d69e\" data-element_type=\"widget\" data-settings=\"{&quot;_animation&quot;:&quot;fadeIn&quot;}\" data-widget_type=\"image.default\">\n\t\t\t\t\t\t\t\t\t\t\t\t\t\t\t<img decoding=\"async\" width=\"960\" height=\"640\" src=\"https:\/\/cantabrico.cat\/wp-content\/uploads\/2025\/10\/hortalizas-1200x800-1-1024x683.jpg\" class=\"attachment-large size-large wp-image-2856\" alt=\"contractar servei menjador escolar\" srcset=\"https:\/\/cantabrico.cat\/wp-content\/uploads\/2025\/10\/hortalizas-1200x800-1-1024x683.jpg 1024w, https:\/\/cantabrico.cat\/wp-content\/uploads\/2025\/10\/hortalizas-1200x800-1-300x200.jpg 300w, https:\/\/cantabrico.cat\/wp-content\/uploads\/2025\/10\/hortalizas-1200x800-1-768x512.jpg 768w, https:\/\/cantabrico.cat\/wp-content\/uploads\/2025\/10\/hortalizas-1200x800-1.jpg 1200w\" sizes=\"(max-width: 960px) 100vw, 960px\" \/>\t\t\t\t\t\t\t\t\t\t\t\t\t\t\t<\/div>\n\t\t\t\t\t<\/div>\n\t\t<\/div>\n\t\t\t\t<div class=\"elementor-column elementor-col-50 elementor-top-column elementor-element elementor-element-c52b221\" data-id=\"c52b221\" data-element_type=\"column\">\n\t\t\t<div class=\"elementor-widget-wrap elementor-element-populated\">\n\t\t\t\t\t\t<div class=\"elementor-element elementor-element-12bb7e0 elementor-invisible elementor-widget elementor-widget-heading\" data-id=\"12bb7e0\" data-element_type=\"widget\" data-settings=\"{&quot;_animation&quot;:&quot;fadeIn&quot;}\" data-widget_type=\"heading.default\">\n\t\t\t\t\t<p class=\"elementor-heading-title elementor-size-default\">Personalizados y nutritivos<\/p>\t\t\t\t<\/div>\n\t\t\t\t<div class=\"elementor-element elementor-element-0e9bbea elementor-invisible elementor-widget elementor-widget-heading\" data-id=\"0e9bbea\" data-element_type=\"widget\" data-settings=\"{&quot;_animation&quot;:&quot;fadeIn&quot;,&quot;_animation_delay&quot;:100}\" data-widget_type=\"heading.default\">\n\t\t\t\t\t<h2 class=\"elementor-heading-title elementor-size-default\">Men\u00fas escolares<\/h2>\t\t\t\t<\/div>\n\t\t\t\t<div class=\"elementor-element elementor-element-7b4b0cc elementor-invisible elementor-widget elementor-widget-text-editor\" data-id=\"7b4b0cc\" data-element_type=\"widget\" data-settings=\"{&quot;_animation&quot;:&quot;fadeIn&quot;,&quot;_animation_delay&quot;:200}\" data-widget_type=\"text-editor.default\">\n\t\t\t\t\t\t\t\t\t<p>Nuestros men\u00fas para comedores escolares est\u00e1n dise\u00f1ados por nutricionistas para cumplir con los est\u00e1ndares m\u00e1s exigentes:<\/p><ul><li><strong>Platos equilibrados<\/strong> con verduras, prote\u00ednas, cereales y legumbres.<\/li><li><strong>Recetas variadas<\/strong> que fomentan h\u00e1bitos saludables y el gusto por la buena alimentaci\u00f3n.<\/li><li><strong>Adaptaci\u00f3n a alergias e intolerancias<\/strong> para garantizar la seguridad de todos los alumnos.<\/li><\/ul>\t\t\t\t\t\t\t\t<\/div>\n\t\t\t\t\t<\/div>\n\t\t<\/div>\n\t\t\t\t\t<\/div>\n\t\t<\/section>\n\t\t\t\t<section class=\"elementor-section elementor-top-section elementor-element elementor-element-7c5b2e2 elementor-reverse-mobile elementor-section-boxed elementor-section-height-default elementor-section-height-default wpr-sticky-section-no\" data-id=\"7c5b2e2\" data-element_type=\"section\" data-settings=\"{&quot;background_background&quot;:&quot;classic&quot;}\">\n\t\t\t\t\t\t<div class=\"elementor-container elementor-column-gap-default\">\n\t\t\t\t\t<div class=\"elementor-column elementor-col-50 elementor-top-column elementor-element elementor-element-10d181a\" data-id=\"10d181a\" data-element_type=\"column\">\n\t\t\t<div class=\"elementor-widget-wrap elementor-element-populated\">\n\t\t\t\t\t\t<div class=\"elementor-element elementor-element-44125e5 elementor-widget elementor-widget-heading\" data-id=\"44125e5\" data-element_type=\"widget\" data-settings=\"{&quot;_animation&quot;:&quot;none&quot;}\" data-widget_type=\"heading.default\">\n\t\t\t\t\t<p class=\"elementor-heading-title elementor-size-default\">Ventajas de nuestro catering<\/p>\t\t\t\t<\/div>\n\t\t\t\t<div class=\"elementor-element elementor-element-693d3a7 elementor-widget elementor-widget-heading\" data-id=\"693d3a7\" data-element_type=\"widget\" data-settings=\"{&quot;_animation&quot;:&quot;none&quot;,&quot;_animation_delay&quot;:100}\" data-widget_type=\"heading.default\">\n\t\t\t\t\t<h2 class=\"elementor-heading-title elementor-size-default\">Catering escolar en Barcelona<\/h2>\t\t\t\t<\/div>\n\t\t\t\t<div class=\"elementor-element elementor-element-0893b44 elementor-widget elementor-widget-text-editor\" data-id=\"0893b44\" data-element_type=\"widget\" data-settings=\"{&quot;_animation&quot;:&quot;none&quot;,&quot;_animation_delay&quot;:200}\" data-widget_type=\"text-editor.default\">\n\t\t\t\t\t\t\t\t\t<ul><li><strong>Frescura y calidad de los ingredientes:<\/strong> trabajamos con proveedores locales de confianza.<\/li><li><strong>Comidas preparadas diariamente:<\/strong> garantizamos el sabor y el valor nutricional de los platos.<\/li><li><strong>Flexibilidad y personalizaci\u00f3n:<\/strong> ajustamos los men\u00fas seg\u00fan la edad, necesidades nutricionales y preferencias de los ni\u00f1os.<\/li><li><strong>Compromiso con la sostenibilidad:<\/strong> priorizamos productos de temporada y reducimos el uso de pl\u00e1sticos.<\/li><\/ul>\t\t\t\t\t\t\t\t<\/div>\n\t\t\t\t\t<\/div>\n\t\t<\/div>\n\t\t\t\t<div class=\"elementor-column elementor-col-50 elementor-top-column elementor-element elementor-element-c91f6f4\" data-id=\"c91f6f4\" data-element_type=\"column\">\n\t\t\t<div class=\"elementor-widget-wrap elementor-element-populated\">\n\t\t\t\t\t\t<div class=\"elementor-element elementor-element-cd8b16c elementor-widget elementor-widget-image\" data-id=\"cd8b16c\" data-element_type=\"widget\" data-settings=\"{&quot;_animation&quot;:&quot;none&quot;}\" data-widget_type=\"image.default\">\n\t\t\t\t\t\t\t\t\t\t\t\t\t\t\t<img decoding=\"async\" width=\"750\" height=\"500\" src=\"https:\/\/cantabrico.cat\/wp-content\/uploads\/2025\/10\/cantabrico-catering-rect-7-750x500-1.jpg\" class=\"attachment-large size-large wp-image-1953\" alt=\"\" srcset=\"https:\/\/cantabrico.cat\/wp-content\/uploads\/2025\/10\/cantabrico-catering-rect-7-750x500-1.jpg 750w, https:\/\/cantabrico.cat\/wp-content\/uploads\/2025\/10\/cantabrico-catering-rect-7-750x500-1-300x200.jpg 300w\" sizes=\"(max-width: 750px) 100vw, 750px\" \/>\t\t\t\t\t\t\t\t\t\t\t\t\t\t\t<\/div>\n\t\t\t\t\t<\/div>\n\t\t<\/div>\n\t\t\t\t\t<\/div>\n\t\t<\/section>\n\t\t\t\t<section class=\"elementor-section elementor-top-section elementor-element elementor-element-f3d591e elementor-section-boxed elementor-section-height-default elementor-section-height-default wpr-sticky-section-no\" data-id=\"f3d591e\" data-element_type=\"section\" data-settings=\"{&quot;background_background&quot;:&quot;classic&quot;}\">\n\t\t\t\t\t\t<div class=\"elementor-container elementor-column-gap-default\">\n\t\t\t\t\t<div class=\"elementor-column elementor-col-50 elementor-top-column elementor-element elementor-element-94db631\" data-id=\"94db631\" data-element_type=\"column\">\n\t\t\t<div class=\"elementor-widget-wrap elementor-element-populated\">\n\t\t\t\t\t\t<div class=\"elementor-element elementor-element-318d5aa elementor-invisible elementor-widget elementor-widget-image\" data-id=\"318d5aa\" data-element_type=\"widget\" data-settings=\"{&quot;_animation&quot;:&quot;fadeIn&quot;}\" data-widget_type=\"image.default\">\n\t\t\t\t\t\t\t\t\t\t\t\t\t\t\t<img loading=\"lazy\" decoding=\"async\" width=\"960\" height=\"640\" src=\"https:\/\/cantabrico.cat\/wp-content\/uploads\/2025\/10\/Catering-Cantabrico-Contacto-1200x800-1-1024x683.jpg\" class=\"attachment-large size-large wp-image-2434\" alt=\"C\u00e0tering Cant\u00e1brico - Contacto 1200x800\" srcset=\"https:\/\/cantabrico.cat\/wp-content\/uploads\/2025\/10\/Catering-Cantabrico-Contacto-1200x800-1-1024x683.jpg 1024w, https:\/\/cantabrico.cat\/wp-content\/uploads\/2025\/10\/Catering-Cantabrico-Contacto-1200x800-1-300x200.jpg 300w, https:\/\/cantabrico.cat\/wp-content\/uploads\/2025\/10\/Catering-Cantabrico-Contacto-1200x800-1-768x512.jpg 768w, https:\/\/cantabrico.cat\/wp-content\/uploads\/2025\/10\/Catering-Cantabrico-Contacto-1200x800-1.jpg 1200w\" sizes=\"(max-width: 960px) 100vw, 960px\" \/>\t\t\t\t\t\t\t\t\t\t\t\t\t\t\t<\/div>\n\t\t\t\t\t<\/div>\n\t\t<\/div>\n\t\t\t\t<div class=\"elementor-column elementor-col-50 elementor-top-column elementor-element elementor-element-6d6bc59\" data-id=\"6d6bc59\" data-element_type=\"column\">\n\t\t\t<div class=\"elementor-widget-wrap elementor-element-populated\">\n\t\t\t\t\t\t<div class=\"elementor-element elementor-element-bcc369c elementor-invisible elementor-widget elementor-widget-heading\" data-id=\"bcc369c\" data-element_type=\"widget\" data-settings=\"{&quot;_animation&quot;:&quot;fadeIn&quot;}\" data-widget_type=\"heading.default\">\n\t\t\t\t\t<p class=\"elementor-heading-title elementor-size-default\">Solicita presupuesto sin compromiso<\/p>\t\t\t\t<\/div>\n\t\t\t\t<div class=\"elementor-element elementor-element-7f73f55 elementor-invisible elementor-widget elementor-widget-heading\" data-id=\"7f73f55\" data-element_type=\"widget\" data-settings=\"{&quot;_animation&quot;:&quot;fadeIn&quot;,&quot;_animation_delay&quot;:100}\" data-widget_type=\"heading.default\">\n\t\t\t\t\t<h2 class=\"elementor-heading-title elementor-size-default\">Por qu\u00e9 elegirnos para tu comedor escolar<\/h2>\t\t\t\t<\/div>\n\t\t\t\t<div class=\"elementor-element elementor-element-c144fc0 elementor-invisible elementor-widget elementor-widget-text-editor\" data-id=\"c144fc0\" data-element_type=\"widget\" data-settings=\"{&quot;_animation&quot;:&quot;fadeIn&quot;,&quot;_animation_delay&quot;:200}\" data-widget_type=\"text-editor.default\">\n\t\t\t\t\t\t\t\t\t<p>Nuestro catering no solo ofrece comida, sino una experiencia educativa y saludable: <strong>ense\u00f1amos a los ni\u00f1os a disfrutar de la buena alimentaci\u00f3n y promovemos la diversidad de sabores y texturas<\/strong>. Adem\u00e1s, contamos con un equipo profesional que se encarga de todo, desde la preparaci\u00f3n hasta el servicio en el comedor.<\/p><p>Si quieres un <strong>servicio de catering escolar en Barcelona<\/strong> que combine sabor, salud y seguridad, contacta con nosotros hoy mismo. Te ofreceremos un <strong>presupuesto personalizado<\/strong> adaptado a las necesidades de tu centro educativo.<\/p>\t\t\t\t\t\t\t\t<\/div>\n\t\t\t\t<div class=\"elementor-element elementor-element-b40d9b8 wpr-button-icon-style-inline wpr-button-icon-position-right elementor-invisible elementor-widget elementor-widget-wpr-button\" data-id=\"b40d9b8\" data-element_type=\"widget\" data-settings=\"{&quot;_animation&quot;:&quot;fadeIn&quot;,&quot;_animation_delay&quot;:300}\" data-widget_type=\"wpr-button.default\">\n\t\t\t\t\t\t\n\t\t\t\n\t\t\n\t\t<div class=\"wpr-button-wrap elementor-clearfix\">\n\t\t<a class=\"wpr-button wpr-button-effect wpr-button-none\" data-text=\"\" href=\"https:\/\/cantabrico.cat\/es\/contacto\/\">\n\t\t\t\n\t\t\t<span class=\"wpr-button-content\">\n\t\t\t\t\t\t\t\t\t<span class=\"wpr-button-text\">Contacta<\/span>\n\t\t\t\t\t\t\t\t\n\t\t\t\t\t\t\t<\/span>\n\t\t<\/a>\n\n\t\t\t\t<\/div>\n\t\n\t\n\t\t\t\t\t<\/div>\n\t\t\t\t\t<\/div>\n\t\t<\/div>\n\t\t\t\t\t<\/div>\n\t\t<\/section>\n\t\t\t\t<\/div>\n\t\t","protected":false},"excerpt":{"rendered":"<p>Catering comedor escolar Catering Cant\u00e1brico en Barcelona para comedor escolar Comidas saludables y deliciosas En C\u00e0tering Cant\u00e1brico, ofrecemos un servicio de catering escolar en Barcelona especializado en men\u00fas saludables, variados y adaptados a cada edad. Nos basamos en la alimentaci\u00f3n equilibrada y de calidad, inspirada en la dieta c\u00e1ntabra y mediterr\u00e1nea, ideal para garantizar que los ni\u00f1os reciban todos los nutrientes que necesitan para crecer sanos y activos. Contacta ahora Personalizados y nutritivos Men\u00fas escolares Nuestros men\u00fas para comedores escolares est\u00e1n dise\u00f1ados por nutricionistas para cumplir con los est\u00e1ndares m\u00e1s exigentes: Platos equilibrados con verduras, prote\u00ednas, cereales y legumbres. Recetas variadas que fomentan h\u00e1bitos saludables y el gusto por la buena alimentaci\u00f3n. Adaptaci\u00f3n a alergias e intolerancias para garantizar la seguridad de todos los alumnos. Ventajas de nuestro catering Catering escolar en Barcelona Frescura y calidad de los ingredientes: trabajamos con proveedores locales de confianza. Comidas preparadas diariamente: garantizamos el sabor y el valor nutricional de los platos. Flexibilidad y personalizaci\u00f3n: ajustamos los men\u00fas seg\u00fan la edad, necesidades nutricionales y preferencias de los ni\u00f1os. Compromiso con la sostenibilidad: priorizamos productos de temporada y reducimos el uso de pl\u00e1sticos. Solicita presupuesto sin compromiso Por qu\u00e9 elegirnos para tu comedor escolar Nuestro catering no solo ofrece comida, sino una experiencia educativa y saludable: ense\u00f1amos a los ni\u00f1os a disfrutar de la buena alimentaci\u00f3n y promovemos la diversidad de sabores y texturas. Adem\u00e1s, contamos con un equipo profesional que se encarga de todo, desde la preparaci\u00f3n hasta el servicio en el comedor. Si quieres un servicio de catering escolar en Barcelona que combine sabor, salud y seguridad, contacta con nosotros hoy mismo. Te ofreceremos un presupuesto personalizado adaptado a las necesidades de tu centro educativo. Contacta<\/p>\n","protected":false},"author":1,"featured_media":0,"parent":0,"menu_order":0,"comment_status":"closed","ping_status":"closed","template":"elementor_canvas","meta":{"footnotes":""},"class_list":["post-3063","page","type-page","status-publish","hentry"],"_links":{"self":[{"href":"https:\/\/cantabrico.cat\/es\/wp-json\/wp\/v2\/pages\/3063","targetHints":{"allow":["GET"]}}],"collection":[{"href":"https:\/\/cantabrico.cat\/es\/wp-json\/wp\/v2\/pages"}],"about":[{"href":"https:\/\/cantabrico.cat\/es\/wp-json\/wp\/v2\/types\/page"}],"author":[{"embeddable":true,"href":"https:\/\/cantabrico.cat\/es\/wp-json\/wp\/v2\/users\/1"}],"replies":[{"embeddable":true,"href":"https:\/\/cantabrico.cat\/es\/wp-json\/wp\/v2\/comments?post=3063"}],"version-history":[{"count":4,"href":"https:\/\/cantabrico.cat\/es\/wp-json\/wp\/v2\/pages\/3063\/revisions"}],"predecessor-version":[{"id":3067,"href":"https:\/\/cantabrico.cat\/es\/wp-json\/wp\/v2\/pages\/3063\/revisions\/3067"}],"wp:attachment":[{"href":"https:\/\/cantabrico.cat\/es\/wp-json\/wp\/v2\/media?parent=3063"}],"curies":[{"name":"wp","href":"https:\/\/api.w.org\/{rel}","templated":true}]}}