{"id":3043,"date":"2025-10-28T22:41:23","date_gmt":"2025-10-28T22:41:23","guid":{"rendered":"https:\/\/cantabrico.cat\/?page_id=3043"},"modified":"2025-11-28T09:59:52","modified_gmt":"2025-11-28T09:59:52","slug":"blog","status":"publish","type":"page","link":"https:\/\/cantabrico.cat\/es\/blog\/","title":{"rendered":"Blog"},"content":{"rendered":"\t\t<div data-elementor-type=\"wp-page\" data-elementor-id=\"3043\" class=\"elementor elementor-3043\">\n\t\t\t\t<div class=\"elementor-element elementor-element-e3f828a e-flex e-con-boxed wpr-sticky-section-no e-con e-parent\" data-id=\"e3f828a\" data-element_type=\"container\" data-settings=\"{&quot;background_background&quot;:&quot;classic&quot;}\">\n\t\t\t\t\t<div class=\"e-con-inner\">\n\t\t<div class=\"elementor-element elementor-element-751face e-con-full e-flex wpr-sticky-section-no e-con e-child\" data-id=\"751face\" data-element_type=\"container\">\n\t\t\t\t<div class=\"elementor-element elementor-element-30ed936 elementor-widget elementor-widget-heading\" data-id=\"30ed936\" data-element_type=\"widget\" data-settings=\"{&quot;_animation&quot;:&quot;none&quot;}\" data-widget_type=\"heading.default\">\n\t\t\t\t\t<h1 class=\"elementor-heading-title elementor-size-default\">Blog<\/h1>\t\t\t\t<\/div>\n\t\t\t\t<\/div>\n\t\t\t\t\t<\/div>\n\t\t\t\t<\/div>\n\t\t\t\t<section class=\"elementor-section elementor-top-section elementor-element elementor-element-d586860 elementor-section-boxed elementor-section-height-default elementor-section-height-default wpr-sticky-section-no\" data-id=\"d586860\" data-element_type=\"section\">\n\t\t\t\t\t\t<div class=\"elementor-container elementor-column-gap-default\">\n\t\t\t\t\t<div class=\"elementor-column elementor-col-100 elementor-top-column elementor-element elementor-element-5f09ae0\" data-id=\"5f09ae0\" data-element_type=\"column\">\n\t\t\t<div class=\"elementor-widget-wrap elementor-element-populated\">\n\t\t\t\t\t\t<div class=\"elementor-element elementor-element-ad1c8e1 elementor-invisible elementor-widget elementor-widget-heading\" data-id=\"ad1c8e1\" data-element_type=\"widget\" data-settings=\"{&quot;_animation&quot;:&quot;fadeIn&quot;}\" data-widget_type=\"heading.default\">\n\t\t\t\t\t<p class=\"elementor-heading-title elementor-size-default\">\u00daltimas novedades<\/p>\t\t\t\t<\/div>\n\t\t\t\t<div class=\"elementor-element elementor-element-61139b7 elementor-invisible elementor-widget elementor-widget-heading\" data-id=\"61139b7\" data-element_type=\"widget\" data-settings=\"{&quot;_animation&quot;:&quot;fadeIn&quot;,&quot;_animation_delay&quot;:100}\" data-widget_type=\"heading.default\">\n\t\t\t\t\t<h2 class=\"elementor-heading-title elementor-size-default\">Descubre nuestras novedades<\/h2>\t\t\t\t<\/div>\n\t\t\t\t<div class=\"elementor-element elementor-element-892fda0 elementor-widget-divider--view-line elementor-widget elementor-widget-divider\" data-id=\"892fda0\" data-element_type=\"widget\" data-widget_type=\"divider.default\">\n\t\t\t\t\t\t\t<div class=\"elementor-divider\">\n\t\t\t<span class=\"elementor-divider-separator\">\n\t\t\t\t\t\t<\/span>\n\t\t<\/div>\n\t\t\t\t\t\t<\/div>\n\t\t\t\t<div class=\"elementor-element elementor-element-34ad525 wpr-grid-columns-3 wpr-grid-columns--tablet2 wpr-grid-columns--mobile1 wpr-grid-pagination-center wpr-item-styles-inner elementor-widget elementor-widget-wpr-grid\" data-id=\"34ad525\" data-element_type=\"widget\" data-widget_type=\"wpr-grid.default\">\n\t\t\t\t\t<ul class=\"wpr-grid-filters elementor-clearfix wpr-grid-filters-sep-right\"><li class=\" wpr-pointer-none wpr-pointer-line-fx wpr-pointer-fx-none\"><span  data-filter=\"*\" class=\"wpr-grid-filters-item wpr-active-filter \">Todo<\/span><em class=\"wpr-grid-filters-sep\"><\/em><\/li><li class=\" wpr-pointer-none wpr-pointer-line-fx wpr-pointer-fx-none\"><span   data-ajax-filter=[\"category\",\"catering\"]  data-filter=\".category-catering\">Catering<\/span><em class=\"wpr-grid-filters-sep\"><\/em><\/li><li class=\" wpr-pointer-none wpr-pointer-line-fx wpr-pointer-fx-none\"><span   data-ajax-filter=[\"category\",\"comida-saludable\"]  data-filter=\".category-comida-saludable\">Comida saludable<\/span><em class=\"wpr-grid-filters-sep\"><\/em><\/li><li class=\" wpr-pointer-none wpr-pointer-line-fx wpr-pointer-fx-none\"><span   data-ajax-filter=[\"category\",\"escuelas\"]  data-filter=\".category-escuelas\">Escuelas<\/span><em class=\"wpr-grid-filters-sep\"><\/em><\/li><li class=\" wpr-pointer-none wpr-pointer-line-fx wpr-pointer-fx-none wpr-hidden-element\"><span   data-ajax-filter=[\"category\",\"institutos\"]  data-filter=\".category-institutos\">Institutos<\/span><em class=\"wpr-grid-filters-sep\"><\/em><\/li><li class=\" wpr-pointer-none wpr-pointer-line-fx wpr-pointer-fx-none\"><span   data-ajax-filter=[\"category\",\"productos-de-proximidad\"]  data-filter=\".category-productos-de-proximidad\">Productos de proximidad<\/span><em class=\"wpr-grid-filters-sep\"><\/em><\/li><li class=\" wpr-pointer-none wpr-pointer-line-fx wpr-pointer-fx-none wpr-hidden-element\"><span   data-ajax-filter=[\"category\",\"sin-categoria\"]  data-filter=\".category-sin-categoria\">Sin categor\u00eda<\/span><em class=\"wpr-grid-filters-sep\"><\/em><\/li><\/ul><section class=\"wpr-grid elementor-clearfix\" data-settings=\"{&quot;layout&quot;:&quot;fitRows&quot;,&quot;stick_last_element_to_bottom&quot;:&quot;&quot;,&quot;columns_desktop&quot;:3,&quot;gutter_hr&quot;:15,&quot;gutter_hr_mobile&quot;:15,&quot;gutter_hr_mobile_extra&quot;:15,&quot;gutter_hr_tablet&quot;:15,&quot;gutter_hr_tablet_extra&quot;:15,&quot;gutter_hr_laptop&quot;:15,&quot;gutter_hr_widescreen&quot;:15,&quot;gutter_vr&quot;:15,&quot;gutter_vr_mobile&quot;:15,&quot;gutter_vr_mobile_extra&quot;:15,&quot;gutter_vr_tablet&quot;:15,&quot;gutter_vr_tablet_extra&quot;:15,&quot;gutter_vr_laptop&quot;:15,&quot;gutter_vr_widescreen&quot;:15,&quot;animation&quot;:&quot;default&quot;,&quot;animation_duration&quot;:0.3,&quot;animation_delay&quot;:0.1,&quot;deeplinking&quot;:&quot;&quot;,&quot;filters_linkable&quot;:&quot;no&quot;,&quot;filters_default_filter&quot;:&quot;&quot;,&quot;filters_count&quot;:&quot;&quot;,&quot;filters_hide_empty&quot;:&quot;yes&quot;,&quot;filters_animation&quot;:&quot;default&quot;,&quot;filters_animation_duration&quot;:0.3,&quot;filters_animation_delay&quot;:0.1,&quot;pagination_type&quot;:&quot;load-more&quot;,&quot;pagination_max_pages&quot;:1,&quot;lightbox&quot;:{&quot;selector&quot;:&quot;.wpr-grid-image-wrap&quot;,&quot;iframeMaxWidth&quot;:&quot;60%&quot;,&quot;hash&quot;:false,&quot;autoplay&quot;:&quot;&quot;,&quot;pause&quot;:5000,&quot;progressBar&quot;:&quot;true&quot;,&quot;counter&quot;:&quot;&quot;,&quot;controls&quot;:&quot;&quot;,&quot;getCaptionFromTitleOrAlt&quot;:&quot;&quot;,&quot;thumbnail&quot;:&quot;&quot;,&quot;showThumbByDefault&quot;:&quot;&quot;,&quot;share&quot;:&quot;&quot;,&quot;zoom&quot;:&quot;&quot;,&quot;fullScreen&quot;:&quot;&quot;,&quot;download&quot;:&quot;&quot;}}\" data-advanced-filters=\"no\"><article class=\"wpr-grid-item elementor-clearfix post-3418 post type-post status-publish format-standard has-post-thumbnail hentry category-comida-saludable category-catering\"><div class=\"wpr-grid-item-inner\"><div class=\"wpr-grid-media-wrap wpr-effect-size-medium \" data-overlay-link=\"yes\"><div class=\"wpr-grid-image-wrap\" data-src=\"https:\/\/cantabrico.cat\/wp-content\/uploads\/2026\/04\/ninos-comiendo-en-catering-escolar.png\" data-img-on-hover=\"\"  data-src-secondary=\"\"><img decoding=\"async\" data-no-lazy=\"1\" src=\"https:\/\/cantabrico.cat\/wp-content\/uploads\/2026\/04\/ninos-comiendo-en-catering-escolar.png\" alt=\"nin\u0303os comiendo en catering escolar\" class=\"wpr-anim-timing-ease-default\"><\/div><div class=\"wpr-grid-media-hover wpr-animation-wrap\"><div class=\"wpr-grid-media-hover-bg  wpr-overlay-fade-in wpr-anim-size-large wpr-anim-timing-ease-default\" data-url=\"https:\/\/cantabrico.cat\/es\/nuevo-decreto-comedores-escolares-saludables\/\"><\/div><\/div><\/div><div class=\"wpr-grid-item-below-content elementor-clearfix\"><h2 class=\"wpr-grid-item-title elementor-repeater-item-70910e9 wpr-grid-item-display-block wpr-grid-item-align-left wpr-pointer-none wpr-pointer-line-fx wpr-pointer-fx-fade\"><div class=\"inner-block\"><a target=\"_self\"  href=\"https:\/\/cantabrico.cat\/es\/nuevo-decreto-comedores-escolares-saludables\/\">Nuevo decreto en comedores escolares, una alimentaci\u00f3n m\u00e1s saludable para los ni\u00f1os<\/a><\/div><\/h2><div class=\"wpr-grid-item-excerpt elementor-repeater-item-c458c99 wpr-grid-item-display-block wpr-grid-item-align-left\"><div class=\"inner-block\"><p>La alimentaci\u00f3n infantil vuelve a situarse en el centro del debate tras la entrada en vigor del nuevo decreto de...<\/p><\/div><\/div><div class=\"wpr-grid-item-read-more elementor-repeater-item-3257d49 wpr-grid-item-display-block wpr-grid-item-align-left\"><div class=\"inner-block\"><a target=\"_self\" href=\"https:\/\/cantabrico.cat\/es\/nuevo-decreto-comedores-escolares-saludables\/\" class=\"wpr-button-effect wpr-button-none\"><span>Leer m\u00e1s<\/span><\/a><\/div><\/div><\/div><\/div><\/article><article class=\"wpr-grid-item elementor-clearfix post-3404 post type-post status-publish format-standard has-post-thumbnail hentry category-comida-saludable category-productos-de-proximidad\"><div class=\"wpr-grid-item-inner\"><div class=\"wpr-grid-media-wrap wpr-effect-size-medium \" data-overlay-link=\"yes\"><div class=\"wpr-grid-image-wrap\" data-src=\"https:\/\/cantabrico.cat\/wp-content\/uploads\/2026\/04\/alimentacion-saludable-en-colegios.jpeg\" data-img-on-hover=\"\"  data-src-secondary=\"\"><img decoding=\"async\" data-no-lazy=\"1\" src=\"https:\/\/cantabrico.cat\/wp-content\/uploads\/2026\/04\/alimentacion-saludable-en-colegios.jpeg\" alt=\"alimentacion saludable en colegios\" class=\"wpr-anim-timing-ease-default\"><\/div><div class=\"wpr-grid-media-hover wpr-animation-wrap\"><div class=\"wpr-grid-media-hover-bg  wpr-overlay-fade-in wpr-anim-size-large wpr-anim-timing-ease-default\" data-url=\"https:\/\/cantabrico.cat\/es\/variedad-comida-escolar-importancia\/\"><\/div><\/div><\/div><div class=\"wpr-grid-item-below-content elementor-clearfix\"><h2 class=\"wpr-grid-item-title elementor-repeater-item-70910e9 wpr-grid-item-display-block wpr-grid-item-align-left wpr-pointer-none wpr-pointer-line-fx wpr-pointer-fx-fade\"><div class=\"inner-block\"><a target=\"_self\"  href=\"https:\/\/cantabrico.cat\/es\/variedad-comida-escolar-importancia\/\">La importancia de la variedad en la comida escolar<\/a><\/div><\/h2><div class=\"wpr-grid-item-excerpt elementor-repeater-item-c458c99 wpr-grid-item-display-block wpr-grid-item-align-left\"><div class=\"inner-block\"><p>La alimentaci\u00f3n en la etapa escolar no solo cumple una funci\u00f3n b\u00e1sica de nutrici\u00f3n, sino que tambi\u00e9n tiene un impacto...<\/p><\/div><\/div><div class=\"wpr-grid-item-read-more elementor-repeater-item-3257d49 wpr-grid-item-display-block wpr-grid-item-align-left\"><div class=\"inner-block\"><a target=\"_self\" href=\"https:\/\/cantabrico.cat\/es\/variedad-comida-escolar-importancia\/\" class=\"wpr-button-effect wpr-button-none\"><span>Leer m\u00e1s<\/span><\/a><\/div><\/div><\/div><\/div><\/article><article class=\"wpr-grid-item elementor-clearfix post-3378 post type-post status-publish format-standard has-post-thumbnail hentry category-catering\"><div class=\"wpr-grid-item-inner\"><div class=\"wpr-grid-media-wrap wpr-effect-size-medium \" data-overlay-link=\"yes\"><div class=\"wpr-grid-image-wrap\" data-src=\"https:\/\/cantabrico.cat\/wp-content\/uploads\/2026\/02\/catering-casales-verano-bcn-scaled.avif\" data-img-on-hover=\"\"  data-src-secondary=\"\"><img decoding=\"async\" data-no-lazy=\"1\" src=\"https:\/\/cantabrico.cat\/wp-content\/uploads\/2026\/02\/catering-casales-verano-bcn-scaled.avif\" alt=\"catering-casales-verano-bcn\" class=\"wpr-anim-timing-ease-default\"><\/div><div class=\"wpr-grid-media-hover wpr-animation-wrap\"><div class=\"wpr-grid-media-hover-bg  wpr-overlay-fade-in wpr-anim-size-large wpr-anim-timing-ease-default\" data-url=\"https:\/\/cantabrico.cat\/es\/catering-casales-verano-barcelona\/\"><\/div><\/div><\/div><div class=\"wpr-grid-item-below-content elementor-clearfix\"><h2 class=\"wpr-grid-item-title elementor-repeater-item-70910e9 wpr-grid-item-display-block wpr-grid-item-align-left wpr-pointer-none wpr-pointer-line-fx wpr-pointer-fx-fade\"><div class=\"inner-block\"><a target=\"_self\"  href=\"https:\/\/cantabrico.cat\/es\/catering-casales-verano-barcelona\/\">Catering para casales de verano en Barcelona: alimentaci\u00f3n segura, saludable y pensada para ni\u00f1os<\/a><\/div><\/h2><div class=\"wpr-grid-item-excerpt elementor-repeater-item-c458c99 wpr-grid-item-display-block wpr-grid-item-align-left\"><div class=\"inner-block\"><p>Organizar un casal de verano implica coordinar actividades, equipos educativos, espacios\u2026 y uno de los puntos m\u00e1s sensibles: la alimentaci\u00f3n....<\/p><\/div><\/div><div class=\"wpr-grid-item-read-more elementor-repeater-item-3257d49 wpr-grid-item-display-block wpr-grid-item-align-left\"><div class=\"inner-block\"><a target=\"_self\" href=\"https:\/\/cantabrico.cat\/es\/catering-casales-verano-barcelona\/\" class=\"wpr-button-effect wpr-button-none\"><span>Leer m\u00e1s<\/span><\/a><\/div><\/div><\/div><\/div><\/article><article class=\"wpr-grid-item elementor-clearfix post-3362 post type-post status-publish format-standard has-post-thumbnail hentry category-catering category-escuelas\"><div class=\"wpr-grid-item-inner\"><div class=\"wpr-grid-media-wrap wpr-effect-size-medium \" data-overlay-link=\"yes\"><div class=\"wpr-grid-image-wrap\" data-src=\"https:\/\/cantabrico.cat\/wp-content\/uploads\/2026\/01\/Catering-colegios-barcelona.png\" data-img-on-hover=\"\"  data-src-secondary=\"\"><img decoding=\"async\" data-no-lazy=\"1\" src=\"https:\/\/cantabrico.cat\/wp-content\/uploads\/2026\/01\/Catering-colegios-barcelona.png\" alt=\"Catering colegios barcelona\" class=\"wpr-anim-timing-ease-default\"><\/div><div class=\"wpr-grid-media-hover wpr-animation-wrap\"><div class=\"wpr-grid-media-hover-bg  wpr-overlay-fade-in wpr-anim-size-large wpr-anim-timing-ease-default\" data-url=\"https:\/\/cantabrico.cat\/es\/mejores-caterings-escuelas-barcelona\/\"><\/div><\/div><\/div><div class=\"wpr-grid-item-below-content elementor-clearfix\"><h2 class=\"wpr-grid-item-title elementor-repeater-item-70910e9 wpr-grid-item-display-block wpr-grid-item-align-left wpr-pointer-none wpr-pointer-line-fx wpr-pointer-fx-fade\"><div class=\"inner-block\"><a target=\"_self\"  href=\"https:\/\/cantabrico.cat\/es\/mejores-caterings-escuelas-barcelona\/\">Los mejores caterings para escuelas en Barcelona<\/a><\/div><\/h2><div class=\"wpr-grid-item-excerpt elementor-repeater-item-c458c99 wpr-grid-item-display-block wpr-grid-item-align-left\"><div class=\"inner-block\"><p>Elegir un buen catering escolar es una decisi\u00f3n clave para cualquier centro educativo. No se trata solo de alimentar a...<\/p><\/div><\/div><div class=\"wpr-grid-item-read-more elementor-repeater-item-3257d49 wpr-grid-item-display-block wpr-grid-item-align-left\"><div class=\"inner-block\"><a target=\"_self\" href=\"https:\/\/cantabrico.cat\/es\/mejores-caterings-escuelas-barcelona\/\" class=\"wpr-button-effect wpr-button-none\"><span>Leer m\u00e1s<\/span><\/a><\/div><\/div><\/div><\/div><\/article><article class=\"wpr-grid-item elementor-clearfix post-3352 post type-post status-publish format-standard has-post-thumbnail hentry category-catering category-escoles category-instituts category-productes-de-proximitat\"><div class=\"wpr-grid-item-inner\"><div class=\"wpr-grid-media-wrap wpr-effect-size-medium \" data-overlay-link=\"yes\"><div class=\"wpr-grid-image-wrap\" data-src=\"https:\/\/cantabrico.cat\/wp-content\/uploads\/2025\/10\/postre-02.jpg\" data-img-on-hover=\"\"  data-src-secondary=\"\"><img decoding=\"async\" data-no-lazy=\"1\" src=\"https:\/\/cantabrico.cat\/wp-content\/uploads\/2025\/10\/postre-02.jpg\" alt=\"Alimentaci\u00f3 saludable per a la salut dels infants\" class=\"wpr-anim-timing-ease-default\"><\/div><div class=\"wpr-grid-media-hover wpr-animation-wrap\"><div class=\"wpr-grid-media-hover-bg  wpr-overlay-fade-in wpr-anim-size-large wpr-anim-timing-ease-default\" data-url=\"https:\/\/cantabrico.cat\/es\/alimentacion-saludable-para-la-salud-de-los-ninos-y-ninas\/\"><\/div><\/div><\/div><div class=\"wpr-grid-item-below-content elementor-clearfix\"><h2 class=\"wpr-grid-item-title elementor-repeater-item-70910e9 wpr-grid-item-display-block wpr-grid-item-align-left wpr-pointer-none wpr-pointer-line-fx wpr-pointer-fx-fade\"><div class=\"inner-block\"><a target=\"_self\"  href=\"https:\/\/cantabrico.cat\/es\/alimentacion-saludable-para-la-salud-de-los-ninos-y-ninas\/\">Alimentaci\u00f3n saludable para la salud de los ni\u00f1os y ni\u00f1as<\/a><\/div><\/h2><div class=\"wpr-grid-item-excerpt elementor-repeater-item-c458c99 wpr-grid-item-display-block wpr-grid-item-align-left\"><div class=\"inner-block\"><p>La alimentaci\u00f3n en la escuela es mucho m\u00e1s que una comida al mediod\u00eda. Es una oportunidad para educar en valores...<\/p><\/div><\/div><div class=\"wpr-grid-item-read-more elementor-repeater-item-3257d49 wpr-grid-item-display-block wpr-grid-item-align-left\"><div class=\"inner-block\"><a target=\"_self\" href=\"https:\/\/cantabrico.cat\/es\/alimentacion-saludable-para-la-salud-de-los-ninos-y-ninas\/\" class=\"wpr-button-effect wpr-button-none\"><span>Leer m\u00e1s<\/span><\/a><\/div><\/div><\/div><\/div><\/article><article class=\"wpr-grid-item elementor-clearfix post-3348 post type-post status-publish format-standard has-post-thumbnail hentry category-catering category-escoles category-instituts category-menjar-saludable category-productes-de-proximitat\"><div class=\"wpr-grid-item-inner\"><div class=\"wpr-grid-media-wrap wpr-effect-size-medium \" data-overlay-link=\"yes\"><div class=\"wpr-grid-image-wrap\" data-src=\"https:\/\/cantabrico.cat\/wp-content\/uploads\/2025\/10\/bol-hortalizas-1200x800-1.jpg\" data-img-on-hover=\"\"  data-src-secondary=\"\"><img decoding=\"async\" data-no-lazy=\"1\" src=\"https:\/\/cantabrico.cat\/wp-content\/uploads\/2025\/10\/bol-hortalizas-1200x800-1.jpg\" alt=\"Catering-cant\u00e1brico\" class=\"wpr-anim-timing-ease-default\"><\/div><div class=\"wpr-grid-media-hover wpr-animation-wrap\"><div class=\"wpr-grid-media-hover-bg  wpr-overlay-fade-in wpr-anim-size-large wpr-anim-timing-ease-default\" data-url=\"https:\/\/cantabrico.cat\/es\/comer-bien-tambien-se-aprende-en-la-escuela\/\"><\/div><\/div><\/div><div class=\"wpr-grid-item-below-content elementor-clearfix\"><h2 class=\"wpr-grid-item-title elementor-repeater-item-70910e9 wpr-grid-item-display-block wpr-grid-item-align-left wpr-pointer-none wpr-pointer-line-fx wpr-pointer-fx-fade\"><div class=\"inner-block\"><a target=\"_self\"  href=\"https:\/\/cantabrico.cat\/es\/comer-bien-tambien-se-aprende-en-la-escuela\/\">Comer bien tambi\u00e9n se aprende en la escuela<\/a><\/div><\/h2><div class=\"wpr-grid-item-excerpt elementor-repeater-item-c458c99 wpr-grid-item-display-block wpr-grid-item-align-left\"><div class=\"inner-block\"><p>El comedor escolar es mucho m\u00e1s que un espacio para comer. Es un momento clave de aprendizaje y convivencia, donde...<\/p><\/div><\/div><div class=\"wpr-grid-item-read-more elementor-repeater-item-3257d49 wpr-grid-item-display-block wpr-grid-item-align-left\"><div class=\"inner-block\"><a target=\"_self\" href=\"https:\/\/cantabrico.cat\/es\/comer-bien-tambien-se-aprende-en-la-escuela\/\" class=\"wpr-button-effect wpr-button-none\"><span>Leer m\u00e1s<\/span><\/a><\/div><\/div><\/div><\/div><\/article><article class=\"wpr-grid-item elementor-clearfix post-3297 post type-post status-publish format-standard has-post-thumbnail hentry category-catering category-escuelas\"><div class=\"wpr-grid-item-inner\"><div class=\"wpr-grid-media-wrap wpr-effect-size-medium \" data-overlay-link=\"yes\"><div class=\"wpr-grid-image-wrap\" data-src=\"https:\/\/cantabrico.cat\/wp-content\/uploads\/2026\/01\/servei-menjador-escolar.jpg\" data-img-on-hover=\"\"  data-src-secondary=\"\"><img decoding=\"async\" data-no-lazy=\"1\" src=\"https:\/\/cantabrico.cat\/wp-content\/uploads\/2026\/01\/servei-menjador-escolar.jpg\" alt=\"servei menjador escolar\" class=\"wpr-anim-timing-ease-default\"><\/div><div class=\"wpr-grid-media-hover wpr-animation-wrap\"><div class=\"wpr-grid-media-hover-bg  wpr-overlay-fade-in wpr-anim-size-large wpr-anim-timing-ease-default\" data-url=\"https:\/\/cantabrico.cat\/es\/que-tener-en-cuenta-contratar-servicio-comedor-escolar\/\"><\/div><\/div><\/div><div class=\"wpr-grid-item-below-content elementor-clearfix\"><h2 class=\"wpr-grid-item-title elementor-repeater-item-70910e9 wpr-grid-item-display-block wpr-grid-item-align-left wpr-pointer-none wpr-pointer-line-fx wpr-pointer-fx-fade\"><div class=\"inner-block\"><a target=\"_self\"  href=\"https:\/\/cantabrico.cat\/es\/que-tener-en-cuenta-contratar-servicio-comedor-escolar\/\">\u00bfQu\u00e9 tener en cuenta al contratar un servicio de comedor escolar?<\/a><\/div><\/h2><div class=\"wpr-grid-item-excerpt elementor-repeater-item-c458c99 wpr-grid-item-display-block wpr-grid-item-align-left\"><div class=\"inner-block\"><p>Elegir un servicio de comedor escolar para centros educativos. No se trata \u00fanicamente de cubrir una necesidad log\u00edstica, sino de...<\/p><\/div><\/div><div class=\"wpr-grid-item-read-more elementor-repeater-item-3257d49 wpr-grid-item-display-block wpr-grid-item-align-left\"><div class=\"inner-block\"><a target=\"_self\" href=\"https:\/\/cantabrico.cat\/es\/que-tener-en-cuenta-contratar-servicio-comedor-escolar\/\" class=\"wpr-button-effect wpr-button-none\"><span>Leer m\u00e1s<\/span><\/a><\/div><\/div><\/div><\/div><\/article><article class=\"wpr-grid-item elementor-clearfix post-3345 post type-post status-publish format-standard has-post-thumbnail hentry category-comida-saludable category-menjar-saludable category-productes-de-proximitat category-productos-de-proximidad\"><div class=\"wpr-grid-item-inner\"><div class=\"wpr-grid-media-wrap wpr-effect-size-medium \" data-overlay-link=\"yes\"><div class=\"wpr-grid-image-wrap\" data-src=\"https:\/\/cantabrico.cat\/wp-content\/uploads\/2025\/10\/Catering-cantabrico-hortalizas-3.jpg\" data-img-on-hover=\"\"  data-src-secondary=\"\"><img decoding=\"async\" data-no-lazy=\"1\" src=\"https:\/\/cantabrico.cat\/wp-content\/uploads\/2025\/10\/Catering-cantabrico-hortalizas-3.jpg\" alt=\"C\u00e0tering amb productes de proximitat\" class=\"wpr-anim-timing-ease-default\"><\/div><div class=\"wpr-grid-media-hover wpr-animation-wrap\"><div class=\"wpr-grid-media-hover-bg  wpr-overlay-fade-in wpr-anim-size-large wpr-anim-timing-ease-default\" data-url=\"https:\/\/cantabrico.cat\/es\/catering-con-productos-de-proximidad\/\"><\/div><\/div><\/div><div class=\"wpr-grid-item-below-content elementor-clearfix\"><h2 class=\"wpr-grid-item-title elementor-repeater-item-70910e9 wpr-grid-item-display-block wpr-grid-item-align-left wpr-pointer-none wpr-pointer-line-fx wpr-pointer-fx-fade\"><div class=\"inner-block\"><a target=\"_self\"  href=\"https:\/\/cantabrico.cat\/es\/catering-con-productos-de-proximidad\/\">Catering con productos de proximidad<\/a><\/div><\/h2><div class=\"wpr-grid-item-excerpt elementor-repeater-item-c458c99 wpr-grid-item-display-block wpr-grid-item-align-left\"><div class=\"inner-block\"><p>El valor de alimentarse con lo que es nuestro Un buen catering comienza con una buena materia prima.Por eso, apostamos...<\/p><\/div><\/div><div class=\"wpr-grid-item-read-more elementor-repeater-item-3257d49 wpr-grid-item-display-block wpr-grid-item-align-left\"><div class=\"inner-block\"><a target=\"_self\" href=\"https:\/\/cantabrico.cat\/es\/catering-con-productos-de-proximidad\/\" class=\"wpr-button-effect wpr-button-none\"><span>Leer m\u00e1s<\/span><\/a><\/div><\/div><\/div><\/div><\/article><\/section>\t\t\t\t<\/div>\n\t\t\t\t\t<\/div>\n\t\t<\/div>\n\t\t\t\t\t<\/div>\n\t\t<\/section>\n\t\t\t\t<\/div>\n\t\t","protected":false},"excerpt":{"rendered":"<p>Blog \u00daltimas novedades Descubre nuestras novedades Todo Catering Comida saludable Escuelas Institutos Productos de proximidad Sin categor\u00eda Alimentaci\u00f3n saludable para el futuro de los ni\u00f1os Un catering escolar de calidad garantiza que los ni\u00f1os reciban los nutrientes que necesitan para crecer fuertes, concentrados y activos,&#8230; Leer m\u00e1s<\/p>\n","protected":false},"author":1,"featured_media":0,"parent":0,"menu_order":0,"comment_status":"closed","ping_status":"closed","template":"elementor_canvas","meta":{"footnotes":""},"class_list":["post-3043","page","type-page","status-publish","hentry"],"_links":{"self":[{"href":"https:\/\/cantabrico.cat\/es\/wp-json\/wp\/v2\/pages\/3043","targetHints":{"allow":["GET"]}}],"collection":[{"href":"https:\/\/cantabrico.cat\/es\/wp-json\/wp\/v2\/pages"}],"about":[{"href":"https:\/\/cantabrico.cat\/es\/wp-json\/wp\/v2\/types\/page"}],"author":[{"embeddable":true,"href":"https:\/\/cantabrico.cat\/es\/wp-json\/wp\/v2\/users\/1"}],"replies":[{"embeddable":true,"href":"https:\/\/cantabrico.cat\/es\/wp-json\/wp\/v2\/comments?post=3043"}],"version-history":[{"count":4,"href":"https:\/\/cantabrico.cat\/es\/wp-json\/wp\/v2\/pages\/3043\/revisions"}],"predecessor-version":[{"id":3047,"href":"https:\/\/cantabrico.cat\/es\/wp-json\/wp\/v2\/pages\/3043\/revisions\/3047"}],"wp:attachment":[{"href":"https:\/\/cantabrico.cat\/es\/wp-json\/wp\/v2\/media?parent=3043"}],"curies":[{"name":"wp","href":"https:\/\/api.w.org\/{rel}","templated":true}]}}