{"id":3027,"date":"2025-10-28T22:01:54","date_gmt":"2025-10-28T22:01:54","guid":{"rendered":"https:\/\/cantabrico.cat\/?page_id=3027"},"modified":"2025-11-28T09:55:57","modified_gmt":"2025-11-28T09:55:57","slug":"nuestra-historia","status":"publish","type":"page","link":"https:\/\/cantabrico.cat\/es\/nuestra-historia\/","title":{"rendered":"Nuestra historia"},"content":{"rendered":"\t\t<div data-elementor-type=\"wp-page\" data-elementor-id=\"3027\" class=\"elementor elementor-3027\">\n\t\t\t\t<div class=\"elementor-element elementor-element-e3f828a e-flex e-con-boxed wpr-sticky-section-no e-con e-parent\" data-id=\"e3f828a\" data-element_type=\"container\" data-settings=\"{&quot;background_background&quot;:&quot;video&quot;,&quot;background_video_link&quot;:&quot;https:\\\/\\\/cantabrico.cat\\\/wp-content\\\/uploads\\\/2025\\\/10\\\/Cantabrico-Hortalizas-cmp.mp4&quot;,&quot;background_play_on_mobile&quot;:&quot;yes&quot;}\">\n\t\t\t\t\t<div class=\"e-con-inner\">\n\t\t<div class=\"elementor-background-video-container\" aria-hidden=\"true\">\n\t\t\t\t\t\t\t<video class=\"elementor-background-video-hosted\" autoplay muted playsinline loop><\/video>\n\t\t\t\t\t<\/div><div class=\"elementor-element elementor-element-751face e-con-full e-flex wpr-sticky-section-no e-con e-child\" data-id=\"751face\" data-element_type=\"container\">\n\t\t\t\t<div class=\"elementor-element elementor-element-30ed936 elementor-widget elementor-widget-heading\" data-id=\"30ed936\" data-element_type=\"widget\" data-settings=\"{&quot;_animation&quot;:&quot;none&quot;}\" data-widget_type=\"heading.default\">\n\t\t\t\t\t<h1 class=\"elementor-heading-title elementor-size-default\">Nuestra historia<\/h1>\t\t\t\t<\/div>\n\t\t\t\t<\/div>\n\t\t\t\t\t<\/div>\n\t\t\t\t<\/div>\n\t\t\t\t<section class=\"elementor-section elementor-top-section elementor-element elementor-element-fdc5b83 elementor-reverse-mobile elementor-section-boxed elementor-section-height-default elementor-section-height-default wpr-sticky-section-no\" data-id=\"fdc5b83\" data-element_type=\"section\" data-settings=\"{&quot;background_background&quot;:&quot;classic&quot;}\">\n\t\t\t\t\t\t<div class=\"elementor-container elementor-column-gap-default\">\n\t\t\t\t\t<div class=\"elementor-column elementor-col-50 elementor-top-column elementor-element elementor-element-cb97029\" data-id=\"cb97029\" data-element_type=\"column\">\n\t\t\t<div class=\"elementor-widget-wrap elementor-element-populated\">\n\t\t\t\t\t\t<div class=\"elementor-element elementor-element-223c082 elementor-widget elementor-widget-heading\" data-id=\"223c082\" data-element_type=\"widget\" data-settings=\"{&quot;_animation&quot;:&quot;none&quot;}\" data-widget_type=\"heading.default\">\n\t\t\t\t\t<p class=\"elementor-heading-title elementor-size-default\">Compromiso y calidad<\/p>\t\t\t\t<\/div>\n\t\t\t\t<div class=\"elementor-element elementor-element-d9a3246 elementor-widget elementor-widget-heading\" data-id=\"d9a3246\" data-element_type=\"widget\" data-settings=\"{&quot;_animation&quot;:&quot;none&quot;,&quot;_animation_delay&quot;:100}\" data-widget_type=\"heading.default\">\n\t\t\t\t\t<h2 class=\"elementor-heading-title elementor-size-default\">Alimentaci\u00f3n saludable en la escuela<\/h2>\t\t\t\t<\/div>\n\t\t\t\t<div class=\"elementor-element elementor-element-8c17eae elementor-widget elementor-widget-text-editor\" data-id=\"8c17eae\" data-element_type=\"widget\" data-settings=\"{&quot;_animation&quot;:&quot;none&quot;,&quot;_animation_delay&quot;:200}\" data-widget_type=\"text-editor.default\">\n\t\t\t\t\t\t\t\t\t<p>Apostamos por una alimentaci\u00f3n escolar saludable, combinando tradici\u00f3n e innovaci\u00f3n en cada men\u00fa. <strong>Con m\u00e1s de 50 a\u00f1os de experiencia en catering escolar<\/strong>, seleccionamos productos frescos y de proximidad, colaborando con proveedores locales para garantizar platos nutritivos, sabrosos y sostenibles.<\/p>\n<p><strong>Nuestro objetivo es fomentar h\u00e1bitos alimentarios saludables que contribuyan al bienestar y desarrollo \u00f3ptimo de los ni\u00f1os.<\/strong> Cada comida es una oportunidad para educar en nutrici\u00f3n, ofreciendo men\u00fas equilibrados, de calidad y adaptados a las necesidades actuales.<\/p>\n<p><strong>Comprometidos con la sostenibilidad y la econom\u00eda local<\/strong>, queremos inspirar a familias y escuelas a crear una cultura alimentaria consciente, promoviendo una generaci\u00f3n m\u00e1s sana e informada sobre la importancia de la nutrici\u00f3n.<\/p>\t\t\t\t\t\t\t\t<\/div>\n\t\t\t\t\t<\/div>\n\t\t<\/div>\n\t\t\t\t<div class=\"elementor-column elementor-col-50 elementor-top-column elementor-element elementor-element-a117df1\" data-id=\"a117df1\" data-element_type=\"column\">\n\t\t\t<div class=\"elementor-widget-wrap elementor-element-populated\">\n\t\t\t\t\t\t<div class=\"elementor-element elementor-element-9ba8b33 elementor-widget elementor-widget-image\" data-id=\"9ba8b33\" data-element_type=\"widget\" data-settings=\"{&quot;_animation&quot;:&quot;none&quot;}\" data-widget_type=\"image.default\">\n\t\t\t\t\t\t\t\t\t\t\t\t\t\t\t<img fetchpriority=\"high\" decoding=\"async\" width=\"750\" height=\"750\" src=\"https:\/\/cantabrico.cat\/wp-content\/uploads\/2025\/10\/Catering-cantabrico-inici-2.jpg\" class=\"attachment-large size-large wp-image-2867\" alt=\"cantabrico-catering\" srcset=\"https:\/\/cantabrico.cat\/wp-content\/uploads\/2025\/10\/Catering-cantabrico-inici-2.jpg 750w, https:\/\/cantabrico.cat\/wp-content\/uploads\/2025\/10\/Catering-cantabrico-inici-2-300x300.jpg 300w, https:\/\/cantabrico.cat\/wp-content\/uploads\/2025\/10\/Catering-cantabrico-inici-2-150x150.jpg 150w\" sizes=\"(max-width: 750px) 100vw, 750px\" \/>\t\t\t\t\t\t\t\t\t\t\t\t\t\t\t<\/div>\n\t\t\t\t\t<\/div>\n\t\t<\/div>\n\t\t\t\t\t<\/div>\n\t\t<\/section>\n\t\t\t\t<section class=\"elementor-section elementor-top-section elementor-element elementor-element-5f5601f elementor-section-boxed elementor-section-height-default elementor-section-height-default wpr-sticky-section-no\" data-id=\"5f5601f\" data-element_type=\"section\" data-settings=\"{&quot;background_background&quot;:&quot;classic&quot;}\">\n\t\t\t\t\t\t<div class=\"elementor-container elementor-column-gap-default\">\n\t\t\t\t\t<div class=\"elementor-column elementor-col-50 elementor-top-column elementor-element elementor-element-4f92790\" data-id=\"4f92790\" data-element_type=\"column\">\n\t\t\t<div class=\"elementor-widget-wrap elementor-element-populated\">\n\t\t\t\t\t\t<div class=\"elementor-element elementor-element-820d69e elementor-invisible elementor-widget elementor-widget-image\" data-id=\"820d69e\" data-element_type=\"widget\" data-settings=\"{&quot;_animation&quot;:&quot;fadeIn&quot;}\" data-widget_type=\"image.default\">\n\t\t\t\t\t\t\t\t\t\t\t\t\t\t\t<img decoding=\"async\" width=\"683\" height=\"1024\" src=\"https:\/\/cantabrico.cat\/wp-content\/uploads\/2025\/10\/hortalizas-800x1200-1-683x1024.jpg\" class=\"attachment-large size-large wp-image-2852\" alt=\"Catering-cant\u00e1brico\" srcset=\"https:\/\/cantabrico.cat\/wp-content\/uploads\/2025\/10\/hortalizas-800x1200-1-683x1024.jpg 683w, https:\/\/cantabrico.cat\/wp-content\/uploads\/2025\/10\/hortalizas-800x1200-1-200x300.jpg 200w, https:\/\/cantabrico.cat\/wp-content\/uploads\/2025\/10\/hortalizas-800x1200-1-768x1152.jpg 768w, https:\/\/cantabrico.cat\/wp-content\/uploads\/2025\/10\/hortalizas-800x1200-1.jpg 800w\" sizes=\"(max-width: 683px) 100vw, 683px\" \/>\t\t\t\t\t\t\t\t\t\t\t\t\t\t\t<\/div>\n\t\t\t\t\t<\/div>\n\t\t<\/div>\n\t\t\t\t<div class=\"elementor-column elementor-col-50 elementor-top-column elementor-element elementor-element-c52b221\" data-id=\"c52b221\" data-element_type=\"column\">\n\t\t\t<div class=\"elementor-widget-wrap elementor-element-populated\">\n\t\t\t\t\t\t<div class=\"elementor-element elementor-element-12bb7e0 elementor-invisible elementor-widget elementor-widget-heading\" data-id=\"12bb7e0\" data-element_type=\"widget\" data-settings=\"{&quot;_animation&quot;:&quot;fadeIn&quot;}\" data-widget_type=\"heading.default\">\n\t\t\t\t\t<p class=\"elementor-heading-title elementor-size-default\">M\u00e1s de 50 a\u00f1os de experiencia<\/p>\t\t\t\t<\/div>\n\t\t\t\t<div class=\"elementor-element elementor-element-0e9bbea elementor-invisible elementor-widget elementor-widget-heading\" data-id=\"0e9bbea\" data-element_type=\"widget\" data-settings=\"{&quot;_animation&quot;:&quot;fadeIn&quot;,&quot;_animation_delay&quot;:100}\" data-widget_type=\"heading.default\">\n\t\t\t\t\t<h2 class=\"elementor-heading-title elementor-size-default\">Pasi\u00f3n por la alimentaci\u00f3n escolar<\/h2>\t\t\t\t<\/div>\n\t\t\t\t<div class=\"elementor-element elementor-element-7b4b0cc elementor-invisible elementor-widget elementor-widget-text-editor\" data-id=\"7b4b0cc\" data-element_type=\"widget\" data-settings=\"{&quot;_animation&quot;:&quot;fadeIn&quot;,&quot;_animation_delay&quot;:200}\" data-widget_type=\"text-editor.default\">\n\t\t\t\t\t\t\t\t\t<p>Con m\u00e1s de cinco d\u00e9cadas de historia, <strong><span style=\"color: #dd4530;\">Catering Cant\u00e1brico<\/span><\/strong> naci\u00f3 en el barrio de Horta de Barcelona como una peque\u00f1a empresa familiar dedicada a ofrecer <strong>men\u00fas saludables y equilibrados para escuelas<\/strong>. Desde sus inicios, nuestra misi\u00f3n ha sido combinar la <strong>calidad gastron\u00f3mica<\/strong> con el <strong>compromiso educativo y en valores<\/strong>, inspirados por la ilusi\u00f3n de las primeras escuelas que confiaron en nosotros.<\/p><p>Hoy, damos servicio a <strong>cerca de un centenar de centros educativos<\/strong> p\u00fablicos, privados y concertados, manteniendo la esencia, la proximidad y la pasi\u00f3n que nos caracterizan. Nuestro equipo profesional y nuestra log\u00edstica eficiente garantizan un servicio de <strong>comedor escolar sostenible, seguro y de confianza<\/strong>.<\/p><p>En <strong><span style=\"color: #dd4530;\">Catering Cant\u00e1brico<\/span><\/strong> seguimos trabajando con la misma dedicaci\u00f3n de siempre para ofrecer una <strong>alimentaci\u00f3n saludable, variada y de calidad<\/strong>, que contribuya al bienestar y al desarrollo de los ni\u00f1os.<\/p>\t\t\t\t\t\t\t\t<\/div>\n\t\t\t\t<div class=\"elementor-element elementor-element-0d1c65c wpr-button-icon-style-inline wpr-button-icon-position-right elementor-invisible elementor-widget elementor-widget-wpr-button\" data-id=\"0d1c65c\" data-element_type=\"widget\" data-settings=\"{&quot;_animation&quot;:&quot;fadeIn&quot;,&quot;_animation_delay&quot;:300}\" data-widget_type=\"wpr-button.default\">\n\t\t\t\t\t\t\n\t\t\t\n\t\t\n\t\t<div class=\"wpr-button-wrap elementor-clearfix\">\n\t\t<a class=\"wpr-button wpr-button-effect wpr-button-none\" data-text=\"\" href=\"https:\/\/cantabrico.cat\/es\/contacto\/\">\n\t\t\t\n\t\t\t<span class=\"wpr-button-content\">\n\t\t\t\t\t\t\t\t\t<span class=\"wpr-button-text\">Contacta ahora<\/span>\n\t\t\t\t\t\t\t\t\n\t\t\t\t\t\t\t<\/span>\n\t\t<\/a>\n\n\t\t\t\t<\/div>\n\t\n\t\n\t\t\t\t\t<\/div>\n\t\t\t\t\t<\/div>\n\t\t<\/div>\n\t\t\t\t\t<\/div>\n\t\t<\/section>\n\t\t\t\t<\/div>\n\t\t","protected":false},"excerpt":{"rendered":"<p>Nuestra historia Compromiso y calidad Alimentaci\u00f3n saludable en la escuela Apostamos por una alimentaci\u00f3n escolar saludable, combinando tradici\u00f3n e innovaci\u00f3n en cada men\u00fa. Con m\u00e1s de 50 a\u00f1os de experiencia en catering escolar, seleccionamos productos frescos y de proximidad, colaborando con proveedores locales para garantizar platos nutritivos, sabrosos y sostenibles. Nuestro objetivo es fomentar h\u00e1bitos alimentarios saludables que contribuyan al bienestar y desarrollo \u00f3ptimo de los ni\u00f1os. Cada comida es una oportunidad para educar en nutrici\u00f3n, ofreciendo men\u00fas equilibrados, de calidad y adaptados a las necesidades actuales. Comprometidos con la sostenibilidad y la econom\u00eda local, queremos inspirar a familias y escuelas a crear una cultura alimentaria consciente, promoviendo una generaci\u00f3n m\u00e1s sana e informada sobre la importancia de la nutrici\u00f3n. M\u00e1s de 50 a\u00f1os de experiencia Pasi\u00f3n por la alimentaci\u00f3n escolar Con m\u00e1s de cinco d\u00e9cadas de historia, Catering Cant\u00e1brico naci\u00f3 en el barrio de Horta de Barcelona como una peque\u00f1a empresa familiar dedicada a ofrecer men\u00fas saludables y equilibrados para escuelas. Desde sus inicios, nuestra misi\u00f3n ha sido combinar la calidad gastron\u00f3mica con el compromiso educativo y en valores, inspirados por la ilusi\u00f3n de las primeras escuelas que confiaron en nosotros. Hoy, damos servicio a cerca de un centenar de centros educativos p\u00fablicos, privados y concertados, manteniendo la esencia, la proximidad y la pasi\u00f3n que nos caracterizan. Nuestro equipo profesional y nuestra log\u00edstica eficiente garantizan un servicio de comedor escolar sostenible, seguro y de confianza. En Catering Cant\u00e1brico seguimos trabajando con la misma dedicaci\u00f3n de siempre para ofrecer una alimentaci\u00f3n saludable, variada y de calidad, que contribuya al bienestar y al desarrollo de los ni\u00f1os. Contacta ahora<\/p>\n","protected":false},"author":1,"featured_media":0,"parent":0,"menu_order":0,"comment_status":"closed","ping_status":"closed","template":"elementor_canvas","meta":{"footnotes":""},"class_list":["post-3027","page","type-page","status-publish","hentry"],"_links":{"self":[{"href":"https:\/\/cantabrico.cat\/es\/wp-json\/wp\/v2\/pages\/3027","targetHints":{"allow":["GET"]}}],"collection":[{"href":"https:\/\/cantabrico.cat\/es\/wp-json\/wp\/v2\/pages"}],"about":[{"href":"https:\/\/cantabrico.cat\/es\/wp-json\/wp\/v2\/types\/page"}],"author":[{"embeddable":true,"href":"https:\/\/cantabrico.cat\/es\/wp-json\/wp\/v2\/users\/1"}],"replies":[{"embeddable":true,"href":"https:\/\/cantabrico.cat\/es\/wp-json\/wp\/v2\/comments?post=3027"}],"version-history":[{"count":4,"href":"https:\/\/cantabrico.cat\/es\/wp-json\/wp\/v2\/pages\/3027\/revisions"}],"predecessor-version":[{"id":3032,"href":"https:\/\/cantabrico.cat\/es\/wp-json\/wp\/v2\/pages\/3027\/revisions\/3032"}],"wp:attachment":[{"href":"https:\/\/cantabrico.cat\/es\/wp-json\/wp\/v2\/media?parent=3027"}],"curies":[{"name":"wp","href":"https:\/\/api.w.org\/{rel}","templated":true}]}}